{"id":569,"date":"2023-02-02T09:55:34","date_gmt":"2023-02-02T07:55:34","guid":{"rendered":"https:\/\/blog.edu.turku.fi\/oppimisen-tuki\/?page_id=569"},"modified":"2025-11-26T14:54:06","modified_gmt":"2025-11-26T12:54:06","slug":"varhaiskasvatusryhman-tai-toimipaikan-vaihtaminen","status":"publish","type":"page","link":"https:\/\/blog.edu.turku.fi\/oppimisen-tuki\/koulutusasteet\/varhaiskasvatus\/lisatiedot\/sujuvat-siirtymat\/varhaiskasvatusryhman-tai-toimipaikan-vaihtaminen\/","title":{"rendered":"Varhaiskasvatusryhm\u00e4n tai toimipaikan vaihtaminen"},"content":{"rendered":"<p>Siirtyminen ryhm\u00e4st\u00e4 toiseen on yleinen lapsen varhaiskasvatuspolulla kohtaama siirtym\u00e4. Lapsi voi siirty\u00e4 pienten ryhm\u00e4st\u00e4 isompien lasten ryhm\u00e4\u00e4n tai toimipaikka voi vaihtua esimerkiksi perheen muuton vuoksi.<\/p>\n<p>Toimikausien vaihtuessa muutokset ryhm\u00e4n lapsissa ja henkil\u00f6st\u00f6ss\u00e4 ovat tavallisia. Muutoksia voi tapahtua my\u00f6s kesken kauden.<\/p>\n<ul>\n<li>tiedottakaa huoltajia asiasta mahdollisimman aikaisessa vaiheessa<\/li>\n<li>kun lapsen siirtyminen toiseen ryhm\u00e4\u00e4n tulee ajankohtaiseksi, valmistele lasta muutokseen<\/li>\n<li>huoltajat voivat ennakoida lapselle tulevaa siirtymist\u00e4 puhumalla asiasta lapsen kanssa<\/li>\n<li>lapsen siirtyess\u00e4 saman toimipaikan sis\u00e4ll\u00e4 tutustuminen uuteen ryhm\u00e4\u00e4n, tiloihin ja henkil\u00f6st\u00f6\u00f6n voidaan j\u00e4rjest\u00e4\u00e4 varhaiskasvatusp\u00e4iv\u00e4n aikana<\/li>\n<li>mahdollistakaa lapselle ja vanhemmille tutustuminen uuteen ryhm\u00e4\u00e4n tai p\u00e4iv\u00e4kotiin ennen siirtymist\u00e4<\/li>\n<li>varmista tiedonsiirto lapsen asioista (k\u00e4yt\u00e4 tiedonsiirtolomaketta)<\/li>\n<li>jos lapsella on tuen tarve, j\u00e4rjest\u00e4 siirtopalaveri, johon kutsutaan huoltajat sek\u00e4 uuden ja vanhan toimipaikan opettajat<\/li>\n<li>lapsen vaihtaessa ryhm\u00e4\u00e4 saman toimipaikan sis\u00e4ll\u00e4, lapsen varhaiskasvatussuunnitelma ja muut mahdolliset asiakirjat siirtyv\u00e4t automaattisesti ryhm\u00e4st\u00e4 toiseen<\/li>\n<\/ul>\n<p><strong>Tiedonsiirto pedagogisten asiakirjojen v\u00e4lityksell\u00e4<\/strong><\/p>\n<p>Tieto lapsista siirtyy lasten pedagogisten asiakirjojen v\u00e4lityksell\u00e4, joka varhaiskasvatuksessa on lapsen varhaiskasvatussuunnitelma. Tiedonsiirron ja tuen jatkuvuuden kannalta on t\u00e4rke\u00e4\u00e4, ett\u00e4 pedagoginen tuki on selke\u00e4sti avattu lapsen vasussa.<\/p>\n<p>Lapsen siirtyess\u00e4 Turun kaupungin sis\u00e4ll\u00e4 huoltajilta varmistetaan lupa tiedonsiirtoon erillisell\u00e4 lomakkeella (Dotku\/Extranet: Huoltajien kirjallinen suostumus tietojen luovuttamiseen ja k\u00e4sittelyyn)vain, jos siirret\u00e4\u00e4n muita asiakirjoja, kuin vasu.<\/p>\n<p><strong>Tuen jatkumo varmistetaan siirtopalaverilla<\/strong><\/p>\n<ul>\n<li>Tiedonsiirtopalaveri pidet\u00e4\u00e4n aina, kun lapsi siirtyy ryhm\u00e4st\u00e4 toiseen tai lapsen varhaiskasvatuspaikka muuttuu ja lapsen tuen jatkumo edellytt\u00e4\u00e4 tiedon siirtymist\u00e4<\/li>\n<li>Siirtopalaveri j\u00e4rjestet\u00e4\u00e4n yhdess\u00e4 huoltajien kanssa<\/li>\n<li>Palaveriin kutsutaan huoltajat, nykyisen ryhm\u00e4n opettaja sek\u00e4 uuden ryhm\u00e4n opettaja ja tarvittaessa muut\u00a0 asian kannalta tarpeelliset henkil\u00f6t<\/li>\n<li>Hoidolliseen tukeen liittyvien pitk\u00e4aikaissairauksien tai pysyv\u00e4n l\u00e4\u00e4kehoidon tapauksissa siirtopalaveri on erityisen t\u00e4rke\u00e4<\/li>\n<li>Siirtopalaveri voi olla tarpeen my\u00f6s monikielisten lasten kanssa, jotka vasta harjoittelevat opetuskielt\u00e4. Mik\u00e4li vanhempien suomen\/ruotsin kielentaito sit\u00e4 edellytt\u00e4\u00e4, k\u00e4yt\u00e4 tulkkia.<\/li>\n<li>L\u00e4hett\u00e4v\u00e4 opettaja vastaa siirtopalaverin koolle kutsumisesta, kun siirto tapahtuu toimipaikan sis\u00e4ll\u00e4. Siirtopalavereissa on aina huoltaja mukana<\/li>\n<\/ul>\n<p>Lapsen vasun tulee aina olla ajantasalla ja vastata lapsen kulloistakin lapsiryhm\u00e4\u00e4 ja oppimisymp\u00e4rist\u00f6\u00e4.<\/p>\n","protected":false},"excerpt":{"rendered":"<p>Siirtyminen ryhm\u00e4st\u00e4 toiseen on yleinen lapsen varhaiskasvatuspolulla kohtaama siirtym\u00e4. Lapsi voi siirty\u00e4 pienten ryhm\u00e4st\u00e4 isompien lasten ryhm\u00e4\u00e4n tai toimipaikka voi vaihtua esimerkiksi perheen muuton vuoksi. Joskus lapsen ryhm\u00e4n vaihtaminen voi li&#8230;<\/p>\n","protected":false},"author":3313,"featured_media":0,"parent":395,"menu_order":2,"comment_status":"closed","ping_status":"closed","template":"","meta":{"footnotes":""},"class_list":["post-569","page","type-page","status-publish","hentry"],"_links":{"self":[{"href":"https:\/\/blog.edu.turku.fi\/oppimisen-tuki\/wp-json\/wp\/v2\/pages\/569","targetHints":{"allow":["GET"]}}],"collection":[{"href":"https:\/\/blog.edu.turku.fi\/oppimisen-tuki\/wp-json\/wp\/v2\/pages"}],"about":[{"href":"https:\/\/blog.edu.turku.fi\/oppimisen-tuki\/wp-json\/wp\/v2\/types\/page"}],"author":[{"embeddable":true,"href":"https:\/\/blog.edu.turku.fi\/oppimisen-tuki\/wp-json\/wp\/v2\/users\/3313"}],"replies":[{"embeddable":true,"href":"https:\/\/blog.edu.turku.fi\/oppimisen-tuki\/wp-json\/wp\/v2\/comments?post=569"}],"version-history":[{"count":14,"href":"https:\/\/blog.edu.turku.fi\/oppimisen-tuki\/wp-json\/wp\/v2\/pages\/569\/revisions"}],"predecessor-version":[{"id":5527,"href":"https:\/\/blog.edu.turku.fi\/oppimisen-tuki\/wp-json\/wp\/v2\/pages\/569\/revisions\/5527"}],"up":[{"embeddable":true,"href":"https:\/\/blog.edu.turku.fi\/oppimisen-tuki\/wp-json\/wp\/v2\/pages\/395"}],"wp:attachment":[{"href":"https:\/\/blog.edu.turku.fi\/oppimisen-tuki\/wp-json\/wp\/v2\/media?parent=569"}],"curies":[{"name":"wp","href":"https:\/\/api.w.org\/{rel}","templated":true}]}}