{"id":567,"date":"2023-02-02T09:49:00","date_gmt":"2023-02-02T07:49:00","guid":{"rendered":"https:\/\/blog.edu.turku.fi\/oppimisen-tuki\/?page_id=567"},"modified":"2025-11-14T09:51:37","modified_gmt":"2025-11-14T07:51:37","slug":"varhaiskasvatuksen-aloitus","status":"publish","type":"page","link":"https:\/\/blog.edu.turku.fi\/oppimisen-tuki\/koulutusasteet\/varhaiskasvatus\/lisatiedot\/sujuvat-siirtymat\/varhaiskasvatuksen-aloitus\/","title":{"rendered":"Varhaiskasvatuksen aloitus"},"content":{"rendered":"<p>Varhaiskasvatuksen aloitus on aina iso muutos lapsen el\u00e4m\u00e4ss\u00e4. Osa tottuu muutokseen nopeammin, toisilla sopeutuminen kotihoidosta uuteen instituutioon vie enemm\u00e4n aikaa. Aloittamiseen liittyy paljon tunteita ja odotuksia. J\u00e4nnityst\u00e4 ja mahdollista eroahdistusta ei voi poistaa, mutta sill\u00e4 miten aikuiset (henkil\u00f6st\u00f6 ja huoltajat) toimivat, on suuri merkitys sille, miten varhaiskasvatuksen aloitus lapsen n\u00e4k\u00f6kulmasta onnistuu.<\/p>\n<p>Huoltajien ja varhaiskasvatushenkil\u00f6st\u00f6n v\u00e4liseen luottamuksen rakentamiseen on t\u00e4rke\u00e4\u00e4 panostaa tutustumisesta alkaen. Huoltajien kokemuksellinen tieto lapsesta on varhaiskasvatuksen toteutukselle aina merkityksellist\u00e4. Huoltajien luottamuksen kautta vahvistuu my\u00f6s lapsen luottamus ryhm\u00e4n henkil\u00f6st\u00f6\u00f6n ja varhaiskasvatukseen.<\/p>\n<p>Varhaiskasvatuksen aloituksessa on t\u00e4rke\u00e4\u00e4 my\u00f6s panostaa varhaiskasvatuksen ja huoltajien v\u00e4liseen viestint\u00e4\u00e4n. Kerro huoltajalle mit\u00e4 viestint\u00e4v\u00e4lineit\u00e4 ja kanavia (eVaka, ryhm\u00e4n puhelinnumero, p\u00e4iv\u00e4kodin johtaja yhteystiedot) k\u00e4ytet\u00e4\u00e4n asioista tiedottamiseen.<\/p>\n<p><strong>Tutustuminen ja pehme\u00e4 aloitus<\/strong><\/p>\n<p>On t\u00e4rke\u00e4\u00e4, ett\u00e4 lapsi p\u00e4\u00e4see tutustumaan p\u00e4iv\u00e4kotiin tai perhep\u00e4iv\u00e4hoitoon ennen kuin lapsi j\u00e4\u00e4 varhaiskasvatukseen ilman huoltajaa. Tutustumisk\u00e4ynnit tukevat lapsen sopeutumista varhaiskasvatukseen. Tutustumisen aikana huoltajat n\u00e4kev\u00e4t varhaiskasvatuksen toimintatapoja ja henkil\u00f6st\u00f6 tutustuu lapseen ja vanhempiin.<\/p>\n<p>Pehme\u00e4 aloitus luo turvallisen alun lapsen varhaiskasvatukselle. Mik\u00e4li tilanne sen sallii, varhaiskasvatus kannattaa aloittaa lyhyill\u00e4 p\u00e4ivill\u00e4, joita pikkuhiljaa pidennet\u00e4\u00e4n. Aloituksessa on t\u00e4rke\u00e4\u00e4 tukea lapsen ryhm\u00e4\u00e4n liittymist\u00e4 sek\u00e4 varmistaa, ett\u00e4 henkil\u00f6st\u00f6 ehtii havainnoida uutta lasta ja keskitty\u00e4 vuorovaikutukseen juuri h\u00e4nen kanssaan.<\/p>\n<pre>Kerro huoltajille, ett\u00e4 he ovat tervetulleita p\u00e4iv\u00e4kotiin tukemaan lapsensa varhaiskasvatuksen aloitusta. \n\nHuoltaja saa olla lapsen mukana p\u00e4iv\u00e4kodissa useampana p\u00e4iv\u00e4n\u00e4. \n\nSopiva tutustumisk\u00e4yntien m\u00e4\u00e4r\u00e4 riippuu lapsesta sek\u00e4 perheen tilanteesta ja toiveista.<\/pre>\n<p>Lapsen hoitosopimus m\u00e4\u00e4ritell\u00e4\u00e4n alkavaksi siit\u00e4 p\u00e4iv\u00e4st\u00e4 alkaen, kun lapsi j\u00e4\u00e4 varhaiskasvatukseen ensi kerran ilman huoltajaa. Hoitosopimuksen huoltajien kanssa tekee toimipaikan johtaja.<\/p>\n<p>Ensimm\u00e4isin\u00e4 p\u00e4ivin\u00e4 kannattaa varata lapsen tulo- ja hakutilanteisiin tavallista enemm\u00e4n aikaa, jotta ehdit keskustelemaan huoltajien kanssa tavallista tarkemmin. Tarpeen mukaan voit my\u00f6s l\u00e4hett\u00e4\u00e4 huoltajalle viestin lapsen varhaiskasvatusp\u00e4iv\u00e4n aikana siit\u00e4, miten lapsella menee.<\/p>\n<p>Aloitusta voi my\u00f6s dokumentoida esimerkiksi valokuvien avulla, joista vanhemmat n\u00e4kev\u00e4t konkreettisesti, mit\u00e4 p\u00e4iv\u00e4n aikana tapahtuu.<\/p>\n<p><strong>Alkukeskustelu<\/strong><\/p>\n<p>Kun lapsi aloittaa varhaiskasvatuksessa, huoltajien kanssa pidet\u00e4\u00e4n keskustelu, jonka avulla jaetaan huoltajat saavat tietoa varhaiskasvatuksesta ja varhaiskasvatuksen henkil\u00f6st\u00f6 lapsesta ja lapsen tavoista, tottumuksista ja tarpeista.<\/p>\n<p>Keskustelun tukena k\u00e4ytet\u00e4\u00e4n alkukeskustelu-lomaketta, jonka huoltajat t\u00e4ytt\u00e4v\u00e4t varhaiskasvatukseen tutustumisen aikana. Lomake tukee vanhempien ja varhaiskasvatushenkil\u00f6st\u00f6n v\u00e4list\u00e4 yhteisty\u00f6t\u00e4 ja antaa huoltajille tietoa siit\u00e4, mink\u00e4laisia asioita on hyv\u00e4 pohtia lapsen aloittaessa varhaiskasvatuksessa.<\/p>\n<p>Lomake k\u00e4yd\u00e4\u00e4n alkukeskustelussa l\u00e4pi, ja siin\u00e4 on tilaa yhdess\u00e4 sovittaville asioille.\u00a0 Alkukeskustelussa puhutaan lapsen kasvua ja kehityst\u00e4 koskevista asioista, sek\u00e4 asioista, jotka ovat t\u00e4rkeit\u00e4 huoltajien ja varhaiskasvatuksen v\u00e4lisess\u00e4 yhteisty\u00f6ss\u00e4. Pedagogiikan suunnittelun kannalta olennaiset asiat lomakkeesta kirjataan lapsen varhaiskasvatussuunnitelmaan.<\/p>\n","protected":false},"excerpt":{"rendered":"<p>Varhaiskasvatuksen aloitus Varhaiskasvatuksen aloitus on aina iso muutos lapsen el\u00e4m\u00e4ss\u00e4. Osa tottuu varhaiskasvatuksen arkeen nopeammin, toisilla sopeutuminen kotihoidosta uuteen instituutioon vie enemm\u00e4n aikaa. Aloittamiseen lii&#8230;<\/p>\n","protected":false},"author":3313,"featured_media":0,"parent":395,"menu_order":1,"comment_status":"closed","ping_status":"closed","template":"","meta":{"footnotes":""},"class_list":["post-567","page","type-page","status-publish","hentry"],"_links":{"self":[{"href":"https:\/\/blog.edu.turku.fi\/oppimisen-tuki\/wp-json\/wp\/v2\/pages\/567","targetHints":{"allow":["GET"]}}],"collection":[{"href":"https:\/\/blog.edu.turku.fi\/oppimisen-tuki\/wp-json\/wp\/v2\/pages"}],"about":[{"href":"https:\/\/blog.edu.turku.fi\/oppimisen-tuki\/wp-json\/wp\/v2\/types\/page"}],"author":[{"embeddable":true,"href":"https:\/\/blog.edu.turku.fi\/oppimisen-tuki\/wp-json\/wp\/v2\/users\/3313"}],"replies":[{"embeddable":true,"href":"https:\/\/blog.edu.turku.fi\/oppimisen-tuki\/wp-json\/wp\/v2\/comments?post=567"}],"version-history":[{"count":21,"href":"https:\/\/blog.edu.turku.fi\/oppimisen-tuki\/wp-json\/wp\/v2\/pages\/567\/revisions"}],"predecessor-version":[{"id":5498,"href":"https:\/\/blog.edu.turku.fi\/oppimisen-tuki\/wp-json\/wp\/v2\/pages\/567\/revisions\/5498"}],"up":[{"embeddable":true,"href":"https:\/\/blog.edu.turku.fi\/oppimisen-tuki\/wp-json\/wp\/v2\/pages\/395"}],"wp:attachment":[{"href":"https:\/\/blog.edu.turku.fi\/oppimisen-tuki\/wp-json\/wp\/v2\/media?parent=567"}],"curies":[{"name":"wp","href":"https:\/\/api.w.org\/{rel}","templated":true}]}}