{"id":5408,"date":"2025-10-16T12:23:28","date_gmt":"2025-10-16T09:23:28","guid":{"rendered":"https:\/\/blog.edu.turku.fi\/oppimisen-tuki\/?page_id=5408"},"modified":"2026-03-13T10:40:15","modified_gmt":"2026-03-13T08:40:15","slug":"nuorisotyo","status":"publish","type":"page","link":"https:\/\/blog.edu.turku.fi\/oppimisen-tuki\/koulutusasteet\/lukiokoulutus\/toimijat\/nuorisotyo\/","title":{"rendered":"Nuorisoty\u00f6"},"content":{"rendered":"\n<p>Nuorille on Turussa tarjolla monenlaisia nuorisopalveluita niin vapaa-ajan viettoon kuin tueksi ja syrj\u00e4ytymisen ehk\u00e4isemiseksi. <\/p>\n\n\n\n<p class=\"has-text-color has-link-color wp-elements-14747e52dd06d6bdc5abdc4275efc150\" style=\"color:#4e56b1\"><strong>Nuorten palvelut:<\/strong> <a href=\"https:\/\/www.turku.fi\/nuoret\">Nuoret | Turku.fi<\/a><\/p>\n\n\n\n<p>Turussa on monenlaisia nuorisopalveluja tarjolla, kuten:<\/p>\n\n\n\n<ul class=\"wp-block-list\">\n<li>Nuorisotilat<\/li>\n\n\n\n<li>Kahvila ja y\u00f6kahvila Vimmassa<\/li>\n\n\n\n<li>Taidepajat Vimmassa<\/li>\n\n\n\n<li>Turku game academy<\/li>\n\n\n\n<li>Turku rock academy ja muu musiikkitoiminta<\/li>\n\n\n\n<li>Skeittihalli<\/li>\n\n\n\n<li>Kirjasto<\/li>\n<\/ul>\n\n\n\n<p class=\"has-text-color has-link-color wp-elements-e3c5326acacb40071523467e6e19aa42\" style=\"color:#4e56b1\"><strong>Ohjaamo:<\/strong> <a href=\"https:\/\/www.turku.fi\/nuoret\/nuorten-neuvontatalo-hjelt\" target=\"_blank\" rel=\"noreferrer noopener\">Nuorten neuvontatalo Hjelt | Turku.fi<\/a><\/p>\n\n\n\n<p>Nuorten neuvontatalo Hjeltiin ovat\u00a0tervetulleita kaikki 16\u201329-vuotiaat erilaisissa mielt\u00e4 askarruttavissa asioissa. Neuvoa voi kysy\u00e4 esimerkiksi:<\/p>\n\n\n\n<ul class=\"wp-block-list\">\n<li>raha-asioihin,<\/li>\n\n\n\n<li>asumiseen,<\/li>\n\n\n\n<li>koulutukseen,<\/li>\n\n\n\n<li>ty\u00f6nhakuun,<\/li>\n\n\n\n<li>vapaa-aikaan<\/li>\n\n\n\n<li>tai hyvinvointiin liittyen.<\/li>\n\n\n\n<li><\/li>\n\n\n\n<li>Kaikki palvelut ovat maksuttomia, vapaaehtoisia ja luottamuksellisia.<\/li>\n<\/ul>\n\n\n\n<p>L\u00e4hde ja lis\u00e4tietoa: <a href=\"https:\/\/ohjaamot.fi\/web\/ohjaamo-turku\">https:\/\/ohjaamot.fi\/web\/ohjaamo-turku<\/a><\/p>\n\n\n\n<p><\/p>\n\n\n\n<p class=\"has-text-color has-link-color wp-elements-71df1916da8e2487390c1f2dbb450f9a\" style=\"color:#4e56b1\"><strong>Etsiv\u00e4 nuorisoty\u00f6<\/strong>: <a href=\"https:\/\/www.turku.fi\/nuoret\/etsiva-nuorisotyo\" target=\"_blank\" rel=\"noreferrer noopener\">Etsiv\u00e4 nuorisoty\u00f6 | Turku.fi<\/a><\/p>\n\n\n\n<p>Etsiv\u00e4ss\u00e4 nuorisoty\u00f6ss\u00e4 kohdataan alle 29-vuotiaita nuoria, jotka tarvitsevat arjessaan tukea sek\u00e4 n\u00e4kymi\u00e4 tulevaisuuteen. Etsiv\u00e4 nuorisoty\u00f6 tavoittelee tuen tarpeessa olevia nuoria ja auttaa heit\u00e4 sellaisten palvelujen ja muun tuen piiriin, joilla edistet\u00e4\u00e4n heid\u00e4n kasvuaan, itsen\u00e4istymist\u00e4\u00e4n, osallisuuttaan yhteiskuntaan ja muuta el\u00e4m\u00e4nhallintaansa sek\u00e4 p\u00e4\u00e4sy\u00e4\u00e4n koulutukseen ja ty\u00f6markkinoille (Nuorisolaki 1285\/2016).<\/p>\n\n\n\n<p>Oppilaitoksilla on ilmoitusvelvollisuus opinnot keskeytt\u00e4neist\u00e4 nuorista etsiv\u00e4lle nuorisoty\u00f6lle. Etsiv\u00e4n nuorisoty\u00f6ntekij\u00e4n voi my\u00f6s kutsua koululle ennakoivasti esimerkiksi silloin kun opiskelijan opinnot ovat vaarassa keskeyty\u00e4. <\/p>\n\n\n\n<p>L\u00e4hde ja lis\u00e4tietoa etsiv\u00e4st\u00e4 nuorisoty\u00f6st\u00e4: <a href=\"https:\/\/www.intory.fi\/etsiva-nuorisotyo\/\">https:\/\/www.intory.fi\/etsiva-nuorisotyo\/<\/a><\/p>\n\n\n\n<p><\/p>\n","protected":false},"excerpt":{"rendered":"<p>Nuorille on Turussa tarjolla monenlaisia nuorisopalveluita niin vapaa-ajan viettoon kuin tueksi ja syrj\u00e4ytymisen ehk\u00e4isemiseksi. Nuorten palvelut: Nuoret | Turku.fi Turussa on monenlaisia nuorisopalveluja tarjolla, kuten: Ohjaamo: Nuorten neuvontatalo Hjelt | Turku.fi Nuorten neuvontatalo Hjeltiin ovat\u00a0tervetulleita kaikki 16\u201329-vuotiaat erilaisissa mielt\u00e4 askarruttavissa<\/p>\n","protected":false},"author":3429,"featured_media":0,"parent":4620,"menu_order":0,"comment_status":"closed","ping_status":"closed","template":"","meta":{"footnotes":""},"class_list":["post-5408","page","type-page","status-publish","hentry"],"_links":{"self":[{"href":"https:\/\/blog.edu.turku.fi\/oppimisen-tuki\/wp-json\/wp\/v2\/pages\/5408","targetHints":{"allow":["GET"]}}],"collection":[{"href":"https:\/\/blog.edu.turku.fi\/oppimisen-tuki\/wp-json\/wp\/v2\/pages"}],"about":[{"href":"https:\/\/blog.edu.turku.fi\/oppimisen-tuki\/wp-json\/wp\/v2\/types\/page"}],"author":[{"embeddable":true,"href":"https:\/\/blog.edu.turku.fi\/oppimisen-tuki\/wp-json\/wp\/v2\/users\/3429"}],"replies":[{"embeddable":true,"href":"https:\/\/blog.edu.turku.fi\/oppimisen-tuki\/wp-json\/wp\/v2\/comments?post=5408"}],"version-history":[{"count":7,"href":"https:\/\/blog.edu.turku.fi\/oppimisen-tuki\/wp-json\/wp\/v2\/pages\/5408\/revisions"}],"predecessor-version":[{"id":5841,"href":"https:\/\/blog.edu.turku.fi\/oppimisen-tuki\/wp-json\/wp\/v2\/pages\/5408\/revisions\/5841"}],"up":[{"embeddable":true,"href":"https:\/\/blog.edu.turku.fi\/oppimisen-tuki\/wp-json\/wp\/v2\/pages\/4620"}],"wp:attachment":[{"href":"https:\/\/blog.edu.turku.fi\/oppimisen-tuki\/wp-json\/wp\/v2\/media?parent=5408"}],"curies":[{"name":"wp","href":"https:\/\/api.w.org\/{rel}","templated":true}]}}