{"id":5381,"date":"2025-10-13T14:48:48","date_gmt":"2025-10-13T11:48:48","guid":{"rendered":"https:\/\/blog.edu.turku.fi\/oppimisen-tuki\/?page_id=5381"},"modified":"2025-10-30T10:11:54","modified_gmt":"2025-10-30T08:11:54","slug":"yhteisopedagogi","status":"publish","type":"page","link":"https:\/\/blog.edu.turku.fi\/oppimisen-tuki\/koulutusasteet\/lukiokoulutus\/toimijat\/yhteisopedagogi\/","title":{"rendered":"Yhteis\u00f6pedagogi"},"content":{"rendered":"\n<p>Lukion yhteis\u00f6pedagogi on opetukseen sitomaton kasvatusalan ammattilainen, joka tavoitteena on vahvistaa opiskelijoiden osallisuutta, opiskeluhyvinvointia sek\u00e4 koko lukion yhteis\u00f6llist\u00e4 toimintakulttuuria.&nbsp;<\/p>\n\n\n\n<p>Yhteis\u00f6pedagogi:&nbsp;<\/p>\n\n\n\n<ul class=\"wp-block-list\">\n<li>osallistuu uusien opiskelijoiden ryhm\u00e4ytt\u00e4misen suunnitteluun ja toteutukseen sek\u00e4 tukee henkil\u00f6st\u00f6\u00e4 jatkuvan ryhm\u00e4ytt\u00e4misen k\u00e4yt\u00e4nn\u00f6iss\u00e4\u00a0<\/li>\n\n\n\n<li>hy\u00f6dynt\u00e4\u00e4 ty\u00f6ss\u00e4\u00e4n nuorisoty\u00f6llisi\u00e4 menetelmi\u00e4 j\u00e4rjest\u00e4en opiskelijoille mm. hyvinvointikahviloita, taukotoimintaa ja teemap\u00e4ivi\u00e4\u00a0\u00a0<\/li>\n\n\n\n<li>kohtaa opiskelijoita kiireett\u00f6m\u00e4sti ja j\u00e4rjest\u00e4\u00e4 palauttavaa ja virkist\u00e4v\u00e4\u00e4 tekemist\u00e4 oppituntien v\u00e4lille\u00a0<\/li>\n\n\n\n<li>tukee ja vahvistaa opiskelijoiden vertaissuhteita sek\u00e4 ennaltaehk\u00e4isee opiskelijoiden yksin\u00e4isyytt\u00e4 ja syrj\u00e4ytymist\u00e4\u00a0<\/li>\n\n\n\n<li>tekee opetushenkil\u00f6st\u00f6n kanssa yhteisty\u00f6t\u00e4 oppituntien aikana esimerkiksi ryhm\u00e4dynamiikkaan liittyviss\u00e4 asioissa\u00a0<\/li>\n\n\n\n<li>osallistuu kodin ja oppilaitoksen v\u00e4liseen yhteisty\u00f6h\u00f6n muun muassa kotiv\u00e4en illoissa\u00a0<\/li>\n\n\n\n<li>tekee moniammatillista yhteisty\u00f6t\u00e4 lukion, opiskeluhuollon ja kolmannen sektorin kanssa\u00a0<\/li>\n\n\n\n<li>ei kirjaa, eik\u00e4 osallistu opiskelijan arviointiin\u00a0<\/li>\n<\/ul>\n\n\n\n<details class=\"wp-block-details is-layout-flow wp-block-details-is-layout-flow\"><summary>L\u00e4hteet:<\/summary>\n<p><em>Yhteis\u00f6pedagogien ty\u00f6teht\u00e4v\u00e4n pilotointi raportti 2025. <br>Yhteis\u00f6llisyydell\u00e4 hyvinvointia Turun kouluihin II<\/em>.<\/p>\n<\/details>\n","protected":false},"excerpt":{"rendered":"<p>Lukion yhteis\u00f6pedagogi on opetukseen sitomaton kasvatusalan ammattilainen, joka tavoitteena on vahvistaa opiskelijoiden osallisuutta, opiskeluhyvinvointia sek\u00e4 koko lukion yhteis\u00f6llist\u00e4 toimintakulttuuria.&nbsp; Yhteis\u00f6pedagogi:&nbsp;<\/p>\n","protected":false},"author":3429,"featured_media":0,"parent":4620,"menu_order":0,"comment_status":"closed","ping_status":"closed","template":"","meta":{"footnotes":""},"class_list":["post-5381","page","type-page","status-publish","hentry"],"_links":{"self":[{"href":"https:\/\/blog.edu.turku.fi\/oppimisen-tuki\/wp-json\/wp\/v2\/pages\/5381","targetHints":{"allow":["GET"]}}],"collection":[{"href":"https:\/\/blog.edu.turku.fi\/oppimisen-tuki\/wp-json\/wp\/v2\/pages"}],"about":[{"href":"https:\/\/blog.edu.turku.fi\/oppimisen-tuki\/wp-json\/wp\/v2\/types\/page"}],"author":[{"embeddable":true,"href":"https:\/\/blog.edu.turku.fi\/oppimisen-tuki\/wp-json\/wp\/v2\/users\/3429"}],"replies":[{"embeddable":true,"href":"https:\/\/blog.edu.turku.fi\/oppimisen-tuki\/wp-json\/wp\/v2\/comments?post=5381"}],"version-history":[{"count":3,"href":"https:\/\/blog.edu.turku.fi\/oppimisen-tuki\/wp-json\/wp\/v2\/pages\/5381\/revisions"}],"predecessor-version":[{"id":5385,"href":"https:\/\/blog.edu.turku.fi\/oppimisen-tuki\/wp-json\/wp\/v2\/pages\/5381\/revisions\/5385"}],"up":[{"embeddable":true,"href":"https:\/\/blog.edu.turku.fi\/oppimisen-tuki\/wp-json\/wp\/v2\/pages\/4620"}],"wp:attachment":[{"href":"https:\/\/blog.edu.turku.fi\/oppimisen-tuki\/wp-json\/wp\/v2\/media?parent=5381"}],"curies":[{"name":"wp","href":"https:\/\/api.w.org\/{rel}","templated":true}]}}