{"id":4881,"date":"2025-08-11T12:35:15","date_gmt":"2025-08-11T09:35:15","guid":{"rendered":"https:\/\/blog.edu.turku.fi\/oppimisen-tuki\/?page_id=4881"},"modified":"2026-03-16T13:39:05","modified_gmt":"2026-03-16T11:39:05","slug":"psykologi","status":"publish","type":"page","link":"https:\/\/blog.edu.turku.fi\/oppimisen-tuki\/koulutusasteet\/lukiokoulutus\/toimijat\/psykologi\/","title":{"rendered":"Psykologi"},"content":{"rendered":"\n<p>Opintopsykologi toimii lukiossa psyykkisen kehityksen, oppimisen ja mielen hyvinvoinnin asiantuntijana. Tavallisia opintopsykologin vastaanotolle hakeutumisen syit\u00e4 ovat mm. stressi, alakuloisuus, ahdistuneisuus tai oppimis-\u00ad ja keskittymisvaikeudet. Yhteytt\u00e4 voivat ottaa opiskelija itse, vanhemmat, koulun henkil\u00f6st\u00f6 ja muut yhteisty\u00f6kumppanit. Opintopsykologit tekev\u00e4t tiivist\u00e4 yhteisty\u00f6t\u00e4 opetushenkil\u00f6kunnan ja lukion muiden ammattihenkil\u00f6iden kanssa. Yhteisty\u00f6n tavoitteena on koko oppilaitosyhteis\u00f6n hyvinvointi.\u00a0<\/p>\n\n\n\n<p>Lue lis\u00e4\u00e4: <a href=\"https:\/\/www.varha.fi\/fi\/palveluhakemisto\/koulu-ja-opintopsykologipalvelut\" target=\"_blank\" rel=\"noreferrer noopener\">Koulu- ja opintopsykologipalvelut | Varha<\/a>&nbsp;<\/p>\n\n\n\n<details class=\"wp-block-details is-layout-flow wp-block-details-is-layout-flow\"><summary>L\u00e4hde:<\/summary>\n<p><em>Turun paikallinen lukion opetussuunnitelma 2019 luku 4.3.2.<\/em>&nbsp;<\/p>\n<\/details>\n\n\n\n<p><\/p>\n","protected":false},"excerpt":{"rendered":"<p>Opintopsykologi toimii lukiossa psyykkisen kehityksen, oppimisen ja mielen hyvinvoinnin asiantuntijana. Tavallisia opintopsykologin vastaanotolle hakeutumisen syit\u00e4 ovat mm. stressi, alakuloisuus, ahdistuneisuus tai oppimis-\u00ad ja keskittymisvaikeudet. Yhteytt\u00e4 voivat ottaa opiskelija itse, vanhemmat, koulun henkil\u00f6st\u00f6 ja muut yhteisty\u00f6kumppanit. Opintopsykologit tekev\u00e4t tiivist\u00e4 yhteisty\u00f6t\u00e4 opetushenkil\u00f6kunnan<\/p>\n","protected":false},"author":3429,"featured_media":0,"parent":4620,"menu_order":0,"comment_status":"closed","ping_status":"closed","template":"","meta":{"footnotes":""},"class_list":["post-4881","page","type-page","status-publish","hentry"],"_links":{"self":[{"href":"https:\/\/blog.edu.turku.fi\/oppimisen-tuki\/wp-json\/wp\/v2\/pages\/4881","targetHints":{"allow":["GET"]}}],"collection":[{"href":"https:\/\/blog.edu.turku.fi\/oppimisen-tuki\/wp-json\/wp\/v2\/pages"}],"about":[{"href":"https:\/\/blog.edu.turku.fi\/oppimisen-tuki\/wp-json\/wp\/v2\/types\/page"}],"author":[{"embeddable":true,"href":"https:\/\/blog.edu.turku.fi\/oppimisen-tuki\/wp-json\/wp\/v2\/users\/3429"}],"replies":[{"embeddable":true,"href":"https:\/\/blog.edu.turku.fi\/oppimisen-tuki\/wp-json\/wp\/v2\/comments?post=4881"}],"version-history":[{"count":3,"href":"https:\/\/blog.edu.turku.fi\/oppimisen-tuki\/wp-json\/wp\/v2\/pages\/4881\/revisions"}],"predecessor-version":[{"id":5863,"href":"https:\/\/blog.edu.turku.fi\/oppimisen-tuki\/wp-json\/wp\/v2\/pages\/4881\/revisions\/5863"}],"up":[{"embeddable":true,"href":"https:\/\/blog.edu.turku.fi\/oppimisen-tuki\/wp-json\/wp\/v2\/pages\/4620"}],"wp:attachment":[{"href":"https:\/\/blog.edu.turku.fi\/oppimisen-tuki\/wp-json\/wp\/v2\/media?parent=4881"}],"curies":[{"name":"wp","href":"https:\/\/api.w.org\/{rel}","templated":true}]}}