{"id":4879,"date":"2025-08-11T12:34:39","date_gmt":"2025-08-11T09:34:39","guid":{"rendered":"https:\/\/blog.edu.turku.fi\/oppimisen-tuki\/?page_id=4879"},"modified":"2026-03-16T13:38:12","modified_gmt":"2026-03-16T11:38:12","slug":"psykiatrinen-sairaanhoitaja","status":"publish","type":"page","link":"https:\/\/blog.edu.turku.fi\/oppimisen-tuki\/koulutusasteet\/lukiokoulutus\/toimijat\/psykiatrinen-sairaanhoitaja\/","title":{"rendered":"Psykiatrinen sairaanhoitaja"},"content":{"rendered":"\n<p>Psykiatrinen sairaanhoitaja auttaa mielenterveyden hoidossa. Psykiatrinen sairaanhoitaja auttaa esimerkiksi silloin, kun opiskelijan psyykkisess\u00e4 kehityksess\u00e4 tai opiskelukyvyss\u00e4 tarvitaan asiantuntija-apua tai psyykkist\u00e4 kriisitukea.\u00a0<\/p>\n\n\n\n<p>Psykiatrisen sairaanhoitajan vastaanotolle p\u00e4\u00e4see terveydenhoitajan, l\u00e4\u00e4k\u00e4rin tai opintopsykologin l\u00e4hetteell\u00e4\/ohjauksesta.<\/p>\n\n\n\n<details class=\"wp-block-details is-layout-flow wp-block-details-is-layout-flow\"><summary>L\u00e4hde:<\/summary>\n<p><a href=\"https:\/\/blog.edu.turku.fi\/ohjaus-ja-tuki-lukioissa\/fi\/\" target=\"_blank\" rel=\"noreferrer noopener\"><em>Ohjaus ja tuki Turun lukioissa<\/em><\/a>&nbsp;<\/p>\n<\/details>\n","protected":false},"excerpt":{"rendered":"<p>Psykiatrinen sairaanhoitaja auttaa mielenterveyden hoidossa. Psykiatrinen sairaanhoitaja auttaa esimerkiksi silloin, kun opiskelijan psyykkisess\u00e4 kehityksess\u00e4 tai opiskelukyvyss\u00e4 tarvitaan asiantuntija-apua tai psyykkist\u00e4 kriisitukea.\u00a0 Psykiatrisen sairaanhoitajan vastaanotolle p\u00e4\u00e4see terveydenhoitajan, l\u00e4\u00e4k\u00e4rin tai opintopsykologin l\u00e4hetteell\u00e4\/ohjauksesta.<\/p>\n","protected":false},"author":3429,"featured_media":0,"parent":4620,"menu_order":0,"comment_status":"closed","ping_status":"closed","template":"","meta":{"footnotes":""},"class_list":["post-4879","page","type-page","status-publish","hentry"],"_links":{"self":[{"href":"https:\/\/blog.edu.turku.fi\/oppimisen-tuki\/wp-json\/wp\/v2\/pages\/4879","targetHints":{"allow":["GET"]}}],"collection":[{"href":"https:\/\/blog.edu.turku.fi\/oppimisen-tuki\/wp-json\/wp\/v2\/pages"}],"about":[{"href":"https:\/\/blog.edu.turku.fi\/oppimisen-tuki\/wp-json\/wp\/v2\/types\/page"}],"author":[{"embeddable":true,"href":"https:\/\/blog.edu.turku.fi\/oppimisen-tuki\/wp-json\/wp\/v2\/users\/3429"}],"replies":[{"embeddable":true,"href":"https:\/\/blog.edu.turku.fi\/oppimisen-tuki\/wp-json\/wp\/v2\/comments?post=4879"}],"version-history":[{"count":3,"href":"https:\/\/blog.edu.turku.fi\/oppimisen-tuki\/wp-json\/wp\/v2\/pages\/4879\/revisions"}],"predecessor-version":[{"id":5862,"href":"https:\/\/blog.edu.turku.fi\/oppimisen-tuki\/wp-json\/wp\/v2\/pages\/4879\/revisions\/5862"}],"up":[{"embeddable":true,"href":"https:\/\/blog.edu.turku.fi\/oppimisen-tuki\/wp-json\/wp\/v2\/pages\/4620"}],"wp:attachment":[{"href":"https:\/\/blog.edu.turku.fi\/oppimisen-tuki\/wp-json\/wp\/v2\/media?parent=4879"}],"curies":[{"name":"wp","href":"https:\/\/api.w.org\/{rel}","templated":true}]}}