{"id":4877,"date":"2025-08-11T12:33:37","date_gmt":"2025-08-11T09:33:37","guid":{"rendered":"https:\/\/blog.edu.turku.fi\/oppimisen-tuki\/?page_id=4877"},"modified":"2025-09-17T12:24:32","modified_gmt":"2025-09-17T09:24:32","slug":"terveydenhoitaja","status":"publish","type":"page","link":"https:\/\/blog.edu.turku.fi\/oppimisen-tuki\/koulutusasteet\/lukiokoulutus\/toimijat\/terveydenhoitaja\/","title":{"rendered":"Terveydenhoitaja"},"content":{"rendered":"\n<p>Terveydenhoitaja auttaa terveyteen ja hyvinvointiin liittyviss\u00e4 asioissa. Muun muassa kasvuun ja kehitykseen, uneen ja nukkumiseen, ravintoon ja sy\u00f6miseen, liikuntaan, mielialaan, terveystarkastuksiin tai rokotuksiin liittyvist\u00e4 asioissa. Terveydenhoitaja suorittaa my\u00f6s yhdess\u00e4 koulul\u00e4\u00e4k\u00e4rin kanssa terveystarkastukset ensimm\u00e4isen\u00e4 ja toisena lukiovuotena ja ohjaa tarvittaessa jatkotoimenpiteisiin.&nbsp;&nbsp;<\/p>\n\n\n\n<details class=\"wp-block-details is-layout-flow wp-block-details-is-layout-flow\"><summary>L\u00e4hde:<\/summary>\n<p><a href=\"https:\/\/blog.edu.turku.fi\/ohjaus-ja-tuki-lukioissa\/fi\/\" target=\"_blank\" rel=\"noreferrer noopener\"><em>Ohjaus ja tuki Turun lukioissa<\/em><\/a><em>\u00a0<\/em>\u00a0<\/p>\n<\/details>\n\n\n\n<p><\/p>\n","protected":false},"excerpt":{"rendered":"<p>Terveydenhoitaja auttaa terveyteen ja hyvinvointiin liittyviss\u00e4 asioissa. Muun muassa kasvuun ja kehitykseen, uneen ja nukkumiseen, ravintoon ja sy\u00f6miseen, liikuntaan, mielialaan, terveystarkastuksiin tai rokotuksiin liittyvist\u00e4 asioissa. Terveydenhoitaja suorittaa my\u00f6s yhdess\u00e4 koulul\u00e4\u00e4k\u00e4rin kanssa terveystarkastukset ensimm\u00e4isen\u00e4 ja toisena lukiovuotena ja ohjaa tarvittaessa jatkotoimenpiteisiin.&nbsp;&nbsp;<\/p>\n","protected":false},"author":3429,"featured_media":0,"parent":4620,"menu_order":0,"comment_status":"closed","ping_status":"closed","template":"","meta":{"footnotes":""},"class_list":["post-4877","page","type-page","status-publish","hentry"],"_links":{"self":[{"href":"https:\/\/blog.edu.turku.fi\/oppimisen-tuki\/wp-json\/wp\/v2\/pages\/4877","targetHints":{"allow":["GET"]}}],"collection":[{"href":"https:\/\/blog.edu.turku.fi\/oppimisen-tuki\/wp-json\/wp\/v2\/pages"}],"about":[{"href":"https:\/\/blog.edu.turku.fi\/oppimisen-tuki\/wp-json\/wp\/v2\/types\/page"}],"author":[{"embeddable":true,"href":"https:\/\/blog.edu.turku.fi\/oppimisen-tuki\/wp-json\/wp\/v2\/users\/3429"}],"replies":[{"embeddable":true,"href":"https:\/\/blog.edu.turku.fi\/oppimisen-tuki\/wp-json\/wp\/v2\/comments?post=4877"}],"version-history":[{"count":3,"href":"https:\/\/blog.edu.turku.fi\/oppimisen-tuki\/wp-json\/wp\/v2\/pages\/4877\/revisions"}],"predecessor-version":[{"id":5205,"href":"https:\/\/blog.edu.turku.fi\/oppimisen-tuki\/wp-json\/wp\/v2\/pages\/4877\/revisions\/5205"}],"up":[{"embeddable":true,"href":"https:\/\/blog.edu.turku.fi\/oppimisen-tuki\/wp-json\/wp\/v2\/pages\/4620"}],"wp:attachment":[{"href":"https:\/\/blog.edu.turku.fi\/oppimisen-tuki\/wp-json\/wp\/v2\/media?parent=4877"}],"curies":[{"name":"wp","href":"https:\/\/api.w.org\/{rel}","templated":true}]}}