{"id":4845,"date":"2025-08-06T14:34:48","date_gmt":"2025-08-06T11:34:48","guid":{"rendered":"https:\/\/blog.edu.turku.fi\/oppimisen-tuki\/?page_id=4845"},"modified":"2026-03-31T12:41:04","modified_gmt":"2026-03-31T09:41:04","slug":"opiskeluhuolto","status":"publish","type":"page","link":"https:\/\/blog.edu.turku.fi\/oppimisen-tuki\/koulutusasteet\/lukiokoulutus\/toimijat\/opiskeluhuolto\/","title":{"rendered":"Opiskeluhuolto lukiossa"},"content":{"rendered":"\n<h2 class=\"wp-block-heading has-text-color has-link-color has-medium-font-size wp-elements-12388bc039c39511d7150f2615e9ff6a\" style=\"color:#4e56b1\"><strong>Yhteis\u00f6llinen opiskeluhuolto<\/strong><\/h2>\n\n\n\n<p>Opiskeluhuollolla tarkoitetaan opiskelijan hyv\u00e4n oppimisen, hyv\u00e4n psyykkisen ja fyysisen terveyden sek\u00e4 sosiaalisen hyvinvoinnin edist\u00e4mist\u00e4 ja yll\u00e4pit\u00e4mist\u00e4 sek\u00e4 niiden edellytyksi\u00e4 lis\u00e4\u00e4v\u00e4\u00e4 toimintaa oppilaitosyhteis\u00f6ss\u00e4. Opiskeluhuoltoa toteutetaan ensisijaisesti yhteis\u00f6llisen\u00e4 ennaltaehk\u00e4isev\u00e4n\u00e4 ty\u00f6n\u00e4. <\/p>\n\n\n\n<p>Jokaisessa lukiossa toimii yhteis\u00f6llist\u00e4 opiskeluhuoltoa kehitt\u00e4v\u00e4 lukiokohtainen <a href=\"https:\/\/blog.edu.turku.fi\/oppimisen-tuki\/koulutusasteet\/lukiokoulutus\/toimijat\/lumo\/\">LUMO-ryhm\u00e4<\/a>. Ryhm\u00e4n toimintaa johtaa lukion rehtori tai apulaisrehtori. LUMO-ryhm\u00e4n lis\u00e4ksi yhteis\u00f6llist\u00e4 ty\u00f6t\u00e4 kehitet\u00e4\u00e4n koko lukion henkil\u00f6st\u00f6n ja opiskeluhuollon ammattilaisten yhteisty\u00f6ss\u00e4. Keskeisess\u00e4 roolissa ovat my\u00f6s lukion eri tiimit sek\u00e4 ryhm\u00e4nohjaus.<\/p>\n\n\n\n<p>Yhteis\u00f6llisell\u00e4 ty\u00f6ll\u00e4 rakennetaan ja tuetaan opiskelijoiden hyvinvointia, opiskelu- ja oppimiskyky\u00e4 sek\u00e4 ennaltaehk\u00e4ist\u00e4\u00e4n poissaoloja. Yhteis\u00f6llinen ty\u00f6 kuuluu kaikille oppilaitoksessa ty\u00f6skenteleville henkil\u00f6ille mukaan lukien opetushenkil\u00f6st\u00f6 sek\u00e4 opiskeluhuollon ammattihenkil\u00f6t.<\/p>\n\n\n\n<p>Yhteis\u00f6llisess\u00e4 ty\u00f6ss\u00e4 keskeisess\u00e4 roolissa on <a href=\"https:\/\/blog.edu.turku.fi\/oppimisen-tuki\/koulutusasteet\/lukiokoulutus\/oppimisen-ja-opiskelun-tuki-lukiossa\/sivu-6-lukioon-kiinnittyminen-ja-poissaolojen-ehkaiseminen\/\">yhteis\u00f6llisyyden vahvistaminen<\/a> sek\u00e4 opiskelijoiden kiinnittymist\u00e4 ja ryhm\u00e4ytymist\u00e4 vahvistavat rakenteet ja ty\u00f6tavat. Yhteis\u00f6lliseen opiskeluhuoltoon liittyv\u00e4t my\u00f6s kouluruokailu, v\u00e4litunnit sek\u00e4 oppituntien rytmitys ja tauotus. Lukioissa pyrit\u00e4\u00e4n kiinnitt\u00e4m\u00e4\u00e4n huomiota siihen, ett\u00e4 opiskeluaikataulut antavat mahdollisuuksia palautumiseen koulup\u00e4iv\u00e4n aikana.<\/p>\n\n\n\n<p><\/p>\n\n\n\n<h2 class=\"wp-block-heading has-text-color has-link-color has-medium-font-size wp-elements-49f216bdac42c3f107594f176ae9b512\" style=\"color:#4e56b1\"><strong>Yksil\u00f6kohtainen opiskeluhuolto<\/strong><\/h2>\n\n\n\n<p>Yhteis\u00f6llisen opiskeluhuollon lis\u00e4ksi opiskelijoilla on oikeus yksil\u00f6kohtaisiin opiskeluhuoltopalveluihin. N\u00e4it\u00e4 ovat opiskeluterveydenhuolto sek\u00e4 kuraattorin\u00ad ja psykologin palvelut. <\/p>\n\n\n\n<p>Yksil\u00f6kohtaista opiskeluhuoltoa toteutetaan opetustoimen ja hyvinvointialueen suunnitelmallisena yhteisty\u00f6n\u00e4 opiskelijoiden ja heid\u00e4n huoltajiensa sek\u00e4 tarvittaessa muiden yhteisty\u00f6tahojen kanssa. Opiskeluhuoltoty\u00f6ss\u00e4 otetaan huomioon lapsen edun ensisijaisuus. Opiskelijalla on oikeus saada maksutta sellainen opiskeluhuolto, jota koulutukseen osallistuminen edellytt\u00e4\u00e4 lukuun ottamatta yli 18-vuotiaiden opiskelijoiden sairaanhoitopalveluja.&nbsp;<\/p>\n\n\n\n<p>Opiskeluhuoltopalvelut j\u00e4rjestet\u00e4\u00e4n ensisijaisesti l\u00e4hipalveluna lukioiden yhteydess\u00e4 olevissa tiloissa. Kaikissa Turun lukioissa toimii kuraattori, psykologi, terveydenhoitaja sek\u00e4 psykiatrinen sairaanhoitaja.<\/p>\n\n\n\n<p>Lue lis\u00e4\u00e4: <a href=\"https:\/\/www.varha.fi\/fi\/palvelut\/lasten-nuorten-ja-perheiden-palvelut\/opiskeluhuollon-palvelut\" target=\"_blank\" rel=\"noreferrer noopener\">Opiskeluhuollon palvelut | Varha<\/a>&nbsp;&nbsp;<br><br><\/p>\n\n\n<div class=\"lightweight-accordion has-text-color\"><details><summary class=\"lightweight-accordion-title\" style=\"color:#4e56b1;\"><span><strong>Opiskelukykyyn vaikuttavat tekij\u00e4t<\/strong><\/span><\/summary><div class=\"lightweight-accordion-body\">\n\n<p>Opiskelukykyyn vaikuttaa monet tekij\u00e4t. On t\u00e4rke\u00e4\u00e4, ett\u00e4 opiskelijoita tuetaan kokonaisvaltaisesti. T\u00e4m\u00e4n vuoksi lukioissa on monia toimijoita, jotka kaikki voivat tukea opiskelijoita. <br><br><\/p>\n\n\n\n<figure class=\"wp-block-image size-full\"><img loading=\"lazy\" decoding=\"async\" width=\"602\" height=\"422\" src=\"https:\/\/blog.edu.turku.fi\/oppimisen-tuki\/files\/2026\/02\/Opiskelukyky.png\" alt=\"\" class=\"wp-image-5580\" srcset=\"https:\/\/blog.edu.turku.fi\/oppimisen-tuki\/files\/2026\/02\/Opiskelukyky.png 602w, https:\/\/blog.edu.turku.fi\/oppimisen-tuki\/files\/2026\/02\/Opiskelukyky-300x210.png 300w\" sizes=\"auto, (max-width: 602px) 100vw, 602px\" \/><\/figure>\n\n\n\n<details class=\"wp-block-details is-layout-flow wp-block-details-is-layout-flow\"><summary>Kuvan l\u00e4hde:<\/summary>\n<p>Suomen ylioppilaskuntien liitto <a href=\"https:\/\/syl.fi\/opiskelukyky\/\">Opiskelukyky &#8211; SYL<\/a>.<\/p>\n<\/details>\n\n<\/div><\/details><\/div>\n\n\n<p><br><\/p>\n\n\n\n<details class=\"wp-block-details is-layout-flow wp-block-details-is-layout-flow\"><summary>L\u00e4hteet:<\/summary>\n<p><em>Lukion opetussuunnitelman perusteet 2019 luku 4.3.<\/em>&nbsp;<\/p>\n\n\n\n<p><em>Terveydenhuoltolaki 378\/2022<\/em><\/p>\n\n\n\n<p><em>Oppilas- ja opiskeluhuoltolaki 1287\/2013<\/em><\/p>\n<\/details>\n\n\n\n<p><br><\/p>\n\n\n\n<h2 class=\"wp-block-heading has-text-color has-link-color has-medium-font-size wp-elements-9d4b9841763358d1a21ac7c1ba124535\" style=\"color:#4e56b1\"><strong>Opiskeluhuollon toimijoiden roolikuvaukset:<\/strong><\/h2>\n\n\n\n<ul class=\"wp-block-list\">\n<li><a href=\"https:\/\/blog.edu.turku.fi\/oppimisen-tuki\/kuraattori\/\" data-type=\"page\" data-id=\"4875\">Kuraattori<\/a><\/li>\n\n\n\n<li><a href=\"https:\/\/blog.edu.turku.fi\/oppimisen-tuki\/terveydenhoitaja\/\" data-type=\"page\" data-id=\"4877\">Terveydenhoitaja<\/a><\/li>\n\n\n\n<li><a href=\"https:\/\/blog.edu.turku.fi\/oppimisen-tuki\/psykiatrinen-sairaanhoitaja\/\" data-type=\"page\" data-id=\"4879\">Psykiatrinen sairaanhoitaja<\/a><\/li>\n\n\n\n<li><a href=\"https:\/\/blog.edu.turku.fi\/oppimisen-tuki\/psykologi\/\" data-type=\"page\" data-id=\"4881\">Psykologi<\/a><\/li>\n<\/ul>\n\n\n\n<p><\/p>\n","protected":false},"excerpt":{"rendered":"<p>Yhteis\u00f6llinen opiskeluhuolto Opiskeluhuollolla tarkoitetaan opiskelijan hyv\u00e4n oppimisen, hyv\u00e4n psyykkisen ja fyysisen terveyden sek\u00e4 sosiaalisen hyvinvoinnin edist\u00e4mist\u00e4 ja yll\u00e4pit\u00e4mist\u00e4 sek\u00e4 niiden edellytyksi\u00e4 lis\u00e4\u00e4v\u00e4\u00e4 toimintaa oppilaitosyhteis\u00f6ss\u00e4. Opiskeluhuoltoa toteutetaan ensisijaisesti yhteis\u00f6llisen\u00e4 ennaltaehk\u00e4isev\u00e4n\u00e4 ty\u00f6n\u00e4. Jokaisessa lukiossa toimii yhteis\u00f6llist\u00e4 opiskeluhuoltoa kehitt\u00e4v\u00e4 lukiokohtainen LUMO-ryhm\u00e4. Ryhm\u00e4n toimintaa<\/p>\n","protected":false},"author":3429,"featured_media":0,"parent":4620,"menu_order":0,"comment_status":"closed","ping_status":"closed","template":"","meta":{"footnotes":""},"class_list":["post-4845","page","type-page","status-publish","hentry"],"_links":{"self":[{"href":"https:\/\/blog.edu.turku.fi\/oppimisen-tuki\/wp-json\/wp\/v2\/pages\/4845","targetHints":{"allow":["GET"]}}],"collection":[{"href":"https:\/\/blog.edu.turku.fi\/oppimisen-tuki\/wp-json\/wp\/v2\/pages"}],"about":[{"href":"https:\/\/blog.edu.turku.fi\/oppimisen-tuki\/wp-json\/wp\/v2\/types\/page"}],"author":[{"embeddable":true,"href":"https:\/\/blog.edu.turku.fi\/oppimisen-tuki\/wp-json\/wp\/v2\/users\/3429"}],"replies":[{"embeddable":true,"href":"https:\/\/blog.edu.turku.fi\/oppimisen-tuki\/wp-json\/wp\/v2\/comments?post=4845"}],"version-history":[{"count":29,"href":"https:\/\/blog.edu.turku.fi\/oppimisen-tuki\/wp-json\/wp\/v2\/pages\/4845\/revisions"}],"predecessor-version":[{"id":5949,"href":"https:\/\/blog.edu.turku.fi\/oppimisen-tuki\/wp-json\/wp\/v2\/pages\/4845\/revisions\/5949"}],"up":[{"embeddable":true,"href":"https:\/\/blog.edu.turku.fi\/oppimisen-tuki\/wp-json\/wp\/v2\/pages\/4620"}],"wp:attachment":[{"href":"https:\/\/blog.edu.turku.fi\/oppimisen-tuki\/wp-json\/wp\/v2\/media?parent=4845"}],"curies":[{"name":"wp","href":"https:\/\/api.w.org\/{rel}","templated":true}]}}