{"id":4843,"date":"2025-08-06T14:30:55","date_gmt":"2025-08-06T11:30:55","guid":{"rendered":"https:\/\/blog.edu.turku.fi\/oppimisen-tuki\/?page_id=4843"},"modified":"2026-03-16T13:34:11","modified_gmt":"2026-03-16T11:34:11","slug":"rehtori","status":"publish","type":"page","link":"https:\/\/blog.edu.turku.fi\/oppimisen-tuki\/koulutusasteet\/lukiokoulutus\/toimijat\/rehtori\/","title":{"rendered":"Rehtori"},"content":{"rendered":"\n<p>Rehtori vastaa oppimisen tuen ja erityisopetuksen j\u00e4rjest\u00e4misest\u00e4 valtakunnallisten perusteiden ja lukiolain mukaisesti. Rehtorin teht\u00e4viin kuuluvat my\u00f6s lukion yhteis\u00f6llisen opiskeluhuollon johtaminen sek\u00e4 oppilaitoksen oppimista ja hyvinvointia tukevan toimintakulttuurin tukeminen.<\/p>\n\n\n\n<p>Rehtori:&nbsp;<\/p>\n\n\n\n<ul class=\"wp-block-list\">\n<li>tiedottaa omalta osaltaan opiskelijoille ja kotiv\u00e4elle oppimisen tuen ja erityisopetuksen mahdollisuuksista&nbsp;<\/li>\n\n\n\n<li>vastaa ylioppilaskokeiden erityisj\u00e4rjestelyiden hakemisesta ja niiden toteutuksesta&nbsp;<\/li>\n\n\n\n<li>kuulee opiskelijaa ja huoltajaa ennen erityisopetukseen liittyv\u00e4n hallintop\u00e4\u00e4t\u00f6ksen tekemist\u00e4&nbsp;<\/li>\n\n\n\n<li>tekee my\u00f6nteisen tai kielteisen hallintop\u00e4\u00e4t\u00f6ksen opiskelijalle annettavasta erityisopetuksesta&nbsp;<\/li>\n\n\n\n<li>tiedottaa kaikkia asianosaisia hallinnollisesta p\u00e4\u00e4t\u00f6ksest\u00e4 ja sen sis\u00e4ll\u00f6st\u00e4&nbsp;<\/li>\n\n\n\n<li>tekee erityisopetuksen lakkauttamista koskevan hallintop\u00e4\u00e4t\u00f6ksen, mik\u00e4li tuen tarvetta ei en\u00e4\u00e4 ole&nbsp;<\/li>\n<\/ul>\n\n\n\n<details class=\"wp-block-details is-layout-flow wp-block-details-is-layout-flow\"><summary>L\u00e4hde:<\/summary>\n<p><em>Turun paikallinen lukion opetussuunnitelma 2019 luku 4.2.4.<\/em>&nbsp;<\/p>\n<\/details>\n","protected":false},"excerpt":{"rendered":"<p>Rehtori vastaa oppimisen tuen ja erityisopetuksen j\u00e4rjest\u00e4misest\u00e4 valtakunnallisten perusteiden ja lukiolain mukaisesti. Rehtorin teht\u00e4viin kuuluvat my\u00f6s lukion yhteis\u00f6llisen opiskeluhuollon johtaminen sek\u00e4 oppilaitoksen oppimista ja hyvinvointia tukevan toimintakulttuurin tukeminen. Rehtori:&nbsp;<\/p>\n","protected":false},"author":3429,"featured_media":0,"parent":4620,"menu_order":0,"comment_status":"closed","ping_status":"closed","template":"","meta":{"footnotes":""},"class_list":["post-4843","page","type-page","status-publish","hentry"],"_links":{"self":[{"href":"https:\/\/blog.edu.turku.fi\/oppimisen-tuki\/wp-json\/wp\/v2\/pages\/4843","targetHints":{"allow":["GET"]}}],"collection":[{"href":"https:\/\/blog.edu.turku.fi\/oppimisen-tuki\/wp-json\/wp\/v2\/pages"}],"about":[{"href":"https:\/\/blog.edu.turku.fi\/oppimisen-tuki\/wp-json\/wp\/v2\/types\/page"}],"author":[{"embeddable":true,"href":"https:\/\/blog.edu.turku.fi\/oppimisen-tuki\/wp-json\/wp\/v2\/users\/3429"}],"replies":[{"embeddable":true,"href":"https:\/\/blog.edu.turku.fi\/oppimisen-tuki\/wp-json\/wp\/v2\/comments?post=4843"}],"version-history":[{"count":4,"href":"https:\/\/blog.edu.turku.fi\/oppimisen-tuki\/wp-json\/wp\/v2\/pages\/4843\/revisions"}],"predecessor-version":[{"id":5859,"href":"https:\/\/blog.edu.turku.fi\/oppimisen-tuki\/wp-json\/wp\/v2\/pages\/4843\/revisions\/5859"}],"up":[{"embeddable":true,"href":"https:\/\/blog.edu.turku.fi\/oppimisen-tuki\/wp-json\/wp\/v2\/pages\/4620"}],"wp:attachment":[{"href":"https:\/\/blog.edu.turku.fi\/oppimisen-tuki\/wp-json\/wp\/v2\/media?parent=4843"}],"curies":[{"name":"wp","href":"https:\/\/api.w.org\/{rel}","templated":true}]}}