{"id":4840,"date":"2025-08-06T14:28:02","date_gmt":"2025-08-06T11:28:02","guid":{"rendered":"https:\/\/blog.edu.turku.fi\/oppimisen-tuki\/?page_id=4840"},"modified":"2026-03-16T13:54:30","modified_gmt":"2026-03-16T11:54:30","slug":"erityisopettaja","status":"publish","type":"page","link":"https:\/\/blog.edu.turku.fi\/oppimisen-tuki\/koulutusasteet\/lukiokoulutus\/toimijat\/erityisopettaja\/","title":{"rendered":"Erityisopettaja"},"content":{"rendered":"\n<p>Erityisopettajan opetus, ohjaus, tuki ja konsultaatio ovat osa lukioissa tarjottavaa oppimisen tukea. Erityisopettajan teht\u00e4viss\u00e4 korostuvat konsultatiivinen rooli sek\u00e4 opetushenkil\u00f6st\u00f6n, opiskelijoiden ja huoltajien kanssa teht\u00e4v\u00e4 yhteisty\u00f6.<\/p>\n\n\n\n<p>Erityisopettaja:&nbsp;<\/p>\n\n\n\n<ul class=\"wp-block-list\">\n<li>opettaa, tukee ja ohjaa opiskelijaa&nbsp;<\/li>\n\n\n\n<li>tiedottaa opiskelijoille ja kotiv\u00e4elle oppimisen tuen ja erityisopetuksen mahdollisuuksista&nbsp;<\/li>\n\n\n\n<li>selvitt\u00e4\u00e4 ja arvioi perusopetuksesta saadun tiedon perusteella uusien opiskelijoiden tuen tarvetta lukio-opinnoissa&nbsp;<\/li>\n\n\n\n<li>arvioi opiskelijoiden tuen tarvetta sek\u00e4 tukitoimien toimivuutta yhdess\u00e4 muun opetushenkil\u00f6st\u00f6n, huoltajien sek\u00e4 tarvittaessa eri asiantuntijoiden kanssa&nbsp;<\/li>\n\n\n\n<li>huolehtii omalta osaltaan pedagogiseen tukeen liittyvien asiakirjojen yll\u00e4pidosta ja kirjauksista&nbsp;<\/li>\n\n\n\n<li>toteuttaa opinnot aloittaville opiskelijoille lukiseulat ja hoitaa opiskelijoiden yksil\u00f6lliset lukitestaukset&nbsp;<\/li>\n\n\n\n<li>tekee ylioppilastutkinnon erityisj\u00e4rjestelyjen tarpeen arviointia ja tarvittaessa ohjaa lausuntojen hankkimisessa ja erityisj\u00e4rjestelyjen hakemisessa ylioppilastutkinnon kokeita varten&nbsp;<\/li>\n\n\n\n<li>auttaa tarvittaessa aineenopettajia opiskelijoiden tuen tarpeiden huomioimisessa ja osaamisen monipuolisesta osoittamisesta&nbsp;<\/li>\n\n\n\n<li>huolehtii yhdess\u00e4 tukitoimista vastaavan opettajan kanssa siit\u00e4, ett\u00e4 opiskelijalla on tieto mahdollisuudesta saada tukitoimet kirjattua&nbsp;<\/li>\n\n\n\n<li>tiedottaa rehtoria erityisopetusp\u00e4\u00e4t\u00f6ksen tarpeesta&nbsp;<\/li>\n\n\n\n<li>on osallisena hallinnolliseen p\u00e4\u00e4t\u00f6kseen perustuvan erityisopetuksen hakemisessa suunnitellen erityisopetuksen tukitoimet yhdess\u00e4 opiskelijan kanssa&nbsp;<\/li>\n\n\n\n<li>vastaa tukitoimien tarpeen arvioinnista ja opiskeluun sek\u00e4 osaamisen osoittamiseen liittyvien tukitoimien suunnittelusta niille opiskelijoille, joille on tehty erityisopetuksen hallintop\u00e4\u00e4t\u00f6s&nbsp;<\/li>\n\n\n\n<li>vastaa opiskelun ja osaamisen osoittamiseen liittyvien tukitoimien koordinoinnista my\u00f6nteisen erityisopetusta koskevan hallintop\u00e4\u00e4t\u00f6ksen saaneille opiskelijoiden osalta&nbsp;<\/li>\n\n\n\n<li>antaa hallintop\u00e4\u00e4t\u00f6ksen mukaista erityisopetusta, kirjaa tukitoimet, seuraa ja arvioi tukitoimien vaikuttavuutta s\u00e4\u00e4nn\u00f6llisesti&nbsp;<\/li>\n<\/ul>\n\n\n\n<details class=\"wp-block-details is-layout-flow wp-block-details-is-layout-flow\"><summary>L\u00e4hde:<\/summary>\n<p><em>Turun paikallinen lukion opetussuunnitelma 2019 luku 4.2.4.&nbsp;<\/em>&nbsp;<\/p>\n<\/details>\n","protected":false},"excerpt":{"rendered":"<p>Erityisopettajan opetus, ohjaus, tuki ja konsultaatio ovat osa lukioissa tarjottavaa oppimisen tukea. Erityisopettajan teht\u00e4viss\u00e4 korostuvat konsultatiivinen rooli sek\u00e4 opetushenkil\u00f6st\u00f6n, opiskelijoiden ja huoltajien kanssa teht\u00e4v\u00e4 yhteisty\u00f6. Erityisopettaja:&nbsp;<\/p>\n","protected":false},"author":3429,"featured_media":0,"parent":4620,"menu_order":0,"comment_status":"closed","ping_status":"closed","template":"","meta":{"footnotes":""},"class_list":["post-4840","page","type-page","status-publish","hentry"],"_links":{"self":[{"href":"https:\/\/blog.edu.turku.fi\/oppimisen-tuki\/wp-json\/wp\/v2\/pages\/4840","targetHints":{"allow":["GET"]}}],"collection":[{"href":"https:\/\/blog.edu.turku.fi\/oppimisen-tuki\/wp-json\/wp\/v2\/pages"}],"about":[{"href":"https:\/\/blog.edu.turku.fi\/oppimisen-tuki\/wp-json\/wp\/v2\/types\/page"}],"author":[{"embeddable":true,"href":"https:\/\/blog.edu.turku.fi\/oppimisen-tuki\/wp-json\/wp\/v2\/users\/3429"}],"replies":[{"embeddable":true,"href":"https:\/\/blog.edu.turku.fi\/oppimisen-tuki\/wp-json\/wp\/v2\/comments?post=4840"}],"version-history":[{"count":5,"href":"https:\/\/blog.edu.turku.fi\/oppimisen-tuki\/wp-json\/wp\/v2\/pages\/4840\/revisions"}],"predecessor-version":[{"id":5865,"href":"https:\/\/blog.edu.turku.fi\/oppimisen-tuki\/wp-json\/wp\/v2\/pages\/4840\/revisions\/5865"}],"up":[{"embeddable":true,"href":"https:\/\/blog.edu.turku.fi\/oppimisen-tuki\/wp-json\/wp\/v2\/pages\/4620"}],"wp:attachment":[{"href":"https:\/\/blog.edu.turku.fi\/oppimisen-tuki\/wp-json\/wp\/v2\/media?parent=4840"}],"curies":[{"name":"wp","href":"https:\/\/api.w.org\/{rel}","templated":true}]}}