{"id":4838,"date":"2025-08-06T14:26:33","date_gmt":"2025-08-06T11:26:33","guid":{"rendered":"https:\/\/blog.edu.turku.fi\/oppimisen-tuki\/?page_id=4838"},"modified":"2025-09-17T12:18:53","modified_gmt":"2025-09-17T09:18:53","slug":"opinto-ohjaaja","status":"publish","type":"page","link":"https:\/\/blog.edu.turku.fi\/oppimisen-tuki\/koulutusasteet\/lukiokoulutus\/toimijat\/opinto-ohjaaja\/","title":{"rendered":"Opinto-ohjaaja"},"content":{"rendered":"\n<p>Opinto-ohjaaja tukee ja ohjaa opiskelijoita yhteisty\u00f6ss\u00e4 opetushenkil\u00f6st\u00f6n ja moniammatillisen opiskeluhuollon ty\u00f6ntekij\u00f6iden kanssa.&nbsp;&nbsp;<\/p>\n\n\n\n<p>Opinto-ohjaaja:\u00a0<\/p>\n\n\n\n<ul class=\"wp-block-list\">\n<li>huolehtii opiskelijoiden henkil\u00f6kohtaisesta ohjauksesta ja pienryhm\u00e4ohjauksesta\u00a0<\/li>\n\n\n\n<li>opettaa pakolliset opinto-ohjauksen opintojaksot aiheina mm. opiskelu- ja tiedonhankintataidot, oppimaan oppiminen, opiskelukyky, omat vahvuudet\u00a0<\/li>\n\n\n\n<li>suunnittelee ja seuraa opiskelijan opintojen toteutumista sek\u00e4 mahdollista tuen tarvetta sek\u00e4 tuen toteutumista yhteisty\u00f6ss\u00e4 muun opetushenkil\u00f6st\u00f6n\u00a0\u00a0<\/li>\n\n\n\n<li>osallistuu tarvittaessa opiskelijan suostumuksella tuen arviointiin ja suunnitteluun moniammatillisessa yhteisty\u00f6ss\u00e4 my\u00f6s opiskeluhuollon henkil\u00f6st\u00f6n kanssa\u00a0<\/li>\n\n\n\n<li>osallistuu nivelvaiheen ja erityisj\u00e4rjestelyiden edellytt\u00e4m\u00e4\u00e4n tiedottamiseen&nbsp;<\/li>\n\n\n\n<li>laatii opiskelijan kanssa henkil\u00f6kohtaisen opintosuunnitelman, ylioppilastutkintosuunnitelman ja jatko-opinto- ja urasuunnitelman, ja p\u00e4ivitt\u00e4\u00e4 sit\u00e4 opiskelijan kanssa tarvittaessa\u00a0<\/li>\n\n\n\n<li>huolehtii omalta osaltaan opiskeluun ja tukeen liittyvien asiakirjojen yll\u00e4pidosta ja kirjauksista\u00a0<\/li>\n\n\n\n<li>toimii lukiokohtaisen opiskeluhuoltoryhm\u00e4n j\u00e4senen\u00e4\u00a0<\/li>\n\n\n\n<li>neuvoo yo-kirjoituksiin sek\u00e4 mahdollisiin erityisj\u00e4rjestelyihin liittyviss\u00e4 asioissa\u00a0<\/li>\n\n\n\n<li>ohjaa opiskelijoita opintoihin liittyviss\u00e4 valinnoissa\u00a0<\/li>\n<\/ul>\n\n\n\n<details class=\"wp-block-details is-layout-flow wp-block-details-is-layout-flow\"><summary>L\u00e4hde:<\/summary>\n<p><em>Turun paikallinen lukion opetussuunnitelma 2019 luku 4.1. &amp; 4.2.4.<\/em>&nbsp;<\/p>\n<\/details>\n","protected":false},"excerpt":{"rendered":"<p>Opinto-ohjaaja tukee ja ohjaa opiskelijoita yhteisty\u00f6ss\u00e4 opetushenkil\u00f6st\u00f6n ja moniammatillisen opiskeluhuollon ty\u00f6ntekij\u00f6iden kanssa.&nbsp;&nbsp; Opinto-ohjaaja:\u00a0<\/p>\n","protected":false},"author":3429,"featured_media":0,"parent":4620,"menu_order":0,"comment_status":"closed","ping_status":"closed","template":"","meta":{"footnotes":""},"class_list":["post-4838","page","type-page","status-publish","hentry"],"_links":{"self":[{"href":"https:\/\/blog.edu.turku.fi\/oppimisen-tuki\/wp-json\/wp\/v2\/pages\/4838","targetHints":{"allow":["GET"]}}],"collection":[{"href":"https:\/\/blog.edu.turku.fi\/oppimisen-tuki\/wp-json\/wp\/v2\/pages"}],"about":[{"href":"https:\/\/blog.edu.turku.fi\/oppimisen-tuki\/wp-json\/wp\/v2\/types\/page"}],"author":[{"embeddable":true,"href":"https:\/\/blog.edu.turku.fi\/oppimisen-tuki\/wp-json\/wp\/v2\/users\/3429"}],"replies":[{"embeddable":true,"href":"https:\/\/blog.edu.turku.fi\/oppimisen-tuki\/wp-json\/wp\/v2\/comments?post=4838"}],"version-history":[{"count":2,"href":"https:\/\/blog.edu.turku.fi\/oppimisen-tuki\/wp-json\/wp\/v2\/pages\/4838\/revisions"}],"predecessor-version":[{"id":5195,"href":"https:\/\/blog.edu.turku.fi\/oppimisen-tuki\/wp-json\/wp\/v2\/pages\/4838\/revisions\/5195"}],"up":[{"embeddable":true,"href":"https:\/\/blog.edu.turku.fi\/oppimisen-tuki\/wp-json\/wp\/v2\/pages\/4620"}],"wp:attachment":[{"href":"https:\/\/blog.edu.turku.fi\/oppimisen-tuki\/wp-json\/wp\/v2\/media?parent=4838"}],"curies":[{"name":"wp","href":"https:\/\/api.w.org\/{rel}","templated":true}]}}