{"id":4836,"date":"2025-08-06T14:25:15","date_gmt":"2025-08-06T11:25:15","guid":{"rendered":"https:\/\/blog.edu.turku.fi\/oppimisen-tuki\/?page_id=4836"},"modified":"2025-09-17T12:16:23","modified_gmt":"2025-09-17T09:16:23","slug":"ryhmanohjaaja","status":"publish","type":"page","link":"https:\/\/blog.edu.turku.fi\/oppimisen-tuki\/koulutusasteet\/lukiokoulutus\/toimijat\/ryhmanohjaaja\/","title":{"rendered":"Ryhm\u00e4nohjaaja"},"content":{"rendered":"\n<p>Ryhm\u00e4nohjaaja toteuttaa opiskelijoiden tukea yhteisty\u00f6ss\u00e4 opetushenkil\u00f6st\u00f6n ja moniammatillisen opiskeluhuollon ty\u00f6ntekij\u00f6iden kanssa. Ryhm\u00e4nohjaaja toimii l\u00e4hiohjaajan roolissa yhdyshenkil\u00f6n\u00e4 omien opiskelijoidensa tuen tarpeesta muille opettajille, huoltajille ja opiskeluhuollon henkil\u00f6st\u00f6lle.&nbsp;&nbsp;&nbsp;<\/p>\n\n\n\n<p>Ryhm\u00e4nohjaaja:&nbsp;<\/p>\n\n\n\n<ul class=\"wp-block-list\">\n<li>seuraa ryhm\u00e4ns\u00e4 opiskelijoiden opintojen etenemist\u00e4 ja l\u00e4sn\u00e4oloa&nbsp;<\/li>\n\n\n\n<li>ottaa mahdollisen huolen puheeksi opiskelijan ja tarvittaessa huoltajan kanssa&nbsp;<\/li>\n\n\n\n<li>osallistuu oppimisen tuen suunnitteluun sek\u00e4 seuraa ja koordinoi tuen toteutumista ja riitt\u00e4vyytt\u00e4 oppimisen tuen vaiheessa, ennen erityisopetusta koskevaa my\u00f6nteist\u00e4 hallintop\u00e4\u00e4t\u00f6st\u00e4&nbsp;<\/li>\n\n\n\n<li>huolehtii omalta osaltaan pedagogisen tuen kirjauksista Turun mallin mukaan&nbsp;<\/li>\n\n\n\n<li>keskustelee opiskelijan kanssa tuen toteutumisesta&nbsp;<\/li>\n\n\n\n<li>on tarvittaessa yhteydess\u00e4 opetus- ja opiskeluhuoltohenkil\u00f6st\u00f6\u00f6n sek\u00e4 huoltajiin&nbsp;<\/li>\n<\/ul>\n\n\n\n<details class=\"wp-block-details is-layout-flow wp-block-details-is-layout-flow\"><summary>L\u00e4hde:<\/summary>\n<p><em>Turun paikallinen lukion opetussuunnitelma 2019 luku 4.2.4.&nbsp;<\/em>&nbsp;<\/p>\n<\/details>\n","protected":false},"excerpt":{"rendered":"<p>Ryhm\u00e4nohjaaja toteuttaa opiskelijoiden tukea yhteisty\u00f6ss\u00e4 opetushenkil\u00f6st\u00f6n ja moniammatillisen opiskeluhuollon ty\u00f6ntekij\u00f6iden kanssa. Ryhm\u00e4nohjaaja toimii l\u00e4hiohjaajan roolissa yhdyshenkil\u00f6n\u00e4 omien opiskelijoidensa tuen tarpeesta muille opettajille, huoltajille ja opiskeluhuollon henkil\u00f6st\u00f6lle.&nbsp;&nbsp;&nbsp; Ryhm\u00e4nohjaaja:&nbsp;<\/p>\n","protected":false},"author":3429,"featured_media":0,"parent":4620,"menu_order":0,"comment_status":"closed","ping_status":"closed","template":"","meta":{"footnotes":""},"class_list":["post-4836","page","type-page","status-publish","hentry"],"_links":{"self":[{"href":"https:\/\/blog.edu.turku.fi\/oppimisen-tuki\/wp-json\/wp\/v2\/pages\/4836","targetHints":{"allow":["GET"]}}],"collection":[{"href":"https:\/\/blog.edu.turku.fi\/oppimisen-tuki\/wp-json\/wp\/v2\/pages"}],"about":[{"href":"https:\/\/blog.edu.turku.fi\/oppimisen-tuki\/wp-json\/wp\/v2\/types\/page"}],"author":[{"embeddable":true,"href":"https:\/\/blog.edu.turku.fi\/oppimisen-tuki\/wp-json\/wp\/v2\/users\/3429"}],"replies":[{"embeddable":true,"href":"https:\/\/blog.edu.turku.fi\/oppimisen-tuki\/wp-json\/wp\/v2\/comments?post=4836"}],"version-history":[{"count":2,"href":"https:\/\/blog.edu.turku.fi\/oppimisen-tuki\/wp-json\/wp\/v2\/pages\/4836\/revisions"}],"predecessor-version":[{"id":5193,"href":"https:\/\/blog.edu.turku.fi\/oppimisen-tuki\/wp-json\/wp\/v2\/pages\/4836\/revisions\/5193"}],"up":[{"embeddable":true,"href":"https:\/\/blog.edu.turku.fi\/oppimisen-tuki\/wp-json\/wp\/v2\/pages\/4620"}],"wp:attachment":[{"href":"https:\/\/blog.edu.turku.fi\/oppimisen-tuki\/wp-json\/wp\/v2\/media?parent=4836"}],"curies":[{"name":"wp","href":"https:\/\/api.w.org\/{rel}","templated":true}]}}