{"id":4832,"date":"2025-08-06T14:17:49","date_gmt":"2025-08-06T11:17:49","guid":{"rendered":"https:\/\/blog.edu.turku.fi\/oppimisen-tuki\/?page_id=4832"},"modified":"2026-03-16T13:27:11","modified_gmt":"2026-03-16T11:27:11","slug":"aineenopettaja","status":"publish","type":"page","link":"https:\/\/blog.edu.turku.fi\/oppimisen-tuki\/koulutusasteet\/lukiokoulutus\/toimijat\/aineenopettaja\/","title":{"rendered":"Aineenopettaja"},"content":{"rendered":"\n<p>Aineenopettaja tukee opiskelijan oppimista ja hyvinvointia yhteisty\u00f6ss\u00e4 lukion henkil\u00f6st\u00f6n kanssa. Aineenopettajalla on keskeinen rooli matalan kynnyksen oppimisen tuen toteuttamisessa sek\u00e4 oppitunneilla ett\u00e4 opintojaksojen kokonaisvaltaisessa suunnittelussa.\u00a0\u00a0<\/p>\n\n\n\n<p>Aineenopettaja:&nbsp;<\/p>\n\n\n\n<ul class=\"wp-block-list\">\n<li>ohjaa ja tukee opiskelijoita oman oppiaineensa k\u00e4yt\u00e4nteiss\u00e4 ja oppimaan oppimisessa<\/li>\n\n\n\n<li>toimii opettamansa aineen tiedonalan kielen opettajana ja k\u00e4ytt\u00e4\u00e4 kielitietoisia menetelmi\u00e4 opiskelijoiden kielellisten taitojen kehittymisen tukemiseksi\u00a0<\/li>\n\n\n\n<li>havainnoi opiskelijoiden oppimista ja mahdollista tuen tarvetta opintojen aikana&nbsp;<\/li>\n\n\n\n<li>ottaa mahdollisen huolen puheeksi opiskelijan kanssa&nbsp;<\/li>\n\n\n\n<li>ottaa huomioon opiskelijan tuen tarpeet oppituntien suunnittelussa, opetusj\u00e4rjestelyiss\u00e4 ja pedagogisissa ratkaisuissa eriytt\u00e4m\u00e4ll\u00e4 opetus- ja arviointimenetelmi\u00e4&nbsp;<\/li>\n\n\n\n<li>seuraa antamansa tuen vaikuttavuutta&nbsp;<\/li>\n\n\n\n<li>tiedottaa tarvittaessa ryhm\u00e4nohjaajaa Turun mallin mukaisesti&nbsp;<\/li>\n\n\n\n<li>huolehtii omalta osaltaan pedagogisen tuen kirjauksista Turun mallin mukaan&nbsp;<\/li>\n\n\n\n<li>tekee opiskelijan pedagogiseen tukeen liittyv\u00e4\u00e4 yhteisty\u00f6t\u00e4 ryhm\u00e4nohjaajien opinto-ohjaajien, erityisopettajan ja opiskeluhuollon henkil\u00f6st\u00f6n kanssa&nbsp;<\/li>\n\n\n\n<li>antaa tarvittaessa tukiopetusta&nbsp;<\/li>\n\n\n\n<li>tiedottaa erityisopettajaa ja ryhm\u00e4nohjaajaa opiskelijan mahdollisesta erityisopetuksen tarpeesta huomatessaan, ettei oppimisen tuki v\u00e4ltt\u00e4m\u00e4tt\u00e4 riit\u00e4 opiskelijan tuen tarpeisiin&nbsp;&nbsp;<\/li>\n<\/ul>\n\n\n\n<details class=\"wp-block-details is-layout-flow wp-block-details-is-layout-flow\"><summary>L\u00e4hde:<\/summary>\n<p><em>Turun paikallinen lukion opetussuunnitelma 2019 luku 4.2.4.<\/em>&nbsp;<\/p>\n<\/details>\n\n\n\n<p><\/p>\n","protected":false},"excerpt":{"rendered":"<p>Aineenopettaja tukee opiskelijan oppimista ja hyvinvointia yhteisty\u00f6ss\u00e4 lukion henkil\u00f6st\u00f6n kanssa. Aineenopettajalla on keskeinen rooli matalan kynnyksen oppimisen tuen toteuttamisessa sek\u00e4 oppitunneilla ett\u00e4 opintojaksojen kokonaisvaltaisessa suunnittelussa.\u00a0\u00a0 Aineenopettaja:&nbsp;<\/p>\n","protected":false},"author":3429,"featured_media":0,"parent":4620,"menu_order":0,"comment_status":"closed","ping_status":"closed","template":"","meta":{"footnotes":""},"class_list":["post-4832","page","type-page","status-publish","hentry"],"_links":{"self":[{"href":"https:\/\/blog.edu.turku.fi\/oppimisen-tuki\/wp-json\/wp\/v2\/pages\/4832","targetHints":{"allow":["GET"]}}],"collection":[{"href":"https:\/\/blog.edu.turku.fi\/oppimisen-tuki\/wp-json\/wp\/v2\/pages"}],"about":[{"href":"https:\/\/blog.edu.turku.fi\/oppimisen-tuki\/wp-json\/wp\/v2\/types\/page"}],"author":[{"embeddable":true,"href":"https:\/\/blog.edu.turku.fi\/oppimisen-tuki\/wp-json\/wp\/v2\/users\/3429"}],"replies":[{"embeddable":true,"href":"https:\/\/blog.edu.turku.fi\/oppimisen-tuki\/wp-json\/wp\/v2\/comments?post=4832"}],"version-history":[{"count":4,"href":"https:\/\/blog.edu.turku.fi\/oppimisen-tuki\/wp-json\/wp\/v2\/pages\/4832\/revisions"}],"predecessor-version":[{"id":5854,"href":"https:\/\/blog.edu.turku.fi\/oppimisen-tuki\/wp-json\/wp\/v2\/pages\/4832\/revisions\/5854"}],"up":[{"embeddable":true,"href":"https:\/\/blog.edu.turku.fi\/oppimisen-tuki\/wp-json\/wp\/v2\/pages\/4620"}],"wp:attachment":[{"href":"https:\/\/blog.edu.turku.fi\/oppimisen-tuki\/wp-json\/wp\/v2\/media?parent=4832"}],"curies":[{"name":"wp","href":"https:\/\/api.w.org\/{rel}","templated":true}]}}