{"id":4714,"date":"2025-06-16T15:20:31","date_gmt":"2025-06-16T12:20:31","guid":{"rendered":"https:\/\/blog.edu.turku.fi\/oppimisen-tuki\/?page_id=4714"},"modified":"2026-03-16T14:19:02","modified_gmt":"2026-03-16T12:19:02","slug":"sivu-9-tuen-tyokalut-tukea-tuen-antamiseen","status":"publish","type":"page","link":"https:\/\/blog.edu.turku.fi\/oppimisen-tuki\/koulutusasteet\/lukiokoulutus\/oppimisen-ja-opiskelun-tuki-lukiossa\/sivu-9-tuen-tyokalut-tukea-tuen-antamiseen\/","title":{"rendered":"Tuen ty\u00f6kalut &#8211; tukea tuen antamiseen\u00a0"},"content":{"rendered":"\n<h3 class=\"wp-block-heading has-text-color has-link-color has-medium-font-size wp-elements-536fa234a3ee7508786fbeef1f445f00\" style=\"color:#4e56b1\"><strong>Tukea opiskelijan oppimisen tukemiseen&nbsp;<\/strong><\/h3>\n\n\n\n<p>Oppimiseen liittyvi\u00e4 esteit\u00e4 on monenlaisia. Niit\u00e4 voivat aiheuttaa muun muassa opiskelijan aistitoimintoihin, tarkkaavaisuuteen, motoriikkaan ja kielellisiin taitoihin liittyv\u00e4t tekij\u00e4t. My\u00f6s psyykkiseen hyvinvointiin ja kriiseihin liittyv\u00e4t vaikeudet voivat aiheuttaa esteit\u00e4 opiskelussa.\u00a0<\/p>\n\n\n\n<p>Usein lukioik\u00e4\u00e4n ehtineet nuoret ovat jo kouluhistoriansa aikana oppineet erilaisia kompensaatiokeinoja ja selviytymisstrategioita edet\u00e4kseen opinnoissaan vertaisryhm\u00e4ns\u00e4 mukana. Lukion ja peruskoulun opiskelutavat ja -ymp\u00e4rist\u00f6t kuitenkin poikkeavat toisistaan, mink\u00e4 vuoksi osa oppimisen haasteista ja vaikeuksista tulevat n\u00e4kyviksi vasta lukiossa, kun opetuksen sis\u00e4ll\u00f6t laajenevat ja opiskelutaitoja ja toiminnanohjausta koskevat vaatimukset kasvavat.\u00a0<\/p>\n\n\n\n<p>Kaikki oppijat hy\u00f6tyv\u00e4t siit\u00e4, kun ilmapiiri lukiossa on kannustava ja tukeva. Opettajan rooli opiskelijan tukemisessa ja syrj\u00e4ytymisen ehk\u00e4isemisess\u00e4 on hyvin t\u00e4rke\u00e4. Tutustu kaikkia tukevaan pedagogiikkaan ja erilaisten oppijoiden tukemiseen <a href=\"https:\/\/opinvoimala.fi\/sivu\/tuki-lukiossa\" target=\"_blank\" rel=\"noreferrer noopener\">opinvoimala.fi<\/a>-sivustolla.\u00a0<\/p>\n\n\n\n<p><br><\/p>\n\n\n\n<div class=\"wp-block-group is-nowrap is-layout-flex wp-container-core-group-is-layout-6c531013 wp-block-group-is-layout-flex\">\n<div class=\"wp-block-group is-layout-constrained wp-block-group-is-layout-constrained\">\n<div class=\"wp-block-group has-white-background-color has-background is-vertical is-layout-flex wp-container-core-group-is-layout-fe9cc265 wp-block-group-is-layout-flex\">\n<p><strong><a href=\"https:\/\/opinvoimala.fi\/sivu\/tuen-tyokalut\" target=\"_blank\" rel=\"noreferrer noopener\">Tuen ty\u00f6kalut opinvoimalassa<\/a><\/strong><br><em>Tietoa hyvist\u00e4 pedagogisista k\u00e4yt\u00e4nteist\u00e4 ja opiskelijoiden tukemisesta eri tilanteissa&nbsp;<\/em><\/p>\n\n\n\n<p><strong><a href=\"https:\/\/opinvoimala.fi\/sivu\/erilaiset-oppijat\" target=\"_blank\" rel=\"noreferrer noopener\">Erilaiset oppijat opinvoimalassa<\/a><\/strong><br><em>Tietoa erilaisista oppijoista<\/em><br><br><a href=\"https:\/\/blog.edu.turku.fi\/ohjaus-ja-tuki-lukioissa\/fi\/\" target=\"_blank\" rel=\"noreferrer noopener\"><strong>Ohjaus ja tuki Turun lukioissa<\/strong><\/a><br><em>Tietoa tuesta opiskelijoille ja huoltajille<\/em><\/p>\n\n\n\n<p><\/p>\n<\/div>\n<\/div>\n\n\n\n<figure class=\"wp-block-image alignright size-large\"><img loading=\"lazy\" decoding=\"async\" width=\"840\" height=\"841\" src=\"https:\/\/blog.edu.turku.fi\/oppimisen-tuki\/files\/2025\/09\/Nayttokuva-119-840x841.png\" alt=\"\" class=\"wp-image-5255\" srcset=\"https:\/\/blog.edu.turku.fi\/oppimisen-tuki\/files\/2025\/09\/Nayttokuva-119.png 840w, https:\/\/blog.edu.turku.fi\/oppimisen-tuki\/files\/2025\/09\/Nayttokuva-119-150x150.png 150w, https:\/\/blog.edu.turku.fi\/oppimisen-tuki\/files\/2025\/09\/Nayttokuva-119-300x300.png 300w\" sizes=\"auto, (max-width: 840px) 100vw, 840px\" \/><\/figure>\n<\/div>\n\n\n\n<p><br><\/p>\n\n\n\n<p><\/p>\n\n\n\n<h3 class=\"wp-block-heading has-text-color has-link-color has-medium-font-size wp-elements-a18de38edafc4270a71b1c075b5f2439\" style=\"color:#4e56b1\"><strong>Tukea sinulle&nbsp;<\/strong><\/h3>\n\n\n\n<p>Turvallinen ja hyvinvoiva aikuinen on laadukkaan opetuksen perusta. Haasteiden kanssa ei kannata j\u00e4\u00e4d\u00e4 yksin. Hy\u00f6dynn\u00e4 oman ty\u00f6yhteis\u00f6si moniammatillista osaamista aina tarvittaessa!&nbsp;&nbsp;<\/p>\n\n\n\n<p>Alla tietoa ty\u00f6hyvinvoinnista, ty\u00f6suojelusta sek\u00e4 ty\u00f6terveydest\u00e4.&nbsp;<\/p>\n\n\n\n<p><strong>Tietoa ja tukea ty\u00f6hyvinvoinnista ja ty\u00f6suojelusta:&nbsp;<\/strong><br><a href=\"https:\/\/turku.sharepoint.com\/sites\/metku\/SitePages\/Ty%C3%B6hyvinvointi-ja-ty%C3%B6suojelu.aspx\" target=\"_blank\" rel=\"noreferrer noopener\">Ty\u00f6hyvinvointi ja ty\u00f6suojelu<\/a>&nbsp;<\/p>\n\n\n\n<p><strong>Tietoa ty\u00f6terveydest\u00e4:&nbsp;<\/strong><br><a href=\"https:\/\/turku.sharepoint.com\/sites\/metku\/SitePages\/tyoterveys.aspx\" target=\"_blank\" rel=\"noreferrer noopener\">Ty\u00f6terveys<\/a>&nbsp;<\/p>\n\n\n\n<p><\/p>\n","protected":false},"excerpt":{"rendered":"<p>Tukea opiskelijan oppimisen tukemiseen&nbsp; Oppimiseen liittyvi\u00e4 esteit\u00e4 on monenlaisia. Niit\u00e4 voivat aiheuttaa muun muassa opiskelijan aistitoimintoihin, tarkkaavaisuuteen, motoriikkaan ja kielellisiin taitoihin liittyv\u00e4t tekij\u00e4t. My\u00f6s psyykkiseen hyvinvointiin ja kriiseihin liittyv\u00e4t vaikeudet voivat aiheuttaa esteit\u00e4 opiskelussa.\u00a0 Usein lukioik\u00e4\u00e4n ehtineet nuoret ovat jo<\/p>\n","protected":false},"author":1160,"featured_media":0,"parent":4611,"menu_order":0,"comment_status":"closed","ping_status":"closed","template":"","meta":{"footnotes":""},"class_list":["post-4714","page","type-page","status-publish","hentry"],"_links":{"self":[{"href":"https:\/\/blog.edu.turku.fi\/oppimisen-tuki\/wp-json\/wp\/v2\/pages\/4714","targetHints":{"allow":["GET"]}}],"collection":[{"href":"https:\/\/blog.edu.turku.fi\/oppimisen-tuki\/wp-json\/wp\/v2\/pages"}],"about":[{"href":"https:\/\/blog.edu.turku.fi\/oppimisen-tuki\/wp-json\/wp\/v2\/types\/page"}],"author":[{"embeddable":true,"href":"https:\/\/blog.edu.turku.fi\/oppimisen-tuki\/wp-json\/wp\/v2\/users\/1160"}],"replies":[{"embeddable":true,"href":"https:\/\/blog.edu.turku.fi\/oppimisen-tuki\/wp-json\/wp\/v2\/comments?post=4714"}],"version-history":[{"count":23,"href":"https:\/\/blog.edu.turku.fi\/oppimisen-tuki\/wp-json\/wp\/v2\/pages\/4714\/revisions"}],"predecessor-version":[{"id":5875,"href":"https:\/\/blog.edu.turku.fi\/oppimisen-tuki\/wp-json\/wp\/v2\/pages\/4714\/revisions\/5875"}],"up":[{"embeddable":true,"href":"https:\/\/blog.edu.turku.fi\/oppimisen-tuki\/wp-json\/wp\/v2\/pages\/4611"}],"wp:attachment":[{"href":"https:\/\/blog.edu.turku.fi\/oppimisen-tuki\/wp-json\/wp\/v2\/media?parent=4714"}],"curies":[{"name":"wp","href":"https:\/\/api.w.org\/{rel}","templated":true}]}}