{"id":470,"date":"2023-01-17T12:33:07","date_gmt":"2023-01-17T10:33:07","guid":{"rendered":"https:\/\/blog.edu.turku.fi\/oppimisen-tuki\/?page_id=470"},"modified":"2023-10-24T10:27:18","modified_gmt":"2023-10-24T07:27:18","slug":"koulukuraattori","status":"publish","type":"page","link":"https:\/\/blog.edu.turku.fi\/oppimisen-tuki\/koulutusasteet\/perusopetus\/toimijat\/koulukuraattori\/","title":{"rendered":"Koulukuraattori"},"content":{"rendered":"<ul>\n<li>edist\u00e4\u00e4 lasten, nuorten ja koko kouluyhteis\u00f6n hyvinvointia<\/li>\n<li>tukee psykososiaalista kasvua ja oppimista yksil\u00f6k\u00e4yntien ja ryhm\u00e4\u00e4n tai koko yhteis\u00f6\u00f6n kohdistuvien toimien kautta<\/li>\n<li>on koulunsa sosiaality\u00f6ntekij\u00e4<\/li>\n<li>tukee oppilasta el\u00e4m\u00e4ntilannetta, koulunk\u00e4ynti\u00e4, kaverisuhteita, tunnetaitoja, kiusaamista, perhetilannetta ja vapaa-aikaa koskevissa asioissa<\/li>\n<li>toimii yhteisty\u00f6ss\u00e4 oppilaan, huoltajien, kouluyhteis\u00f6n ja muiden verkostojen kanssa.<\/li>\n<li>arvioi tuen tarpeen tuen tason muuttuessa<\/li>\n<li>osallistuu tarvittaessa monialaisen asiantuntijaryhm\u00e4n ty\u00f6skentelyyn sek\u00e4 monialaiseen yhteisty\u00f6h\u00f6n oppilaan pedagogisen tuen suunnittelussa<\/li>\n<li>osallistuu p\u00e4ihteiden k\u00e4yt\u00f6n ja kiusaamisen vastaiseen ty\u00f6h\u00f6n<\/li>\n<li>ty\u00f6skentelee opintojen keskeytt\u00e4mist\u00e4 ehk\u00e4isev\u00e4ll\u00e4 ty\u00f6otteella<\/li>\n<\/ul>\n<p>&nbsp;<\/p>\n<p>&nbsp;<\/p>\n<p>&nbsp;<\/p>\n<p>&nbsp;<\/p>\n<h2>L\u00e4hteet:<\/h2>\n<p>Turun kaupungin kotisivut. Oppimisen ja koulunk\u00e4ynnin tuki. Haettu 2023 osoitteesta https:\/\/www.turku.fi\/paivahoito-ja-koulutus\/perusopetus\/oppimisen-ja-koulunkaynnin-tuki<\/p>\n<p>Varhan kotisivut. Opiskeluhuollon kuraattoritoiminta. Haettu 2023 osoitteesta https:\/\/www.varha.fi\/fi\/palvelut\/opiskeluhuollon-kuraattoritoiminta<\/p>\n<p>&nbsp;<\/p>\n","protected":false},"excerpt":{"rendered":"<p>edist\u00e4\u00e4 lasten, nuorten ja koko kouluyhteis\u00f6n hyvinvointia tukee psykososiaalista kasvua ja oppimista yksil\u00f6k\u00e4yntien ja ryhm\u00e4\u00e4n tai koko yhteis\u00f6\u00f6n kohdistuvien toimien kautta on koulunsa sosiaality\u00f6ntekij\u00e4 &#8230;<\/p>\n","protected":false},"author":56,"featured_media":0,"parent":426,"menu_order":0,"comment_status":"closed","ping_status":"closed","template":"","meta":{"footnotes":""},"class_list":["post-470","page","type-page","status-publish","hentry"],"_links":{"self":[{"href":"https:\/\/blog.edu.turku.fi\/oppimisen-tuki\/wp-json\/wp\/v2\/pages\/470","targetHints":{"allow":["GET"]}}],"collection":[{"href":"https:\/\/blog.edu.turku.fi\/oppimisen-tuki\/wp-json\/wp\/v2\/pages"}],"about":[{"href":"https:\/\/blog.edu.turku.fi\/oppimisen-tuki\/wp-json\/wp\/v2\/types\/page"}],"author":[{"embeddable":true,"href":"https:\/\/blog.edu.turku.fi\/oppimisen-tuki\/wp-json\/wp\/v2\/users\/56"}],"replies":[{"embeddable":true,"href":"https:\/\/blog.edu.turku.fi\/oppimisen-tuki\/wp-json\/wp\/v2\/comments?post=470"}],"version-history":[{"count":7,"href":"https:\/\/blog.edu.turku.fi\/oppimisen-tuki\/wp-json\/wp\/v2\/pages\/470\/revisions"}],"predecessor-version":[{"id":3966,"href":"https:\/\/blog.edu.turku.fi\/oppimisen-tuki\/wp-json\/wp\/v2\/pages\/470\/revisions\/3966"}],"up":[{"embeddable":true,"href":"https:\/\/blog.edu.turku.fi\/oppimisen-tuki\/wp-json\/wp\/v2\/pages\/426"}],"wp:attachment":[{"href":"https:\/\/blog.edu.turku.fi\/oppimisen-tuki\/wp-json\/wp\/v2\/media?parent=470"}],"curies":[{"name":"wp","href":"https:\/\/api.w.org\/{rel}","templated":true}]}}