{"id":4696,"date":"2025-06-16T13:41:31","date_gmt":"2025-06-16T10:41:31","guid":{"rendered":"https:\/\/blog.edu.turku.fi\/oppimisen-tuki\/?page_id=4696"},"modified":"2026-03-17T10:22:52","modified_gmt":"2026-03-17T08:22:52","slug":"sivu-6-lukioon-kiinnittyminen-ja-poissaolojen-ehkaiseminen","status":"publish","type":"page","link":"https:\/\/blog.edu.turku.fi\/oppimisen-tuki\/koulutusasteet\/lukiokoulutus\/oppimisen-ja-opiskelun-tuki-lukiossa\/sivu-6-lukioon-kiinnittyminen-ja-poissaolojen-ehkaiseminen\/","title":{"rendered":"Lukioon kiinnittyminen ja poissaolot\u00a0"},"content":{"rendered":"\n<h2 class=\"wp-block-heading has-text-color has-link-color has-medium-font-size wp-elements-ffca07992de0ba607f383550b01eeed5\" style=\"color:#4e56b1\"><strong>Yhteis\u00f6, hyvinvointi ja lukioon kiinnittyminen<\/strong><\/h2>\n\n\n\n<p><strong>Opiskeluyhteis\u00f6\u00f6n kiinnittymisell\u00e4 on huomattavia vaikutuksia opiskelijan oppimiseen, hyvinvointiin ja opinnoissa menestymiseen. <\/strong>Hyvin opiskeluyhteis\u00f6\u00f6ns\u00e4 kiinnittyneet opiskelijat kokevat oppimisen merkityksellisen\u00e4, sitoutuvat tavoitteisiinsa ja jaksavat panostaa opintoihinsa.<\/p>\n\n\n\n<p><strong>Kiinnittyminen on monitahoinen ilmi\u00f6, joka onnistuessaan n\u00e4kyy v\u00e4h\u00e4isin\u00e4 poissaoloina<\/strong>, opiskelijoiden tunneper\u00e4isen\u00e4 kiinnittymisen oppilaitosyhteis\u00f6\u00f6n sek\u00e4 aktiivisena osallistumisena opetukseen ja oppilaitoksen toimintoihin. Opiskeluhyvinvointia vahvistetaan lukion toimintakulttuuria ja oppimisymp\u00e4rist\u00f6j\u00e4 kehitt\u00e4m\u00e4ll\u00e4.<\/p>\n\n\n\n<p><strong>Opiskelijan on t\u00e4rke\u00e4\u00e4 kokea tulevansa n\u00e4hdyksi ja kuulluksi opiskeluyhteis\u00f6ss\u00e4\u00e4n.<\/strong> Kiinnittymist\u00e4 tuetaan arjen vuorovaikutuksessa ryhm\u00e4ytymist\u00e4 vahvistavilla ty\u00f6tavoilla. Yhteenkuuluvuutta ja me-henke\u00e4 rakennetaan oppitunneilla, ryhm\u00e4nohjauksessa ja muussa lukion toiminnassa. Opiskeluhyvinvoinnin ja kiinnittymisen tukeminen on osa lukion yhteis\u00f6llist\u00e4 opiskeluhuoltoa, joka kuuluu kaikille lukiossa ty\u00f6skenteleville ammattilaisille.<\/p>\n\n\n\n<h3 class=\"wp-block-heading has-text-color has-link-color has-medium-font-size wp-elements-7ebe1a5d439c590582f5c1e9e0f5f114\" style=\"color:#4e56b1\"><\/h3>\n\n\n<div class=\"lightweight-accordion has-text-color\"><details><summary class=\"lightweight-accordion-title\" style=\"color:#4e56b1;\"><span><strong>Poissaoloihin puuttuminen\u00a0<\/strong><\/span><\/summary><div class=\"lightweight-accordion-body\">\n\n<p><strong>Poissaoloihin puuttuminen on koko opetushenkil\u00f6st\u00f6n yhteinen teht\u00e4v\u00e4. Jokainen opettaja kirjaa opiskelijoiden poissaolot ja seuraa niit\u00e4, jotta poissaoloista seuraavia ongelmia voidaan ehk\u00e4ist\u00e4.<\/strong> Poissaolojen seurauksena voi opiskelijan opintojakson suorittaminen keskeyty\u00e4, mik\u00e4li opettaja ei pysty arvioimaan opiskelijan osaamista puuttuvien osaamisen n\u00e4ytt\u00f6jen vuoksi. Mik\u00e4li poissaoloja ja opintojaksojen keskeytymisi\u00e4 kertyy paljon, voivat opiskelijan ongelmat pahimmassa tapauksessa kasautua ja lukion oppim\u00e4\u00e4r\u00e4n suorittaminen viiv\u00e4sty\u00e4 tai esty\u00e4.<\/p>\n\n\n\n<p><strong>Poissaolojen kasaantumista ennaltaehk\u00e4ist\u00e4\u00e4n opetushenkil\u00f6st\u00f6n keskin\u00e4isell\u00e4 yhteisty\u00f6ll\u00e4 ja kohdennetuilla tukitoimilla.<\/strong> Jotta opiskelijan kokonaistilanne v\u00e4littyy kaikille opiskelijan opintojen edistymist\u00e4 seuraaville henkil\u00f6ille, jokaisen opettajan on eritt\u00e4in t\u00e4rke\u00e4\u00e4 merkit\u00e4 s\u00e4\u00e4nn\u00f6llisesti opiskelijoidensa poissaolot. <\/p>\n\n\n<div class=\"lightweight-accordion has-text-color\"><details><summary class=\"lightweight-accordion-title\" style=\"color:#4e56b1;\"><span><strong>Turun poissaoloihin puuttumisen malli<\/strong><\/span><\/summary><div class=\"lightweight-accordion-body\">\n\n<div data-wp-interactive=\"core\/file\" class=\"wp-block-file\"><object data-wp-bind--hidden=\"!state.hasPdfPreview\" hidden class=\"wp-block-file__embed\" data=\"https:\/\/blog.edu.turku.fi\/oppimisen-tuki\/files\/2026\/02\/opettajille-4.8.2025-POISSAOLOIHIN-PUUTTUMINEN-TURUN-KAUPUNGIN-PAIVALUKIOISSA-1.pdf\" type=\"application\/pdf\" style=\"width:100%;height:600px\" aria-label=\"Tiedoston opettajille 4.8.2025  POISSAOLOIHIN PUUTTUMINEN TURUN KAUPUNGIN P\u00c4IV\u00c4LUKIOISSA (1) upotus.\"><\/object><a id=\"wp-block-file--media-40853f5f-fa77-4cbd-9a8c-aafe2a8e6405\" href=\"https:\/\/blog.edu.turku.fi\/oppimisen-tuki\/files\/2026\/02\/opettajille-4.8.2025-POISSAOLOIHIN-PUUTTUMINEN-TURUN-KAUPUNGIN-PAIVALUKIOISSA-1.pdf\">opettajille 4.8.2025  POISSAOLOIHIN PUUTTUMINEN TURUN KAUPUNGIN P\u00c4IV\u00c4LUKIOISSA (1)<\/a><a href=\"https:\/\/blog.edu.turku.fi\/oppimisen-tuki\/files\/2026\/02\/opettajille-4.8.2025-POISSAOLOIHIN-PUUTTUMINEN-TURUN-KAUPUNGIN-PAIVALUKIOISSA-1.pdf\" class=\"wp-block-file__button wp-element-button\" download aria-describedby=\"wp-block-file--media-40853f5f-fa77-4cbd-9a8c-aafe2a8e6405\">Lataa<\/a><\/div>\n\n<\/div><\/details><\/div>\n\n<div class=\"lightweight-accordion has-text-color\"><details><summary class=\"lightweight-accordion-title\" style=\"color:#4e56b1;\"><span><strong>Ryhm\u00e4nohjaajan rooli poissaoloihin puuttumisessa<\/strong><\/span><\/summary><div class=\"lightweight-accordion-body\">\n\n<p><strong>Ryhm\u00e4nohjaaja seuraa ohjausryhm\u00e4ns\u00e4 opiskelijoiden poissaoloja ja opintomenestyst\u00e4 sek\u00e4 puuttuu ongelmiin ja huoliin keskustelemalla opiskelijan kanssa. <\/strong>Huolen ilmetess\u00e4 ryhm\u00e4nohjaajan on oltava mahdollisimman varhaisessa vaiheessa yhteydess\u00e4 oppivelvollisen opiskelijan huoltajiin\/huoltajaan.&nbsp;Huoltajaan otetaan yhteys jo ennen kuin ongelmat kasaantuvat.<\/p>\n\n\n\n<p>Turun lukioiden poissaoloihin puuttumisen mallin mukaan <strong>poissaoloihin tulee puuttua viimeist\u00e4\u00e4n 25 poissaolotunnin tultua t\u00e4yteen, tai jo siin\u00e4 vaiheessa, kun opinnot eiv\u00e4t etene opiskelijan henkil\u00f6kohtaisen opiskelusuunnitelmansa mukaisesti.<\/strong> T\u00e4llaisia tilanteita voivat olla esimerkiksi pakollisten opintojaksojen keskeytymisriski, kirjoitusoikeuden vaarantuminen tai uhka sille, ett\u00e4 opiskelijan jatko-opintosuunnitelma muuttuu.&nbsp;<\/p>\n\n\n\n<p>Ryhm\u00e4nohjaajan tulee kertoa opiskelijalle ja huoltajalle, ett\u00e4 poissaoloista tai opiskelusuunnitelman noudattamatta j\u00e4tt\u00e4misest\u00e4 voi seurata se, ett\u00e4 opiskelijan katsotaan eronneeksi lukiosta.&nbsp;Ryhm\u00e4nohjaaja voi ohjata opiskelijan opiskeluhuollon piiriin.<\/p>\n\n\n\n<p>Tarvittaessa ryhm\u00e4nohjaaja kutsuu koolle pedagogisen palaverin ja\/tai MAR-tapaamisen. Monialaisen asiantuntijaryhm\u00e4n (MAR) tapaamisen j\u00e4rjest\u00e4miseen tarvitaan opiskelijan sek\u00e4 tarvittaessa huoltajan suostumus.&nbsp;Pedagogisesta palaverista ja monialaisesta asiantuntijaryhm\u00e4st\u00e4 voi lukea lis\u00e4\u00e4 <a href=\"https:\/\/blog.edu.turku.fi\/oppimisen-tuki\/koulutusasteet\/lukiokoulutus\/oppimisen-ja-opiskelun-tuki-lukiossa\/sivu-2-tuen-eri-muodot\/\" data-type=\"page\" data-id=\"4664\">luvussa 2. Tuen muodot.<\/a><\/p>\n\n\n\n<p><strong>Ryhm\u00e4nohjaaja <\/strong>kirjaa omat\/pedagogisessa palaverissa sovitut tukitoimet ja pidemm\u00e4t keskustelut muistiin RO-lomakkeelle.&nbsp;<\/p>\n\n\n\n<p>Ryhm\u00e4nohjaaja saa ty\u00f6h\u00f6ns\u00e4 tukea opinto-ohjaajalta, erityisopettajalta tai rehtorilta. Lis\u00e4ksi opiskeluhuolto on ryhm\u00e4nohjaajan tukena. <\/p>\n\n<\/div><\/details><\/div>\n\n<div class=\"lightweight-accordion has-text-color\"><details><summary class=\"lightweight-accordion-title\" style=\"color:#4e56b1;\"><span><strong>Aineenopettajan rooli poissaoloihin puuttumisessa<\/strong><\/span><\/summary><div class=\"lightweight-accordion-body\">\n\n<p><strong>Aineenopettaja merkitsee opiskelijoiden poissaolot ja seuraa opiskelijoiden l\u00e4sn\u00e4oloa opetuksessa<\/strong>. Aineenopettaja ottaa opiskelijan kanssa puheeksi luvattomat ja selvitt\u00e4m\u00e4tt\u00f6m\u00e4t poissaolot. Jos huolta her\u00e4tt\u00e4v\u00e4t poissaolot keskusteluista huolimatta edelleen jatkuvat, aineenopettaja ilmoittaa asiasta opiskelijan ryhm\u00e4nohjaajalle.<\/p>\n\n\n\n<p>Aineenopettaja sopii ryhm\u00e4nohjaajan kanssa etenemistavoista, eli siit\u00e4 kuka on yhteydess\u00e4 huoltajaan ja kutsutaanko koolle esimerkiksi pedagoginen palaveri (PP) tai monialainen asiantuntijaryhm\u00e4 (MAR). Varhainen puuttuminen poissaoloihin on sek\u00e4 aineenopettajan ett\u00e4 ryhm\u00e4nohjaajan vastuulla.\u00a0<\/p>\n\n\n\n<p>Poissaolojen taustalla voi olla my\u00f6s oppimisen vaikeudet. Kun aineenopettajalla her\u00e4\u00e4 ep\u00e4ilys opiskelijan oppimiseen liittyvist\u00e4 vaikeuksista, aineenopettaja voi matalalla kynnyksell\u00e4 konsultoida erityisopettajaa tukeen liittyviss\u00e4 k\u00e4yt\u00e4nn\u00f6iss\u00e4. <\/p>\n\n\n\n<p>Runsaat poissaolot kasvattavat riski\u00e4 opintojen keskeytymiselle. Aineenopettajan, ryhm\u00e4nohjaajan, opinto-ohjaajan ja erityisopettajan lis\u00e4ksi tukea antavat opiskeluhuollon ammattihenkil\u00f6t. Tilanteissa, joissa opiskelijan opiskeluun liittyv\u00e4t ongelmat (ml. poissaolot) ovat jatkuvia, tulee tukitoimien toteuttamiseen liittyen olla yhteydess\u00e4 lukion rehtoriin.&nbsp;<\/p>\n\n<\/div><\/details><\/div>\n\n<div class=\"lightweight-accordion has-text-color\"><details><summary class=\"lightweight-accordion-title\" style=\"color:#4e56b1;\"><span><strong>Opintojakson keskeytyminen<\/strong><\/span><\/summary><div class=\"lightweight-accordion-body\">\n\n<p>Mik\u00e4li opintojakson suorittaminen keskeytyy, opiskelijalle kirjataan K-merkint\u00e4 (opintojakso j\u00e4tetty kesken). Aineenopettaja ilmoittaa ryhm\u00e4nohjaajalle ja opinto-ohjaajalle opintojakson keskeytyneen.<\/p>\n\n<\/div><\/details><\/div>\n<\/div><\/details><\/div>\n\n\n<h3 class=\"wp-block-heading has-text-color has-link-color has-medium-font-size wp-elements-7ebe1a5d439c590582f5c1e9e0f5f114\" style=\"color:#4e56b1\"><\/h3>\n\n\n<div class=\"lightweight-accordion has-text-color\"><details><summary class=\"lightweight-accordion-title\" style=\"color:#4e56b1;\"><span><strong>Materiaaleja kiinnittymisen ja hyvinvoinnin tueksi<\/strong><\/span><\/summary><div class=\"lightweight-accordion-body\">\n\n<p><strong>Hyv\u00e4t k\u00e4yt\u00e4nteet Laadukas ja saavutettava Turun lukiokoulutus -hankkeen blogissa:&nbsp;&nbsp;<\/strong><\/p>\n\n\n\n<ul class=\"wp-block-list\">\n<li><a href=\"https:\/\/blog.edu.turku.fi\/laadukkaasti-turun-lukioissa\/files\/2025\/04\/Toiminnallisia-menet.pdf\" target=\"_blank\" rel=\"noreferrer noopener\">Toiminnallisia opetusmenetelmi\u00e4<\/a>&nbsp;<\/li>\n\n\n\n<li><a href=\"https:\/\/blog.edu.turku.fi\/laadukkaasti-turun-lukioissa\/files\/2025\/04\/HYVINV2.pdf\" target=\"_blank\" rel=\"noreferrer noopener\">Hyvinvointia lukioon<\/a>&nbsp;<\/li>\n\n\n\n<li><a href=\"https:\/\/blog.edu.turku.fi\/laadukkaasti-turun-lukioissa\/files\/2025\/04\/OPISKE1.pdf\" target=\"_blank\" rel=\"noreferrer noopener\">Opiskelijoiden osallistaminen luokkahaasteella<\/a>&nbsp;<\/li>\n<\/ul>\n\n\n\n<p><strong>Materiaaleja ryhm\u00e4ytymiseen ja kouluun kiinnittymiseen<\/strong>:<\/p>\n\n\n\n<div class=\"wp-block-group is-layout-constrained wp-block-group-is-layout-constrained\">\n<p style=\"margin-top:0;margin-bottom:0\"><a href=\"https:\/\/edumailturku-my.sharepoint.com\/personal\/annika_ollila_edu_turku_fi\/_layouts\/15\/onedrive.aspx?id=%2Fpersonal%2Fannika%5Follila%5Fedu%5Fturku%5Ffi%2FDocuments%2FHarjoitepankki%20Turun%20lukioissa%20ty%C3%B6skenteleville%2Epdf&amp;parent=%2Fpersonal%2Fannika%5Follila%5Fedu%5Fturku%5Ffi%2FDocuments&amp;ga=1&amp;LOF=1\">Harjoitepankki<\/a> Turun lukioissa ty\u00f6skenteleville sis\u00e4lt\u00e4\u00e4 sek\u00e4 tutustumis- ja<br>ryhm\u00e4ytysharjoitteita ett\u00e4 keskittymis- ja aktivoimisharjoitteita. Harjoitteet tukevat lukiolaisten hyvinvointia arjessa sek\u00e4 vahvistavat opiskelijoiden kohtaamista ja kohdatuksi tulemista.<br><\/p>\n\n\n\n<p style=\"margin-top:0;margin-bottom:0\"><\/p>\n\n\n\n<p style=\"margin-top:0;margin-bottom:0\"><a href=\"https:\/\/www.koulukunnossa.fi\/\" target=\"_blank\" rel=\"noreferrer noopener\">Etusivu &#8211; KouluKunnossa<\/a>&nbsp;Sivuston ennaltaehk\u00e4isyn osiosta l\u00f6yd\u00e4t tietoa oppilaan kouluun kiinnittymisest\u00e4.<\/p>\n<\/div>\n\n<\/div><\/details><\/div>","protected":false},"excerpt":{"rendered":"<p>Yhteis\u00f6, hyvinvointi ja lukioon kiinnittyminen Opiskeluyhteis\u00f6\u00f6n kiinnittymisell\u00e4 on huomattavia vaikutuksia opiskelijan oppimiseen, hyvinvointiin ja opinnoissa menestymiseen. Hyvin opiskeluyhteis\u00f6\u00f6ns\u00e4 kiinnittyneet opiskelijat kokevat oppimisen merkityksellisen\u00e4, sitoutuvat tavoitteisiinsa ja jaksavat panostaa opintoihinsa. Kiinnittyminen on monitahoinen ilmi\u00f6, joka onnistuessaan n\u00e4kyy v\u00e4h\u00e4isin\u00e4 poissaoloina, opiskelijoiden tunneper\u00e4isen\u00e4<\/p>\n","protected":false},"author":1160,"featured_media":0,"parent":4611,"menu_order":0,"comment_status":"closed","ping_status":"closed","template":"","meta":{"footnotes":""},"class_list":["post-4696","page","type-page","status-publish","hentry"],"_links":{"self":[{"href":"https:\/\/blog.edu.turku.fi\/oppimisen-tuki\/wp-json\/wp\/v2\/pages\/4696","targetHints":{"allow":["GET"]}}],"collection":[{"href":"https:\/\/blog.edu.turku.fi\/oppimisen-tuki\/wp-json\/wp\/v2\/pages"}],"about":[{"href":"https:\/\/blog.edu.turku.fi\/oppimisen-tuki\/wp-json\/wp\/v2\/types\/page"}],"author":[{"embeddable":true,"href":"https:\/\/blog.edu.turku.fi\/oppimisen-tuki\/wp-json\/wp\/v2\/users\/1160"}],"replies":[{"embeddable":true,"href":"https:\/\/blog.edu.turku.fi\/oppimisen-tuki\/wp-json\/wp\/v2\/comments?post=4696"}],"version-history":[{"count":66,"href":"https:\/\/blog.edu.turku.fi\/oppimisen-tuki\/wp-json\/wp\/v2\/pages\/4696\/revisions"}],"predecessor-version":[{"id":5887,"href":"https:\/\/blog.edu.turku.fi\/oppimisen-tuki\/wp-json\/wp\/v2\/pages\/4696\/revisions\/5887"}],"up":[{"embeddable":true,"href":"https:\/\/blog.edu.turku.fi\/oppimisen-tuki\/wp-json\/wp\/v2\/pages\/4611"}],"wp:attachment":[{"href":"https:\/\/blog.edu.turku.fi\/oppimisen-tuki\/wp-json\/wp\/v2\/media?parent=4696"}],"curies":[{"name":"wp","href":"https:\/\/api.w.org\/{rel}","templated":true}]}}