{"id":4693,"date":"2025-06-16T13:23:50","date_gmt":"2025-06-16T10:23:50","guid":{"rendered":"https:\/\/blog.edu.turku.fi\/oppimisen-tuki\/?page_id=4693"},"modified":"2026-03-20T12:48:05","modified_gmt":"2026-03-20T10:48:05","slug":"sivu-5-pedagogiset-asiakirjat-ja-tuen-kirjaaminen","status":"publish","type":"page","link":"https:\/\/blog.edu.turku.fi\/oppimisen-tuki\/koulutusasteet\/lukiokoulutus\/oppimisen-ja-opiskelun-tuki-lukiossa\/sivu-5-pedagogiset-asiakirjat-ja-tuen-kirjaaminen\/","title":{"rendered":"Pedagogiset asiakirjat ja tuen kirjaaminen\u00a0"},"content":{"rendered":"\n<p>T\u00e4\u00e4lt\u00e4 osiosta l\u00f6yd\u00e4t tietoa pedagogisen tuen asiakirjoista ja tuen kirjaamisesta. Saat jokaisen osion auki klikkaamalla otsikkoa.<br><br><em>T\u00e4t\u00e4 sivua p\u00e4ivitet\u00e4\u00e4n ja t\u00e4ydennet\u00e4\u00e4n lukuvuoden 25-26 aikana.<\/em><\/p>\n\n\n\n<p><strong>Toimintamallit!<\/strong><\/p>\n\n\n<div class=\"lightweight-accordion has-text-color\"><details><summary class=\"lightweight-accordion-title\" style=\"color:#4e56b1;\"><span><strong>Opiskelijan henkil\u00f6kohtainen opintosuunnitelma\u00a0<\/strong><\/span><\/summary><div class=\"lightweight-accordion-body\">\n\n<p><strong>Opintojen alussa opiskelija laatii henkil\u00f6kohtaisen opintosuunnitelman yhdess\u00e4 opinto-ohjaajan kanssa. <\/strong>Opintosuunnitelmaan sis\u00e4ltyv\u00e4t: opiskelusuunnitelma, ylioppilastutkintosuunnitelma ja jatko-opinto- ja urasuunnitelma. Opiskelusuunnitelman yhteydess\u00e4 k\u00e4yd\u00e4\u00e4n l\u00e4pi mm. opiskelijan aikaisempi osaaminen, kielitaito, tulevaisuuteen liittyv\u00e4t suunnitelmat ja tavoitteet, mahdollinen hyv\u00e4ksi luettava osaaminen, suoritettavat opinnot ja lukio-opinnoissa eteneminen, opiskeluolosuhteet, opintojen suorittamistavat ja mahdolliset opetusj\u00e4rjestelyt sek\u00e4 opiskeluvalmiudet ja mahdolliset tuen tarpeet. Suunnitelmaa p\u00e4ivitet\u00e4\u00e4n s\u00e4\u00e4nn\u00f6llisesti opintojen edetess\u00e4. <\/p>\n\n\n\n<p><strong>Opinto-ohjaajan kanssa p\u00e4ivitet\u00e4\u00e4n my\u00f6s mahdolliset muutokset opintojen aikatauluun, sill\u00e4 opintoajan pident\u00e4minen on yksi mahdollinen tuen muoto.<\/strong> Opiskelija voi my\u00f6s halutessaan kirjauttaa tukitoimet osaksi pedagogisen tuen suunnitelmaa. <\/p>\n\n<\/div><\/details><\/div>\n\n<div class=\"lightweight-accordion has-text-color\"><details><summary class=\"lightweight-accordion-title\" style=\"color:#4e56b1;\"><span><strong>Ryhm\u00e4nohjaajan lomake (t\u00e4ydentyy)\u00a0<\/strong><\/span><\/summary><div class=\"lightweight-accordion-body\">\n\n<p>Ryhm\u00e4nohjaaja kirjaa omat\/pedagogisessa palaverissa sovitut tukitoimet ja pidemm\u00e4t keskustelut muistiin RO-lomakkeelle.&nbsp;<\/p>\n\n<\/div><\/details><\/div>\n\n<div class=\"lightweight-accordion has-text-color\"><details><summary class=\"lightweight-accordion-title\" style=\"color:#4e56b1;\"><span><strong>Pedagogisen tuen suunnitelma (PS) (tulossa)<\/strong><\/span><\/summary><div class=\"lightweight-accordion-body\"><\/div><\/details><\/div>\n\n<div class=\"lightweight-accordion has-text-color\"><details><summary class=\"lightweight-accordion-title\" style=\"color:#4e56b1;\"><span><strong>Erityisj\u00e4rjestelyjen hakeminen ylioppilaskirjoituksiin\u00a0<\/strong><\/span><\/summary><div class=\"lightweight-accordion-body\">\n\n<p>Erityisopettajan antama oppimisen tuki voi olla my\u00f6s ylioppilastutkinnon erityisj\u00e4rjestelyjen tarpeen arviointia sek\u00e4 lukioaikaisten oppimisen ja osaamisen osoittamisen tapojen ja erityisj\u00e4rjestelyjen suunnittelua yhteisty\u00f6ss\u00e4 aineenopettajien kanssa. <\/p>\n\n\n\n<p>Opiskelijalle tulee antaa mahdollisuus kokeilla erityisj\u00e4rjestelyj\u00e4 lukio\u00ad-opintojen aikana, jotta niiden tarvetta ja toimivuutta voidaan arvioida. Erityisj\u00e4rjestelyj\u00e4 haetaan pedagogisen tuen suunnitelmaan kirjattujen tukitoimien pohjalta. Tarvittaessa eritysopettaja ohjaa tarvittavien lausuntojen hankkimisessa ja erityisj\u00e4rjestelyjen hakemisessa ylioppilastutkinnon kokeita varten.\u00a0<\/p>\n\n\n\n<p style=\"font-size:16px\">Lis\u00e4\u00e4 tietoa t\u00e4\u00e4ll\u00e4 : <a href=\"https:\/\/www.ylioppilastutkinto.fi\/fi\/tutkinnon-toimeenpano\/maaraykset-ja-ohjeet\/koesuoritusta-heikentavan-syyn-huomioon-ottaminen\" target=\"_blank\" rel=\"noreferrer noopener\"><strong>Erityisj\u00e4rjestelyjen hakemisesta YTL:n sivuilla<\/strong><\/a><\/p>\n\n<\/div><\/details><\/div>\n\n\n<p>&nbsp;<\/p>\n\n\n\n<p><\/p>\n","protected":false},"excerpt":{"rendered":"<p>T\u00e4\u00e4lt\u00e4 osiosta l\u00f6yd\u00e4t tietoa pedagogisen tuen asiakirjoista ja tuen kirjaamisesta. Saat jokaisen osion auki klikkaamalla otsikkoa. T\u00e4t\u00e4 sivua p\u00e4ivitet\u00e4\u00e4n ja t\u00e4ydennet\u00e4\u00e4n lukuvuoden 25-26 aikana. Toimintamallit! &nbsp;<\/p>\n","protected":false},"author":1160,"featured_media":0,"parent":4611,"menu_order":0,"comment_status":"closed","ping_status":"closed","template":"","meta":{"footnotes":""},"class_list":["post-4693","page","type-page","status-publish","hentry"],"_links":{"self":[{"href":"https:\/\/blog.edu.turku.fi\/oppimisen-tuki\/wp-json\/wp\/v2\/pages\/4693","targetHints":{"allow":["GET"]}}],"collection":[{"href":"https:\/\/blog.edu.turku.fi\/oppimisen-tuki\/wp-json\/wp\/v2\/pages"}],"about":[{"href":"https:\/\/blog.edu.turku.fi\/oppimisen-tuki\/wp-json\/wp\/v2\/types\/page"}],"author":[{"embeddable":true,"href":"https:\/\/blog.edu.turku.fi\/oppimisen-tuki\/wp-json\/wp\/v2\/users\/1160"}],"replies":[{"embeddable":true,"href":"https:\/\/blog.edu.turku.fi\/oppimisen-tuki\/wp-json\/wp\/v2\/comments?post=4693"}],"version-history":[{"count":22,"href":"https:\/\/blog.edu.turku.fi\/oppimisen-tuki\/wp-json\/wp\/v2\/pages\/4693\/revisions"}],"predecessor-version":[{"id":5900,"href":"https:\/\/blog.edu.turku.fi\/oppimisen-tuki\/wp-json\/wp\/v2\/pages\/4693\/revisions\/5900"}],"up":[{"embeddable":true,"href":"https:\/\/blog.edu.turku.fi\/oppimisen-tuki\/wp-json\/wp\/v2\/pages\/4611"}],"wp:attachment":[{"href":"https:\/\/blog.edu.turku.fi\/oppimisen-tuki\/wp-json\/wp\/v2\/media?parent=4693"}],"curies":[{"name":"wp","href":"https:\/\/api.w.org\/{rel}","templated":true}]}}