{"id":4686,"date":"2025-06-16T13:09:09","date_gmt":"2025-06-16T10:09:09","guid":{"rendered":"https:\/\/blog.edu.turku.fi\/oppimisen-tuki\/?page_id=4686"},"modified":"2026-03-20T13:23:20","modified_gmt":"2026-03-20T11:23:20","slug":"sivu-3-tuen-tarpeen-tunnistaminen","status":"publish","type":"page","link":"https:\/\/blog.edu.turku.fi\/oppimisen-tuki\/koulutusasteet\/lukiokoulutus\/oppimisen-ja-opiskelun-tuki-lukiossa\/sivu-3-tuen-tarpeen-tunnistaminen\/","title":{"rendered":"Tuen tarpeen tunnistaminen"},"content":{"rendered":"\n<h2 class=\"wp-block-heading has-text-color has-link-color has-medium-font-size wp-elements-1f70411303d1dcb3557fa6a9488dfb7e\" style=\"color:#4e56b1\"><strong>Tuen tarpeen tunnistaminen Turun lukioissa&nbsp;<\/strong><\/h2>\n\n\n\n<div class=\"wp-block-group is-layout-constrained wp-block-group-is-layout-constrained\">\n<p>Opiskelijoiden tuen tarpeita kartoitetaan ja pyrit\u00e4\u00e4n tunnistamaan sek\u00e4 opintojen alussa ett\u00e4 systemaattisesti koko lukio-opintojen ajan. Tiedonsiirron, oppimisen vaikeuksia tunnistavien seulojen, oppiainekohtaisten l\u00e4ht\u00f6tasotestien sek\u00e4 jatkuvan havainnoinnin avulla luodaan kokonaiskuvaa opiskelijoiden tilanteista ja oppimiseen liittyvist\u00e4 tuen tarpeista.<\/p>\n\n\n\n<p>Koko lukion henkil\u00f6st\u00f6 on vastuussa tuen tarpeiden tunnistamisesta. Jos opettajalla her\u00e4\u00e4 huoli opiskelijan oppimiseen, jaksamiseen, poissaoloihin tai k\u00e4yt\u00f6kseen liittyen, on siihen aina reagoitava. Poissaolojen seuranta ja niihin puuttuminen on keskeinen osa ennaltaehk\u00e4isev\u00e4\u00e4 opiskelun tukea. Poissaolot ovat usein ensimm\u00e4isi\u00e4 merkkej\u00e4, jotka ennakoivat opiskeluun liittyvi\u00e4 vaikeuksia. <\/p>\n\n\n\n<p>Lue lis\u00e4\u00e4: <a href=\"https:\/\/blog.edu.turku.fi\/oppimisen-tuki\/koulutusasteet\/lukiokoulutus\/oppimisen-ja-opiskelun-tuki-lukiossa\/sivu-6-lukioon-kiinnittyminen-ja-poissaolojen-ehkaiseminen\/\" data-type=\"page\" data-id=\"4696\">Lukioon kiinnittyminen ja poissaolot<\/a><\/p>\n\n\n\n<figure class=\"wp-block-image size-large\"><img loading=\"lazy\" decoding=\"async\" width=\"1024\" height=\"576\" src=\"https:\/\/blog.edu.turku.fi\/oppimisen-tuki\/files\/2026\/03\/Tuen-tarpeen-tunnistaminen-kuva-1024x576.png\" alt=\"Opiskelijoiden tuen tarpeita kartoitetaan ja pyrit\u00e4\u00e4n tunnistamaan sek\u00e4 opintojen alussa ett\u00e4 systemaattisesti koko lukio-opintojen ajan. Tiedonsiirron, oppimisen vaikeuksia tunnistavien seulojen, oppiainekohtaisten l\u00e4ht\u00f6tasotestien sek\u00e4 jatkuvan havainnoinnin avulla luodaan kokonaiskuvaa opiskelijoiden tilanteista ja oppimiseen liittyvist\u00e4 tuen tarpeista.\n\nKoko lukion henkil\u00f6st\u00f6 on vastuussa tuen tarpeiden tunnistamisesta. Jos opettajalla her\u00e4\u00e4 huoli opiskelijan oppimiseen, jaksamiseen, poissaoloihin tai k\u00e4yt\u00f6kseen liittyen, on siihen aina reagoitava. Poissaolojen seuranta ja niihin puuttuminen on keskeinen osa ennaltaehk\u00e4isev\u00e4\u00e4 opiskelun tukea. Poissaolot ovat usein ensimm\u00e4isi\u00e4 merkkej\u00e4, jotka ennakoivat opiskeluun liittyvi\u00e4 vaikeuksia.\" class=\"wp-image-5851\" srcset=\"https:\/\/blog.edu.turku.fi\/oppimisen-tuki\/files\/2026\/03\/Tuen-tarpeen-tunnistaminen-kuva-1024x576.png 1024w, https:\/\/blog.edu.turku.fi\/oppimisen-tuki\/files\/2026\/03\/Tuen-tarpeen-tunnistaminen-kuva-300x169.png 300w, https:\/\/blog.edu.turku.fi\/oppimisen-tuki\/files\/2026\/03\/Tuen-tarpeen-tunnistaminen-kuva.png 1600w\" sizes=\"auto, (max-width: 1024px) 100vw, 1024px\" \/><figcaption class=\"wp-element-caption\">Kuva: Tuen tarpeen tunnistamista tukevat k\u00e4yt\u00e4nteet Turun lukioissa<\/figcaption><\/figure>\n\n\n\n<div class=\"wp-block-group is-layout-constrained wp-block-group-is-layout-constrained\" style=\"border-style:none;border-width:0px;padding-top:0;padding-bottom:0\">\n<div class=\"wp-block-group is-layout-constrained wp-block-group-is-layout-constrained\">\n<p><strong>Mit\u00e4 voit tehd\u00e4, jos huoli her\u00e4\u00e4:<\/strong><\/p>\n\n\n\n<ol class=\"wp-block-list\">\n<li>Kysy\u00e4 opiskelijan kuulumisia<\/li>\n\n\n\n<li>Ilmoittaa huolesta ryhm\u00e4nohjaajalle ja tarvittaessa huoltajalle<\/li>\n\n\n\n<li>Konsultoida ryhm\u00e4nohjaajaa, aineenopettajaa, opinto-ohjaajaa tai erityisopettajaa<\/li>\n\n\n\n<li>Pit\u00e4\u00e4 pedagoginen palaveri tai tarvittaessa MAR-palaveri<\/li>\n\n\n\n<li>Ohjata opiskelija eteenp\u00e4in esim. erityisopettajalle tai opiskeluhuollon piiriin<\/li>\n<\/ol>\n<\/div>\n<\/div>\n\n\n\n<p>Henkil\u00f6st\u00f6 rohkaisee opiskelijoita kertomaan itse omista haasteistaan, ottamaan aktiivisesti vastuuta opinnoistaan ja toimimaan oma-aloitteisesti.<\/p>\n\n\n\n<p><strong>Lue lis\u00e4\u00e4 tuen tarpeen tunnistamista tukevista k\u00e4yt\u00e4nteist\u00e4:<\/strong><\/p>\n\n\n<div class=\"lightweight-accordion has-text-color\"><details><summary class=\"lightweight-accordion-title\" style=\"color:#4e56b1;\"><span><strong>Siirtym\u00e4vaiheen tiedonsiirto<\/strong><\/span><\/summary><div class=\"lightweight-accordion-body\">\n\n<p>Lukio-opinnot aloittavan opiskelijan tuen tarpeista pyrit\u00e4\u00e4n saamaan siirtym\u00e4vaiheessa mahdollisimman aikaisin tieto perusopetuksen oppilaitoksesta, jotta tarvittavat tuen j\u00e4rjestelyt voidaan aloittaa v\u00e4litt\u00f6m\u00e4sti.<\/p>\n\n\n\n<p>Oppilaskohtaista tukea koskevat asiakirjat siirtyv\u00e4t Turun kaupungin sis\u00e4ll\u00e4 s\u00e4hk\u00f6isen j\u00e4rjestelm\u00e4n kautta. Ulkopaikkakuntalaisten opiskelijoiden tiedot eiv\u00e4t siirry automaattisesti, vaan niiden toimittaminen on l\u00e4hett\u00e4v\u00e4n koulun vastuulla.&nbsp;<\/p>\n\n\n\n<p style=\"border-style:none;border-width:0px\">Lukiolla on my\u00f6s oikeus pyyt\u00e4\u00e4 opetuksen j\u00e4rjest\u00e4misen kannalta olennaisia tietoja perusopetuksesta. Tietojen pyyt\u00e4minen on erityisen t\u00e4rke\u00e4\u00e4 tilanteissa, joissa tiedot eiv\u00e4t ole siirtyneet automaattisesti, mutta opiskelijan tuen j\u00e4rjest\u00e4miseksi lis\u00e4selvitykset ovat tarpeen.&nbsp;<\/p>\n\n<\/div><\/details><\/div>\n\n<div class=\"lightweight-accordion has-text-color\"><details><summary class=\"lightweight-accordion-title\" style=\"color:#4e56b1;\"><span><strong>Seulat ja testit\u00a0<\/strong><\/span><\/summary><div class=\"lightweight-accordion-body\">\n\n<p>Opiskelijan opintojen etenemisen seurannan lis\u00e4ksi oppimisvaikeuksia voidaan todentaa esimerkiksi seulontojen ja testien perusteella. Turun lukioissa kaikki ensimm\u00e4isen vuoden opiskelijat osallistuvat lukiseulaan opintojen alkupuolella. Osa opiskelijoista kutsutaan seulonnan j\u00e4lkeen lukitestaukseen. Osana tuen tarpeen arviointia voidaan my\u00f6s haastatella opiskelijaa ja h\u00e4nen opettajiaan. Lis\u00e4ksi aineenopettajilla on mahdollisuus tehd\u00e4 omia seulontoja ja alkutestauksia, kuten esimerkiksi matemaattisia alkuarvioita (esim. Origo-seula).<\/p>\n\n<\/div><\/details><\/div>\n\n<div class=\"lightweight-accordion has-text-color\"><details><summary class=\"lightweight-accordion-title\" style=\"color:#4e56b1;\"><span><strong>Opintojen etenemisen seuranta\u00a0<\/strong><\/span><\/summary><div class=\"lightweight-accordion-body\">\n\n<p>Lukiolain mukaan opiskelijan tuen tarvetta on arvioitava opintojen alussa ja s\u00e4\u00e4nn\u00f6llisesti opintojen aikana. Opiskelijan oppimista seurataan ja tuetaan osana opetusta muun muassa monipuolisten opetusmenetelmien, ty\u00f6tapojen ja ohjauksen avulla. Mahdollisiin tuen tarpeisiin kiinnitet\u00e4\u00e4n huomiota kaikkien aineiden opetuksen yhteydess\u00e4. Tuen tarpeen havaittuaan aineenopettaja keskustelee opiskelijan kanssa opiskeluun liittyvist\u00e4 haasteista, tuen tarpeista ja antaa tarvittavaa tukea.&nbsp;<\/p>\n\n\n\n<p>Tuen tarpeen arviointi tehd\u00e4\u00e4n yhteisty\u00f6ss\u00e4 opiskelijan, ja tarvittaessa huoltajan sek\u00e4 muiden asiantuntijoiden (esimerkiksi opiskeluhuollon) kanssa opiskelijan suostumuksella. Tavoitteena on tunnistaa tukitarpeet varhain ja varmistaa, ett\u00e4 opiskelija saa riitt\u00e4v\u00e4sti tukea opinnoissaan.&nbsp;&nbsp;<\/p>\n\n<\/div><\/details><\/div>\n\n<div class=\"lightweight-accordion has-text-color\"><details><summary class=\"lightweight-accordion-title\" style=\"color:#4e56b1;\"><span><strong>Varhaisen tuen tarpeen tunnistamisen toimintamalli Turun lukioissa<\/strong><\/span><\/summary><div class=\"lightweight-accordion-body\">\n\n<p>Turun lukioissa on k\u00e4yt\u00f6ss\u00e4 varhaisen tuen tunnistamisen toimintamalli, jolla varmistetaan, ett\u00e4 ongelmat opiskelussa tai opintojen etenemisess\u00e4 huomataan riitt\u00e4v\u00e4n ajoissa. Mallin mukaan ryhm\u00e4nohjaaja, opinto-ohjaaja ja erityisopettaja pit\u00e4v\u00e4t s\u00e4\u00e4nn\u00f6llisin v\u00e4liajoin varhaisen tuen palavereita, joissa seurataan ensimm\u00e4isen ja toisen vuoden opiskelijoiden opintojen edistymist\u00e4 ja tuen tarpeita sek\u00e4  sovitaan tilannekohtaisesti sopivista jatkotoimista. <\/p>\n\n\n\n<p><\/p>\n\n\n<div class=\"lightweight-accordion has-text-color\"><details><summary class=\"lightweight-accordion-title\" style=\"color:#4e56b1;\"><span><strong>Ensimm\u00e4isen opiskeluvuoden aikana:\u00a0<\/strong><\/span><\/summary><div class=\"lightweight-accordion-body\">\n\n<p><strong>1. periodissa<\/strong> opiskelijat t\u00e4ytt\u00e4v\u00e4t aloituskyselyn ryhm\u00e4nohjauksessa. Lomakkeessa heilt\u00e4 pyydet\u00e4\u00e4n lupa jakaa tietoja tarvittaessa RO:lle, OPO:lle, EO:lle sek\u00e4 opiskeluhuollon ammattilaisille.&nbsp;<\/p>\n\n\n\n<p><strong>2. periodin<\/strong> <strong>j\u00e4lkeen<\/strong> RO ker\u00e4\u00e4 palautetta aineenopettajilta Wilma-viestill\u00e4, jonka j\u00e4lkeen RO, OPO ja EO kokoontuvat palaveriin. Esille nousseista opiskelijoista sovitaan ty\u00f6njaosta ja mahdollisista jatkotoimenpiteist\u00e4. RO keskustelee opiskelijan kanssa ja on tarvittaessa yhteydess\u00e4 huoltajaan. Tarpeen mukaan j\u00e4rjestet\u00e4\u00e4n pedagoginen palaveri (PP) tai monialainen asiantuntijaryhm\u00e4 (MAR).&nbsp;<\/p>\n\n\n\n<p><strong>4. periodin j\u00e4lkeen<\/strong> k\u00e4yd\u00e4\u00e4n vastaava prosessi kuin 2. periodin j\u00e4lkeen, tavoitteena seurata tilannetta ja reagoida mahdollisiin muutoksiin.<\/p>\n\n<\/div><\/details><\/div>\n\n<div class=\"lightweight-accordion has-text-color\"><details><summary class=\"lightweight-accordion-title\" style=\"color:#4e56b1;\"><span><strong>Toisen opiskeluvuoden aikana:<\/strong>\u00a0<\/span><\/summary><div class=\"lightweight-accordion-body\">\n\n<p><strong>3. periodin j\u00e4lkeen<\/strong> toteutetaan tilannekatsaus. RO pyyt\u00e4\u00e4 aineenopettajilta tietoa mahdollisista huolista, ja RO, OPO ja EO kokoontuvat k\u00e4sittelem\u00e4\u00e4n tilannetta. Tarpeen mukaan opiskelija ohjataan eteenp\u00e4in, j\u00e4rjestet\u00e4\u00e4n PP tai MAR-palaveri.&nbsp;<\/p>\n\n\n\n<p>N\u00e4m\u00e4 palaverit ovat t\u00e4rke\u00e4 osa lukion varhaisen tuen mallia ja auttavat muodostamaan kokonaiskuvan opiskelijan tilanteesta. Opiskelijan n\u00e4k\u00f6kulma ja oma aktiivisuus huomioidaan aina. Opiskelijaa kannustetaan osallistumaan tuen suunnitteluun ja toteutukseen.&nbsp;<\/p>\n\n<\/div><\/details><\/div>\n<\/div><\/details><\/div><\/div>\n\n\n\n<p><br><\/p>\n","protected":false},"excerpt":{"rendered":"<p>Tuen tarpeen tunnistaminen Turun lukioissa&nbsp; Opiskelijoiden tuen tarpeita kartoitetaan ja pyrit\u00e4\u00e4n tunnistamaan sek\u00e4 opintojen alussa ett\u00e4 systemaattisesti koko lukio-opintojen ajan. Tiedonsiirron, oppimisen vaikeuksia tunnistavien seulojen, oppiainekohtaisten l\u00e4ht\u00f6tasotestien sek\u00e4 jatkuvan havainnoinnin avulla luodaan kokonaiskuvaa opiskelijoiden tilanteista ja oppimiseen liittyvist\u00e4 tuen tarpeista.<\/p>\n","protected":false},"author":1160,"featured_media":0,"parent":4611,"menu_order":0,"comment_status":"closed","ping_status":"closed","template":"","meta":{"footnotes":""},"class_list":["post-4686","page","type-page","status-publish","hentry"],"_links":{"self":[{"href":"https:\/\/blog.edu.turku.fi\/oppimisen-tuki\/wp-json\/wp\/v2\/pages\/4686","targetHints":{"allow":["GET"]}}],"collection":[{"href":"https:\/\/blog.edu.turku.fi\/oppimisen-tuki\/wp-json\/wp\/v2\/pages"}],"about":[{"href":"https:\/\/blog.edu.turku.fi\/oppimisen-tuki\/wp-json\/wp\/v2\/types\/page"}],"author":[{"embeddable":true,"href":"https:\/\/blog.edu.turku.fi\/oppimisen-tuki\/wp-json\/wp\/v2\/users\/1160"}],"replies":[{"embeddable":true,"href":"https:\/\/blog.edu.turku.fi\/oppimisen-tuki\/wp-json\/wp\/v2\/comments?post=4686"}],"version-history":[{"count":72,"href":"https:\/\/blog.edu.turku.fi\/oppimisen-tuki\/wp-json\/wp\/v2\/pages\/4686\/revisions"}],"predecessor-version":[{"id":5906,"href":"https:\/\/blog.edu.turku.fi\/oppimisen-tuki\/wp-json\/wp\/v2\/pages\/4686\/revisions\/5906"}],"up":[{"embeddable":true,"href":"https:\/\/blog.edu.turku.fi\/oppimisen-tuki\/wp-json\/wp\/v2\/pages\/4611"}],"wp:attachment":[{"href":"https:\/\/blog.edu.turku.fi\/oppimisen-tuki\/wp-json\/wp\/v2\/media?parent=4686"}],"curies":[{"name":"wp","href":"https:\/\/api.w.org\/{rel}","templated":true}]}}