{"id":4664,"date":"2025-06-16T12:17:35","date_gmt":"2025-06-16T09:17:35","guid":{"rendered":"https:\/\/blog.edu.turku.fi\/oppimisen-tuki\/?page_id=4664"},"modified":"2026-03-24T13:40:01","modified_gmt":"2026-03-24T11:40:01","slug":"sivu-2-tuen-eri-muodot","status":"publish","type":"page","link":"https:\/\/blog.edu.turku.fi\/oppimisen-tuki\/koulutusasteet\/lukiokoulutus\/oppimisen-ja-opiskelun-tuki-lukiossa\/sivu-2-tuen-eri-muodot\/","title":{"rendered":"Pedagogisen tuen muodot"},"content":{"rendered":"\n<figure class=\"wp-block-image size-large\"><img loading=\"lazy\" decoding=\"async\" width=\"1024\" height=\"576\" src=\"https:\/\/blog.edu.turku.fi\/oppimisen-tuki\/files\/2026\/03\/Pedagogisen-tuen-muodot-1024x576.png\" alt=\"\" class=\"wp-image-5847\" srcset=\"https:\/\/blog.edu.turku.fi\/oppimisen-tuki\/files\/2026\/03\/Pedagogisen-tuen-muodot-1024x576.png 1024w, https:\/\/blog.edu.turku.fi\/oppimisen-tuki\/files\/2026\/03\/Pedagogisen-tuen-muodot-300x169.png 300w, https:\/\/blog.edu.turku.fi\/oppimisen-tuki\/files\/2026\/03\/Pedagogisen-tuen-muodot-768x432.png 768w, https:\/\/blog.edu.turku.fi\/oppimisen-tuki\/files\/2026\/03\/Pedagogisen-tuen-muodot-1536x864.png 1536w, https:\/\/blog.edu.turku.fi\/oppimisen-tuki\/files\/2026\/03\/Pedagogisen-tuen-muodot.png 1600w\" sizes=\"auto, (max-width: 1024px) 100vw, 1024px\" \/><figcaption class=\"wp-element-caption\">Kuva: Pedagogisen tuen muodot Turun lukioissa.<\/figcaption><\/figure>\n\n\n\n<p>Ohjaus ja tuki toteutuvat lukiossa tiiviiss\u00e4 yhteisty\u00f6ss\u00e4 eri toimijoiden v\u00e4lill\u00e4. Opiskelijan tukeminen on koko henkil\u00f6st\u00f6n yhteinen teht\u00e4v\u00e4. Yhteisty\u00f6muotoja ovat esimerkiksi samanaikaisopettajuus oppitunneilla, erityisopettajan konsultaatio sek\u00e4 s\u00e4\u00e4nn\u00f6llisesti toistuvat ryhm\u00e4nohjaajan ja opinto-ohjaajan tapaamiset.<\/p>\n\n\n\n<p>Oppimisen tukea j\u00e4rjestet\u00e4\u00e4n ryhm\u00e4muotoisesti ja yksil\u00f6kohtaisesti. Ryhm\u00e4muotoista tukea on aineenopettajan oppitunneilla toteuttama eriytt\u00e4minen ja muut useita opiskelijoita tukevat keinot, kuten esimerkiksi strukturointi ja k\u00e4sitteiden selitt\u00e4minen. Lis\u00e4ksi ryhm\u00e4muotoista tukea ovat muun muassa erilaiset aineenopettajan tai erityisopettajan pit\u00e4m\u00e4t tukipajat, kuten Learning Cafe ja T-hetket sek\u00e4 opiskelutaitoja tukevat opintojaksot. Yksil\u00f6kohtainen tuki tarkoittaa yksil\u00f6lle suunnattua tukea, jota on esimerkiksi apuv\u00e4lineiden k\u00e4ytt\u00f6, pidennetty koeaika tai osaamisen n\u00e4yt\u00f6n suorittaminen muusta ryhm\u00e4st\u00e4 poikkeavalla tavalla.<\/p>\n\n\n\n<p>Aineenopettajat, erityisopettajat, opinto-ohjaajat ja opiskeluhuollon ammattilaiset tekev\u00e4t sek\u00e4 moniammatillista ett\u00e4 monialaista yhteisty\u00f6t\u00e4 opiskelijan oppimisen ja hyvinvoinnin tueksi.\u00a0 Opiskelijakohtaisesti yhteisty\u00f6t\u00e4 tehd\u00e4\u00e4n my\u00f6s pedagogisissa palavereissa (PP), monialaisen asiantuntijaryhm\u00e4n palavereissa (MAR) ja varhaisen tuen palavereissa.<\/p>\n\n\n\n<p>Opiskelijoiden tuen riitt\u00e4vyyden arvioinnista vastaa ryhm\u00e4nohjaaja. Mik\u00e4li aineenopettajien havaitsee tilanteita, joissa annettu tuki ei n\u00e4yt\u00e4 riitt\u00e4v\u00e4n, ryhm\u00e4nohjaaja ilmoittaa asiasta opiskelijan ryhm\u00e4nohjaajalle. Yksil\u00f6lliset tukitoimet suunnitellaan aina yhdess\u00e4 opiskelijan kanssa. Opiskelijan suostumuksella mukaan voidaan ottaa my\u00f6s muita asiantuntijoita. Yhteisty\u00f6n tavoitteena on varmistaa, ett\u00e4 opiskelija saa yksil\u00f6llisesti tarpeidensa mukaista tukea oikea-aikaisesti ja johdonmukaisesti.\u00a0<\/p>\n\n\n\n<p>Annettujen tukitoimien riitt\u00e4vyytt\u00e4 ja toimivuutta arvioidaan s\u00e4\u00e4nn\u00f6llisesti ja tukitoimia p\u00e4ivitet\u00e4\u00e4n opiskelijan oppiminen ja muuttuvat tarpeet huomioiden. Jotta tuen suunnitelmallisuus, seuranta ja vaikuttavuuden arviointi voidaan varmistaa, toteutuneet tukitoimet kirjataan. Opiskelijan luvalla suunnitellut tukitoimet ja niiden toteutus voidaan kirjata opiskelijan henkil\u00f6kohtaiseen opintosuunnitelmaan (lukiolaki 28 \u00a7 2 mom.)&nbsp;<\/p>\n\n\n\n<p><em>Lue lis\u00e4\u00e4 lukioiden ohjaus- ja opetushenkil\u00f6st\u00f6n vastuista oppimisen tukeen liittyen <a href=\"https:\/\/blog.edu.turku.fi\/oppimisen-tuki\/koulutusasteet\/lukiokoulutus\/\">t\u00e4st\u00e4 linkist\u00e4<\/a>. <\/em><\/p>\n\n\n\n<p><strong>Lue lis\u00e4\u00e4 tuen muodoista:<\/strong><\/p>\n\n\n<div class=\"lightweight-accordion has-text-color\"><details><summary class=\"lightweight-accordion-title\" style=\"color:#4e56b1;\"><span><strong>Aineenopettajan antama opetus, ohjaus ja tuki <\/strong>\u00a0<\/span><\/summary><div class=\"lightweight-accordion-body\">\n\n<p>Aineenopettaja ohjaa opiskelijoita opettamansa aineen opiskelutaidoissa ja oppimaan oppimisessa. Oppituntien suunnittelussa ja opetusj\u00e4rjestelyiss\u00e4 aineenopettaja huomioi opiskelijoiden tuen tarpeet muun muassa eriytt\u00e4m\u00e4ll\u00e4 ja k\u00e4ytt\u00e4m\u00e4ll\u00e4 monipuolisia opetusmenetelmi\u00e4.<\/p>\n\n\n\n<p>Osana opetustaan aineenopettaja opettaa aineensa k\u00e4sitteiden ja kielenk\u00e4yt\u00f6n tapoja. Aineenopettaja huomioi opiskelijoiden kielelliset tuen tarpeet ja varmistaa, ett\u00e4 ydink\u00e4sitteet tulevat ymm\u00e4rretyksi.<\/p>\n\n\n\n<p>Aineenopettaja seuraa ja arvioi opintojen edistymist\u00e4, havainnoi opiskelijoiden tuen tarpeita, sek\u00e4 osallistuu opiskelijakohtaisten tukitoimien ja opiskeluj\u00e4rjestelyiden suunnitteluun, toteuttamiseen ja arviointiin. Aineenopettaja kehitt\u00e4\u00e4 oppimista tukevien toimien vaikuttavuutta kollegiaalisessa yhteisty\u00f6ss\u00e4 muiden aineenopettajien, erityisopettajan ja muun opetus- ja ohjaushenkil\u00f6st\u00f6n sek\u00e4 opiskeluhuollon ammattihenkil\u00f6iden kanssa.<\/p>\n\n\n\n<p>Opiskelija voi saada aineenopettajan antamaa tukiopetusta. Tukiopetus on tarkoitettu tilanteisiin, joissa opiskelija on j\u00e4\u00e4nyt tilap\u00e4isesti j\u00e4lkeen opinnoissa tai tarvitsee muusta syyst\u00e4 tukea ja ohjausta opintojen suorittamiseen, mutta tilanne ei johdu opiskelijan omavalintaisista laiminly\u00f6nneist\u00e4 tai poissaoloista.<\/p>\n\n\n\n<p>Tukiopetuksen keinoja ovat esimerkiksi opitun kertaus, opiskelutaitojen vahvistaminen, kielitaidon vahvistaminen sanaston ja kielen k\u00e4yt\u00f6n tapojen osalta sek\u00e4 lukio-\u00adopintojen joustavat j\u00e4rjestelyt ja samanaikaisopetus.&nbsp;<\/p>\n\n\n\n<p>Oppimisen tuki on osa laadukasta opetusta ja kuuluu kaikille opiskelijoille, jotka sit\u00e4 tarvitsevat. Ty\u00f6skentely perustuu Turun lukioiden yhteisiin opetuksen laatukriteereihin:&nbsp;<\/p>\n\n\n\n<p class=\"has-white-background-color has-background\"><a href=\"https:\/\/blog.edu.turku.fi\/laadukkaasti-turun-lukioissa\/laatukriteerit\/#opetus\" target=\"_blank\" rel=\"noreferrer noopener\">Laatukriteerit \u2013 Laadukkaasti Turun lukioissa<\/a>&nbsp;<\/p>\n\n\n\n<p>T\u00e4\u00e4lt\u00e4 l\u00f6yd\u00e4t keinoja opiskelijoiden tukemiseksi eri tilanteissa: <a href=\"https:\/\/opinvoimala.fi\/sivu\/tuen-tyokalut\" target=\"_blank\" rel=\"noreferrer noopener\">https:\/\/opinvoimala.fi\/sivu\/tuen-tyokalut<\/a><\/p>\n\n<\/div><\/details><\/div>\n\n<div class=\"lightweight-accordion has-text-color\"><details><summary class=\"lightweight-accordion-title\" style=\"color:#4e56b1;\"><span><strong>Erityisopettajan antama opetus, ohjaus ja tuki\u00a0\u00a0<\/strong><\/span><\/summary><div class=\"lightweight-accordion-body\">\n\n<p>Lukion erityisopettaja tukee opiskelijoita matalalla kynnyksell\u00e4 osana oppimisen tukea. Erityisopettajan ty\u00f6ss\u00e4 korostuu konsultatiivinen yhteisty\u00f6 muun opetushenkil\u00f6st\u00f6n, oppilaitoksen johdon sek\u00e4 opiskeluhuollon ammattihenkil\u00f6iden kanssa.<\/p>\n\n\n\n<p>Opintojen alussa erityisopettaja tekee opiskelijoille digilukiseulat. Erityisopettaja ohjaa opiskelijoita opiskelutaidoissa ja ajanhallinnassa. Mik\u00e4li opiskelijalla on vaikeuksia oppimisessa ja opiskelussa, erityisopettajalta saa tukea ja vinkkej\u00e4 sopiviin opiskelutekniikoihin ja -strategioihin sek\u00e4 apuv\u00e4lineiden hy\u00f6dynt\u00e4miseen.<\/p>\n\n\n\n<p>Erityisopettaja tekee s\u00e4\u00e4nn\u00f6llisesti yhteisty\u00f6t\u00e4 aineenopettajien, opinto-ohjaajien ja ryhm\u00e4nohjaajien kanssa opiskelijoiden tuen tarpeiden tunnistamisessa sek\u00e4 oppimista tukevien pedagogisten ty\u00f6tapojen kehitt\u00e4misess\u00e4. Erityisopettaja on mukana opiskelijan tuen tarpeiden arvioinnissa ja suunnittelussa sek\u00e4 ylioppilaskirjoitusten erityisj\u00e4rjestelyiden tarpeen arvioinnissa tarpeen mukaan.<\/p>\n\n\n\n<p>Mik\u00e4li opiskelijalla on jokin vamma, toimintarajoite tai pitk\u00e4aikaissairaus, joka vaikuttaa opiskeluun, erityisopettaja tekee tilannekohtaisesti yhteisty\u00f6t\u00e4 my\u00f6s hyvinvointialueen toimijoiden ja opiskelijan henkil\u00f6kohtaisen hoito- ja kuntoutusverkoston kanssa.<\/p>\n\n\n<div class=\"lightweight-accordion has-text-color\"><details><summary class=\"lightweight-accordion-title\" style=\"color:#4e56b1;\"><span><strong>Hallintop\u00e4\u00e4t\u00f6kseen perustuva erityisopetus<\/strong><\/span><\/summary><div class=\"lightweight-accordion-body\">\n\n<p>P\u00e4\u00e4s\u00e4\u00e4nt\u00f6isesti lukiossa annettava tuki on matalan kynnyksen oppimisen tukea, joka toteutuu arjessa opetushenkil\u00f6st\u00f6n yhteisty\u00f6ll\u00e4. Mik\u00e4li oppimisen tuki ei kuitenkaan ole opiskelijalle riitt\u00e4v\u00e4\u00e4, ja opiskelijalla on todennettujen oppimisvaikeuksien tai muun rinnastettavan syyn vuoksi tarve intensiivisemm\u00e4lle tuelle, opiskelijalle voidaan tehd\u00e4 erityisopetusta koskeva hallintop\u00e4\u00e4t\u00f6s (Lukiolaki 28 \u00a7). <\/p>\n\n\n\n<p>Erityisopetuksella tarkoitetaan erityisopettajan antamaa perusteellisempaa ja intensiivisemp\u00e4\u00e4 opiskelutaitojen ja strategioiden opetusta.&nbsp;Erityisopetuksessa tehd\u00e4\u00e4n tarpeen mukaan my\u00f6s yhteisty\u00f6t\u00e4 opiskeluhuollon sek\u00e4 opiskelijan hoito- ja kuntoutusverkoston kanssa.<\/p>\n\n\n\n<p>Erityisopettaja suunnittelee erityisopetuksen tukitoimet yhdess\u00e4 opiskelijan kanssa mahdollista hallintop\u00e4\u00e4t\u00f6st\u00e4 varten.&nbsp;Ennen p\u00e4\u00e4t\u00f6ksen tekemist\u00e4 opiskelijaa ja huoltajaa kuullaan hallintolain mukaisesti. Hallintop\u00e4\u00e4t\u00f6ksen tekee lukion rehtori. P\u00e4\u00e4t\u00f6sharkinnassa otetaan huomioon, onko opiskelija ottanut vastaan h\u00e4nelle tarjotun oppimisen tuen ja edist\u00e4nyt omalla toiminnallaan opintojen etenemist\u00e4.&nbsp;Mik\u00e4li opiskelijalla on perusopetuksessa havaittu tuen tarve, voidaan erityisopetusp\u00e4\u00e4t\u00f6s tilannekohtaisesti tehd\u00e4 jo lukio-opintojen alkaessa.&nbsp;<\/p>\n\n\n\n<p>Mik\u00e4li opiskelijalla, on erityisopetuksen hallintop\u00e4\u00e4t\u00f6s, erityisopettaja seuraa opiskelijoiden tukitoimien toteutumista ja vaikuttavuutta s\u00e4\u00e4nn\u00f6llisesti. Suunnitellut ja toteutetut tukitoimet kirjataan opiskelijan pyynn\u00f6st\u00e4 opiskelijan henkil\u00f6kohtaiseen opintosuunnitelmaan.<\/p>\n\n\n\n<p>Tuen toteutumista ja vaikuttavuutta seurataan v\u00e4hint\u00e4\u00e4n kerran vuodessa siten, ett\u00e4 mukana on opiskelija, erityisopettaja, ryhm\u00e4nohjaaja sek\u00e4 esimerkiksi aineenopettajia, opinto-ohjaaja ja muuta opiskeluhuollon henkil\u00f6st\u00f6\u00e4. Opintosuunnitelmaan kirjatut tukitoimet p\u00e4ivitet\u00e4\u00e4n lukuvuosittain tai aina tarpeen mukaan.&nbsp;<\/p>\n\n<\/div><\/details><\/div>\n<\/div><\/details><\/div>\n\n<div class=\"lightweight-accordion has-text-color\"><details><summary class=\"lightweight-accordion-title\" style=\"color:#4e56b1;\"><span><strong>Opinto-ohjaajan antama opetus, ohjaus ja tuki\u00a0<\/strong><\/span><\/summary><div class=\"lightweight-accordion-body\">\n\n<p>Opinto-ohjaaja (OPO) ohjaa opiskelijoita lukio-opiskelun k\u00e4yt\u00e4nteiss\u00e4, seuraa opintojen etenemist\u00e4 ja tuen tarvetta yhteisty\u00f6ss\u00e4 opiskelijan ja muun henkil\u00f6st\u00f6n kanssa sek\u00e4 osallistuu tarvittaessa opiskelija tuen arviointiin ja suunnitteluun. OPO opettaa opiskelutaitoja, tukee el\u00e4m\u00e4nhallintataitojen kehittymist\u00e4 sek\u00e4 ohjaa henkil\u00f6kohtaisen opintosuunnitelman laatimisessa ja p\u00e4ivitt\u00e4misess\u00e4.<\/p>\n\n\n\n<p>Henkil\u00f6kohtainen opintosuunnitelma sis\u00e4lt\u00e4\u00e4 opiskelijan opiskelusuunnitelman, ylioppilastutkintosuunnitelman sek\u00e4 jatko-opinto- ja urasuunnitelman. Opinto-ohjaaja neuvoo my\u00f6s ylioppilaskirjoituksiin ja mahdollisiin erityisj\u00e4rjestelyihin liittyviss\u00e4 asioissa.<\/p>\n\n\n\n<p>Opinto-ohjauksen opintojaksoilla opetetaan mm. opiskelu- ja tiedonhankintataitoja, oppimaan oppimisen taitoja sek\u00e4 opiskelijan hyvinvointiin, opiskelukykyyn ja vahvuuksiin liittyvi\u00e4\u202faiheita. Opinto-ohjaajalta opiskelija saa tietoa lukion tarjoamien oppimisen tukeen liittyvien opintojen\/opintojaksojen aikatauluista ja niihin osallistumisesta.&nbsp;<\/p>\n\n\n\n<p>Ohjauksen merkitys korostuu koulutuksen nivelvaiheissa. Perusopetuksen oppilaille ja heid\u00e4n huoltajilleen, opinto-ohjaajilleen ja opettajilleen annetaan tietoa lukiokoulutuksesta sek\u00e4 tarjotaan mahdollisuuksia tutustua opetukseen lukiossa. Opintojen alussa opiskelijat perehdytet\u00e4\u00e4n opinto- ja ryhm\u00e4nohjauksessa oppilaitoksen toimintaan sek\u00e4 opiskelun k\u00e4yt\u00e4nteisiin. Opiskelijoiden tuen tarpeet pyrit\u00e4\u00e4n tunnistamaan varhain ja tukea antamaan mahdollisimman oikea-aikaisesti.&nbsp;<\/p>\n\n<\/div><\/details><\/div>\n\n<div class=\"lightweight-accordion has-text-color\"><details><summary class=\"lightweight-accordion-title\" style=\"color:#4e56b1;\"><span><strong>Pedagoginen palaveri (PP)<\/strong><\/span><\/summary><div class=\"lightweight-accordion-body\">\n\n<p>Pedagoginen palaveri (PP) on yksitt\u00e4isen opiskelijan pedagogisen tuen suunnittelua, toteutusta ja arviointia varten pidett\u00e4v\u00e4 palaveri, johon osallistuu opiskelijan lis\u00e4ksi esimerkiksi ryhm\u00e4nohjaaja, opinto-ohjaaja, erityisopettaja tai aineenopettaja. <\/p>\n\n\n\n<p>Pedagogiseen palaveriin osallistuvat ammattilaiset ovat pedagogisen koulutuksen saaneita henkil\u00f6it\u00e4, jotka osallistuvat opiskelijan pedagogisen ohjauksen ja tuen suunnitteluun ja toteutukseen. Palaverin tarkasta kokoonpanosta ja kokoontumisesta sovitaan opiskelijan kanssa.<\/p>\n\n\n\n<div data-wp-interactive=\"core\/file\" class=\"wp-block-file\"><object data-wp-bind--hidden=\"!state.hasPdfPreview\" hidden class=\"wp-block-file__embed\" data=\"https:\/\/blog.edu.turku.fi\/oppimisen-tuki\/files\/2026\/03\/Turun-lukiokoulutus-PP-ohje-3.pdf\" type=\"application\/pdf\" style=\"width:100%;height:600px\" aria-label=\"Tiedoston Turun lukiokoulutus PP-ohje upotus.\"><\/object><a id=\"wp-block-file--media-953426a2-0762-497b-9b98-3530681a4a06\" href=\"https:\/\/blog.edu.turku.fi\/oppimisen-tuki\/files\/2026\/03\/Turun-lukiokoulutus-PP-ohje-3.pdf\">Turun lukiokoulutus PP-ohje<\/a><a href=\"https:\/\/blog.edu.turku.fi\/oppimisen-tuki\/files\/2026\/03\/Turun-lukiokoulutus-PP-ohje-3.pdf\" class=\"wp-block-file__button wp-element-button\" download aria-describedby=\"wp-block-file--media-953426a2-0762-497b-9b98-3530681a4a06\">Lataa<\/a><\/div>\n\n\n\n<p><em>Lis\u00e4\u00e4 tietoa tuen kirjauksista l\u00f6yd\u00e4t osiosta <a href=\"https:\/\/blog.edu.turku.fi\/oppimisen-tuki\/koulutusasteet\/lukiokoulutus\/oppimisen-ja-opiskelun-tuki-lukiossa\/sivu-5-pedagogiset-asiakirjat-ja-tuen-kirjaaminen\/\" data-type=\"page\" data-id=\"4693\">4. Pedagogiset asiakirjat ja tuen kirjaaminen<\/a>.<\/em><br><\/p>\n\n<\/div><\/details><\/div>\n\n<div class=\"lightweight-accordion has-text-color\"><details><summary class=\"lightweight-accordion-title\" style=\"color:#4e56b1;\"><span><strong>Moniammatillinen asiantuntijaryhm\u00e4 (MAR)<\/strong><\/span><\/summary><div class=\"lightweight-accordion-body\">\n\n<p>Monialainen asiantuntijaryhm\u00e4 (MAR) on opiskelijan asioita monialaisesti k\u00e4sittelev\u00e4 palaveri, jossa on opiskelijan, huoltajan ja opetushenkil\u00f6st\u00f6n lis\u00e4ksi mukana opiskeluhuollon edustus. <\/p>\n\n\n\n<p>MAR kutsutaan koolle opiskelijan tai huoltajan kirjallisella suostumuksella. Palaverissa sovitut asiat kirjataan opiskeluhuoltokertomukseen. Palaverin tarkasta kokoonpanosta ja kokoontumisesta sovitaan opiskelijan kanssa.<\/p>\n\n\n\n<div data-wp-interactive=\"core\/file\" class=\"wp-block-file\"><object data-wp-bind--hidden=\"!state.hasPdfPreview\" hidden class=\"wp-block-file__embed\" data=\"https:\/\/blog.edu.turku.fi\/oppimisen-tuki\/files\/2026\/03\/Turun-lukiokoulutus-MAR-ohje-1.pdf\" type=\"application\/pdf\" style=\"width:100%;height:600px\" aria-label=\"Tiedoston Turun lukiokoulutus MAR-ohje upotus.\"><\/object><a id=\"wp-block-file--media-a7d07299-7653-4ca2-a382-880f03df2a37\" href=\"https:\/\/blog.edu.turku.fi\/oppimisen-tuki\/files\/2026\/03\/Turun-lukiokoulutus-MAR-ohje-1.pdf\">Turun lukiokoulutus MAR-ohje<\/a><a href=\"https:\/\/blog.edu.turku.fi\/oppimisen-tuki\/files\/2026\/03\/Turun-lukiokoulutus-MAR-ohje-1.pdf\" class=\"wp-block-file__button wp-element-button\" download aria-describedby=\"wp-block-file--media-a7d07299-7653-4ca2-a382-880f03df2a37\">Lataa<\/a><\/div>\n\n<\/div><\/details><\/div>\n\n<div class=\"lightweight-accordion has-text-color\"><details><summary class=\"lightweight-accordion-title\" style=\"color:#4e56b1;\"><span><strong>Opintojaksot oppimisen tukeen<\/strong>\u00a0<\/span><\/summary><div class=\"lightweight-accordion-body\">\n\n<p>Osana oppimisen tukea opiskelijan oppimista voidaan edist\u00e4\u00e4 my\u00f6s tarjoamalla oppimista ja hyvinvointia lis\u00e4\u00e4vi\u00e4 lukion oppim\u00e4\u00e4r\u00e4\u00e4n sis\u00e4ltyvi\u00e4 opintoja. Opintojaksot antavat tukea esimerkiksi opiskelutaitoihin, el\u00e4m\u00e4nhallintaan tai eri oppiaineiden opiskeluun. &nbsp;Lis\u00e4tietoa opintojaksojen j\u00e4rjest\u00e4misest\u00e4, opintojen toteuttamisen aikatauluista ja ilmoittautumisesta saa lukion opinto-ohjaajilta.<\/p>\n\n\n\n<p>Suomenkieliset opinnot:<\/p>\n\n\n\n<ul class=\"wp-block-list\">\n<li>Taitava oppija HO06 2 op&nbsp;<\/li>\n<\/ul>\n\n\n\n<ul class=\"wp-block-list\">\n<li>Aktiivinen lukiolainen HO01 2 op&nbsp;<\/li>\n<\/ul>\n\n\n\n<ul class=\"wp-block-list\">\n<li>Vapaaksi j\u00e4nnitt\u00e4misest\u00e4 HO04 1 op&nbsp;<\/li>\n<\/ul>\n\n\n\n<ul class=\"wp-block-list\">\n<li>Stressinhallinta ja mielialataidot HO05 2op&nbsp;<\/li>\n<\/ul>\n\n\n\n<ul class=\"wp-block-list\">\n<li>Liikett\u00e4 ajatuksella- keho, mieli ja liike HO07 2 op&nbsp;<\/li>\n<\/ul>\n\n\n\n<ul class=\"wp-block-list\">\n<li>Hyvinvoiva lukio HO08 2op&nbsp;<\/li>\n<\/ul>\n\n\n\n<ul class=\"wp-block-list\">\n<li>RennoX HO09 2op&nbsp;<\/li>\n<\/ul>\n\n\n\n<ul class=\"wp-block-list\">\n<li>Mielenterveyden ensiapu 1 HO10 2op&nbsp;<\/li>\n<\/ul>\n\n\n\n<ul class=\"wp-block-list\">\n<li>Mielenterveyden ensiapu 2 HO11 2op&nbsp;<\/li>\n<\/ul>\n\n\n\n<p>Ruotsinkieliset opinnot:<\/p>\n\n\n\n<ul class=\"wp-block-list\">\n<li>Studera starkt&nbsp;&nbsp;TS03 2op<\/li>\n\n\n\n<li>H\u00e4lsa genom motion GY07 2op<\/li>\n<\/ul>\n\n\n\n<p>L\u00f6yd\u00e4t opintojaksot paikallisen LOPS:in luvusta 7.2.&nbsp;<br><a href=\"https:\/\/eperusteet.opintopolku.fi\/eperusteet-ylops-service\/api\/dokumentit\/31902284\" target=\"_blank\" rel=\"noreferrer noopener\">Turun lukiokoulutuksen paikallinen LOPS2021<\/a> &nbsp;<\/p>\n\n<\/div><\/details><\/div>\n\n\n<p><\/p>\n\n\n<div class=\"lightweight-accordion has-text-color\"><details><summary class=\"lightweight-accordion-title\" style=\"color:#4e56b1;\"><span><strong>Opiskelun poikkeava j\u00e4rjest\u00e4minen ja avustajapalvelut\u00a0 \u00a0<\/strong><\/span><\/summary><div class=\"lightweight-accordion-body\">\n\n<p>Opiskelun poikkeavalla j\u00e4rjest\u00e4misell\u00e4 voidaan tukea opiskelijan oppim\u00e4\u00e4r\u00e4n tavoitteiden saavuttamista. Poikkeava opiskelun j\u00e4rjest\u00e4minen ei tarkoita poikkeamista lukiokoulutuksen oppim\u00e4\u00e4r\u00e4n tavoitteista&nbsp;vaan opiskelijan opiskelun j\u00e4rjestelyj\u00e4 osittain toisin kuin lukiolaissa, valtioneuvoston asetuksissa ja paikallisessa opetussuunnitelmassa m\u00e4\u00e4r\u00e4t\u00e4\u00e4n. Poikkeavia j\u00e4rjestelyj\u00e4 voi hakea opiskelija itse tai ne voidaan hakea h\u00e4nen suostumuksellaan. Poikkeavat j\u00e4rjestelyt tehd\u00e4\u00e4n vain niilt\u00e4 osin kuin ne ovat v\u00e4ltt\u00e4m\u00e4tt\u00f6mi\u00e4 ja ne kirjataan opiskelijan henkil\u00f6kohtaiseen opintosuunnitelmaan.&nbsp;<\/p>\n\n<\/div><\/details><\/div>\n\n\n<details class=\"wp-block-details is-layout-flow wp-block-details-is-layout-flow\"><summary>L\u00e4hde:<\/summary>\n<h4 class=\"wp-block-heading\" style=\"font-size:16px\"><em>Turun lukiokoulutuksen paikallinen LOPS 2021 luku 4.3<\/em>&nbsp;<\/h4>\n<\/details>\n\n\n\n<p><\/p>\n","protected":false},"excerpt":{"rendered":"<p>Ohjaus ja tuki toteutuvat lukiossa tiiviiss\u00e4 yhteisty\u00f6ss\u00e4 eri toimijoiden v\u00e4lill\u00e4. Opiskelijan tukeminen on koko henkil\u00f6st\u00f6n yhteinen teht\u00e4v\u00e4. Yhteisty\u00f6muotoja ovat esimerkiksi samanaikaisopettajuus oppitunneilla, erityisopettajan konsultaatio sek\u00e4 s\u00e4\u00e4nn\u00f6llisesti toistuvat ryhm\u00e4nohjaajan ja opinto-ohjaajan tapaamiset. Oppimisen tukea j\u00e4rjestet\u00e4\u00e4n ryhm\u00e4muotoisesti ja yksil\u00f6kohtaisesti. Ryhm\u00e4muotoista tukea on<\/p>\n","protected":false},"author":1160,"featured_media":0,"parent":4611,"menu_order":0,"comment_status":"closed","ping_status":"closed","template":"","meta":{"footnotes":""},"class_list":["post-4664","page","type-page","status-publish","hentry"],"_links":{"self":[{"href":"https:\/\/blog.edu.turku.fi\/oppimisen-tuki\/wp-json\/wp\/v2\/pages\/4664","targetHints":{"allow":["GET"]}}],"collection":[{"href":"https:\/\/blog.edu.turku.fi\/oppimisen-tuki\/wp-json\/wp\/v2\/pages"}],"about":[{"href":"https:\/\/blog.edu.turku.fi\/oppimisen-tuki\/wp-json\/wp\/v2\/types\/page"}],"author":[{"embeddable":true,"href":"https:\/\/blog.edu.turku.fi\/oppimisen-tuki\/wp-json\/wp\/v2\/users\/1160"}],"replies":[{"embeddable":true,"href":"https:\/\/blog.edu.turku.fi\/oppimisen-tuki\/wp-json\/wp\/v2\/comments?post=4664"}],"version-history":[{"count":104,"href":"https:\/\/blog.edu.turku.fi\/oppimisen-tuki\/wp-json\/wp\/v2\/pages\/4664\/revisions"}],"predecessor-version":[{"id":5947,"href":"https:\/\/blog.edu.turku.fi\/oppimisen-tuki\/wp-json\/wp\/v2\/pages\/4664\/revisions\/5947"}],"up":[{"embeddable":true,"href":"https:\/\/blog.edu.turku.fi\/oppimisen-tuki\/wp-json\/wp\/v2\/pages\/4611"}],"wp:attachment":[{"href":"https:\/\/blog.edu.turku.fi\/oppimisen-tuki\/wp-json\/wp\/v2\/media?parent=4664"}],"curies":[{"name":"wp","href":"https:\/\/api.w.org\/{rel}","templated":true}]}}