{"id":462,"date":"2023-01-17T12:31:23","date_gmt":"2023-01-17T10:31:23","guid":{"rendered":"https:\/\/blog.edu.turku.fi\/oppimisen-tuki\/?page_id=462"},"modified":"2023-10-12T11:57:37","modified_gmt":"2023-10-12T08:57:37","slug":"koulukohtainen-opiskeluhuoltoryhma","status":"publish","type":"page","link":"https:\/\/blog.edu.turku.fi\/oppimisen-tuki\/koulutusasteet\/perusopetus\/toimijat\/koulukohtainen-opiskeluhuoltoryhma\/","title":{"rendered":"Koulukohtainen opiskeluhuoltoryhm\u00e4 (KOR)"},"content":{"rendered":"<ul>\n<li>Koulukohtainen opiskeluhuoltoryhm\u00e4 huolehtii yhteis\u00f6llisen opiskeluhuollon kokonaisuudesta.<\/li>\n<li>KOR suunnittelee, kehitt\u00e4\u00e4, toteuttaa ja arvioi yhteis\u00f6llist\u00e4 opiskeluhuoltoa.<\/li>\n<li>KORin teht\u00e4v\u00e4n\u00e4 on edist\u00e4\u00e4 kouluyhteis\u00f6n terveellisyytt\u00e4, turvallisuutta ja hyvinvointia.<\/li>\n<li>KOR koostuu niin opetuksesta kuin opiskeluhuoltopalveluista vastaavista ammattilaisista.<\/li>\n<li>Oppilaiden ja huoltajien edustajat ovat mukana ryhm\u00e4n ty\u00f6skentelyss\u00e4 ja ty\u00f6h\u00f6n voidaan kutsua tarpeen mukaan my\u00f6s oppilaitoksen ulkopuolisia yhteisty\u00f6tahoja.<\/li>\n<li>KOR kokoontuu s\u00e4\u00e4nn\u00f6llisesti, v\u00e4hint\u00e4\u00e4n nelj\u00e4 kertaa vuodessa.<\/li>\n<li>KORissa k\u00e4sitell\u00e4\u00e4n koulun hyvinvointia koskevia tietoja tai tietyn ryhm\u00e4n ilmapiiri\u00e4, dynamiikkaa tai ty\u00f6rauhaa yleisell\u00e4 tasolla.<\/li>\n<li>Rehtori\/vararehtori vastaa.<\/li>\n<\/ul>\n<p>&nbsp;<\/p>\n<p>L\u00e4hteet:<\/p>\n<p>Opetushallitus. Opiskeluhuolto. Haettu 2023 osoitteesta https:\/\/www.oph.fi\/fi\/koulutus-ja-tutkinnot\/opiskeluhuolto<\/p>\n","protected":false},"excerpt":{"rendered":"<p>huolehtii yhteis\u00f6llisen oppilashuollon kokonaisuudesta sek\u00e4 edist\u00e4\u00e4 kouluyhteis\u00f6n terveellisyytt\u00e4, hyvinvointia ja turvallisuutta koostuu niin opetuksesta kuin oppilashuoltopalveluista vastaavista ammattilaisista. &#8230;<\/p>\n","protected":false},"author":56,"featured_media":0,"parent":426,"menu_order":0,"comment_status":"closed","ping_status":"closed","template":"","meta":{"footnotes":""},"class_list":["post-462","page","type-page","status-publish","hentry"],"_links":{"self":[{"href":"https:\/\/blog.edu.turku.fi\/oppimisen-tuki\/wp-json\/wp\/v2\/pages\/462","targetHints":{"allow":["GET"]}}],"collection":[{"href":"https:\/\/blog.edu.turku.fi\/oppimisen-tuki\/wp-json\/wp\/v2\/pages"}],"about":[{"href":"https:\/\/blog.edu.turku.fi\/oppimisen-tuki\/wp-json\/wp\/v2\/types\/page"}],"author":[{"embeddable":true,"href":"https:\/\/blog.edu.turku.fi\/oppimisen-tuki\/wp-json\/wp\/v2\/users\/56"}],"replies":[{"embeddable":true,"href":"https:\/\/blog.edu.turku.fi\/oppimisen-tuki\/wp-json\/wp\/v2\/comments?post=462"}],"version-history":[{"count":7,"href":"https:\/\/blog.edu.turku.fi\/oppimisen-tuki\/wp-json\/wp\/v2\/pages\/462\/revisions"}],"predecessor-version":[{"id":3763,"href":"https:\/\/blog.edu.turku.fi\/oppimisen-tuki\/wp-json\/wp\/v2\/pages\/462\/revisions\/3763"}],"up":[{"embeddable":true,"href":"https:\/\/blog.edu.turku.fi\/oppimisen-tuki\/wp-json\/wp\/v2\/pages\/426"}],"wp:attachment":[{"href":"https:\/\/blog.edu.turku.fi\/oppimisen-tuki\/wp-json\/wp\/v2\/media?parent=462"}],"curies":[{"name":"wp","href":"https:\/\/api.w.org\/{rel}","templated":true}]}}