{"id":4603,"date":"2024-09-26T13:32:55","date_gmt":"2024-09-26T10:32:55","guid":{"rendered":"https:\/\/blog.edu.turku.fi\/oppimisen-tuki\/?page_id=4603"},"modified":"2026-03-23T17:09:46","modified_gmt":"2026-03-23T15:09:46","slug":"lukiokoulutus","status":"publish","type":"page","link":"https:\/\/blog.edu.turku.fi\/oppimisen-tuki\/koulutusasteet\/lukiokoulutus\/","title":{"rendered":"Lukiokoulutus"},"content":{"rendered":"\n<div id=\"lukiokoulutuskaavio\" class=\"kaavio\">\n<div id=\"keha-1\">\n<h2>Vastuut tuen j\u00e4rjest\u00e4misess\u00e4<\/h2>\n<p><a href=\"https:\/\/blog.edu.turku.fi\/oppimisen-tuki\/koulutusasteet\/lukiokoulutus\/toimijat\/opiskelija\/\">Opiskelija ja huoltaja<\/a><\/p>\n<\/div>\n<div id=\"keha-2\">\n<h3>Opetushenkil\u00f6st\u00f6<\/h3>\n<p>\n<a href=\"https:\/\/blog.edu.turku.fi\/oppimisen-tuki\/koulutusasteet\/lukiokoulutus\/toimijat\/opinto-ohjaaja\/\">Opinto-ohjaaja<\/a>\n<a href=\"https:\/\/blog.edu.turku.fi\/oppimisen-tuki\/koulutusasteet\/lukiokoulutus\/toimijat\/aineenopettaja\/\">Aineenopettaja<\/a>\n<a href=\"https:\/\/blog.edu.turku.fi\/oppimisen-tuki\/koulutusasteet\/lukiokoulutus\/toimijat\/erityisopettaja\/\">Erityisopettaja<\/a>\n<a href=\"https:\/\/blog.edu.turku.fi\/oppimisen-tuki\/koulutusasteet\/lukiokoulutus\/toimijat\/ryhmanohjaaja\/\">Ryhm\u00e4nohjaaja<\/a>\n<\/p>\n<\/div>\n<div id=\"keha-3\">\n<h3>Hallinto ja opetukseen sitomaton henkil\u00f6st\u00f6<\/h3>\n<p>\n<a href=\"https:\/\/blog.edu.turku.fi\/oppimisen-tuki\/koulutusasteet\/lukiokoulutus\/toimijat\/rehtori\/\">Rehtori<\/a>\n<a href=\"https:\/\/blog.edu.turku.fi\/oppimisen-tuki\/koulutusasteet\/lukiokoulutus\/toimijat\/yhteisopedagogi\/\">Yhteis\u00f6pedagogi<\/a>\n<a href=\"https:\/\/blog.edu.turku.fi\/oppimisen-tuki\/koulutusasteet\/lukiokoulutus\/toimijat\/koulusihteeri\/\">Koulusihteeri<\/a>\n\n<\/p>\n<\/div>\n<div id=\"keha-4\">\n<h3>Opiskeluhuolto ja muut toimijat<\/h3>\n<p>\n<a href=\"https:\/\/blog.edu.turku.fi\/oppimisen-tuki\/koulutusasteet\/lukiokoulutus\/toimijat\/terveydenhoitaja\/\">Terveydenhoitaja<\/a>\n<a href=\"https:\/\/blog.edu.turku.fi\/oppimisen-tuki\/koulutusasteet\/lukiokoulutus\/toimijat\/psykiatrinen-sairaanhoitaja\/\">Psykiatrinen sairaanhoitaja<\/a>\n<a href=\"https:\/\/blog.edu.turku.fi\/oppimisen-tuki\/koulutusasteet\/lukiokoulutus\/toimijat\/kuraattori\/\">Kuraattori<\/a>\n<a href=\"https:\/\/blog.edu.turku.fi\/oppimisen-tuki\/koulutusasteet\/lukiokoulutus\/toimijat\/psykologi\/\">Psykologi<\/a>\n<a href=\"https:\/\/blog.edu.turku.fi\/oppimisen-tuki\/koulutusasteet\/lukiokoulutus\/toimijat\/lumo\/\">LUMO<\/a>\n<a href=\"https:\/\/blog.edu.turku.fi\/oppimisen-tuki\/koulutusasteet\/lukiokoulutus\/toimijat\/nuorisotyo\/\">Nuorisoty\u00f6<\/a>\n<\/p>\n<\/div>\n<\/div>\n<div class=\"kehakaavioselite\">\n<h2>Vastuut tuen j\u00e4rjest\u00e4misess\u00e4<\/h2>\n<h3>Opetushenkil\u00f6st\u00f6 (sis\u00e4keh\u00e4)<\/h3>\n<p>\n<h3>Hallinto ja opetukseen sitomaton henkil\u00f6st\u00f6 (keskikeh\u00e4)<\/h3>\n<\/p>\n<p>\n<h3>Muut toimijat (ulkokeh\u00e4)<\/h3>\n<\/p>\n<\/div>\n\n\n\n<p><\/p>\n","protected":false},"excerpt":{"rendered":"<p>Vastuut tuen j\u00e4rjest\u00e4misess\u00e4 Opiskelija ja huoltaja Opetushenkil\u00f6st\u00f6 Opinto-ohjaaja Aineenopettaja Erityisopettaja Ryhm\u00e4nohjaaja Hallinto ja opetukseen sitomaton henkil\u00f6st\u00f6 Rehtori Yhteis\u00f6pedagogi Koulusihteeri Opiskeluhuolto ja muut toimijat Terveydenhoitaja Psykiatrinen sairaanhoitaja Kuraattori Psykologi LUMO Nuorisoty\u00f6 Vastuut tuen j\u00e4rjest\u00e4misess\u00e4 Opetushenkil\u00f6st\u00f6 (sis\u00e4keh\u00e4) Hallinto ja opetukseen sitomaton henkil\u00f6st\u00f6<\/p>\n","protected":false},"author":56,"featured_media":0,"parent":309,"menu_order":0,"comment_status":"closed","ping_status":"closed","template":"","meta":{"footnotes":""},"class_list":["post-4603","page","type-page","status-publish","hentry"],"_links":{"self":[{"href":"https:\/\/blog.edu.turku.fi\/oppimisen-tuki\/wp-json\/wp\/v2\/pages\/4603","targetHints":{"allow":["GET"]}}],"collection":[{"href":"https:\/\/blog.edu.turku.fi\/oppimisen-tuki\/wp-json\/wp\/v2\/pages"}],"about":[{"href":"https:\/\/blog.edu.turku.fi\/oppimisen-tuki\/wp-json\/wp\/v2\/types\/page"}],"author":[{"embeddable":true,"href":"https:\/\/blog.edu.turku.fi\/oppimisen-tuki\/wp-json\/wp\/v2\/users\/56"}],"replies":[{"embeddable":true,"href":"https:\/\/blog.edu.turku.fi\/oppimisen-tuki\/wp-json\/wp\/v2\/comments?post=4603"}],"version-history":[{"count":44,"href":"https:\/\/blog.edu.turku.fi\/oppimisen-tuki\/wp-json\/wp\/v2\/pages\/4603\/revisions"}],"predecessor-version":[{"id":5920,"href":"https:\/\/blog.edu.turku.fi\/oppimisen-tuki\/wp-json\/wp\/v2\/pages\/4603\/revisions\/5920"}],"up":[{"embeddable":true,"href":"https:\/\/blog.edu.turku.fi\/oppimisen-tuki\/wp-json\/wp\/v2\/pages\/309"}],"wp:attachment":[{"href":"https:\/\/blog.edu.turku.fi\/oppimisen-tuki\/wp-json\/wp\/v2\/media?parent=4603"}],"curies":[{"name":"wp","href":"https:\/\/api.w.org\/{rel}","templated":true}]}}