{"id":460,"date":"2023-01-17T12:30:59","date_gmt":"2023-01-17T10:30:59","guid":{"rendered":"https:\/\/blog.edu.turku.fi\/oppimisen-tuki\/?page_id=460"},"modified":"2023-10-24T10:24:37","modified_gmt":"2023-10-24T07:24:37","slug":"koulupsykologi","status":"publish","type":"page","link":"https:\/\/blog.edu.turku.fi\/oppimisen-tuki\/koulutusasteet\/perusopetus\/toimijat\/koulupsykologi\/","title":{"rendered":"Koulupsykologi"},"content":{"rendered":"<ul>\n<li>edist\u00e4\u00e4 lasten ja nuorten psyykkist\u00e4 hyvinvointia ja oppimista yksil\u00f6k\u00e4yntien ja ryhm\u00e4\u00e4n tai koko yhteis\u00f6\u00f6n kohdistuvien toimien kautta<\/li>\n<li>tukee oppilaita henkiseen hyvinvointiin, kasvuun ja kehitykseen liittyviss\u00e4 asioissa, esim. stressi, mieliala, j\u00e4nnitt\u00e4minen, univaikeudet ym.<\/li>\n<li>tukee oppilaita oppimiseen ja keskittymiseen liittyviss\u00e4 asioissa<\/li>\n<li>tekee oppilaiden oppimiseen ja henkiseen hyvinvointiin liittyv\u00e4t psykologiset tutkimukset ja arviot ja ohjaa tarvittaessa muiden palveluiden piiriin<\/li>\n<li>konsultoi tarvittaessa opettajia ja muuta henkil\u00f6st\u00f6\u00e4<\/li>\n<li>ohjaa ja neuvoo oppilaita ja huoltajia oppilaan koulunk\u00e4yntiin, oppimiseen ja henkiseen hyvinvointiin liittyviss\u00e4 asioissa<\/li>\n<li>arvioi tuen tarpeen tuen tason muuttuessa<\/li>\n<li>osallistuu tarvittaessa monialaisen asiantuntijaryhm\u00e4n (MAR)ja koulukohtaisen oppilashuoltoryhm\u00e4n toimintaan (KOR)<\/li>\n<li>tekee yhteisty\u00f6t\u00e4 koulun ulkopuolisten toimijoiden kanssa<\/li>\n<li>selvittelee tarvittaessa oppilasryhmien ja luokkayhteis\u00f6jen toimintaa<\/li>\n<li>osallistuu tarvittaessa luokkaty\u00f6skentelyyn sek\u00e4 erilaisten ryhmien toteuttamiseen<\/li>\n<li>osallistuu koulun toiminnan suunnitteluun (esim. kriisitoimintamalli, turvallisuussuunnitelma)<\/li>\n<li>koulupsykologiin voi olla yhteydess\u00e4 lapsi tai nuori itse, huoltaja, koulun henkil\u00f6kuntaan kuuluva tai muu yhteisty\u00f6taho<\/li>\n<\/ul>\n","protected":false},"excerpt":{"rendered":"<p>edist\u00e4\u00e4 lasten ja nuorten psyykkist\u00e4 hyvinvointia ja oppimista yksil\u00f6k\u00e4yntien ja ryhm\u00e4\u00e4n tai koko yhteis\u00f6\u00f6n kohdistuvien toimien kautta. tukee oppilaita henkiseen hyvinvointiin, kasvuun ja kehitykseen liittyviss\u00e4 asioissa, esi&#8230;<\/p>\n","protected":false},"author":56,"featured_media":0,"parent":426,"menu_order":0,"comment_status":"closed","ping_status":"closed","template":"","meta":{"footnotes":""},"class_list":["post-460","page","type-page","status-publish","hentry"],"_links":{"self":[{"href":"https:\/\/blog.edu.turku.fi\/oppimisen-tuki\/wp-json\/wp\/v2\/pages\/460","targetHints":{"allow":["GET"]}}],"collection":[{"href":"https:\/\/blog.edu.turku.fi\/oppimisen-tuki\/wp-json\/wp\/v2\/pages"}],"about":[{"href":"https:\/\/blog.edu.turku.fi\/oppimisen-tuki\/wp-json\/wp\/v2\/types\/page"}],"author":[{"embeddable":true,"href":"https:\/\/blog.edu.turku.fi\/oppimisen-tuki\/wp-json\/wp\/v2\/users\/56"}],"replies":[{"embeddable":true,"href":"https:\/\/blog.edu.turku.fi\/oppimisen-tuki\/wp-json\/wp\/v2\/comments?post=460"}],"version-history":[{"count":4,"href":"https:\/\/blog.edu.turku.fi\/oppimisen-tuki\/wp-json\/wp\/v2\/pages\/460\/revisions"}],"predecessor-version":[{"id":3962,"href":"https:\/\/blog.edu.turku.fi\/oppimisen-tuki\/wp-json\/wp\/v2\/pages\/460\/revisions\/3962"}],"up":[{"embeddable":true,"href":"https:\/\/blog.edu.turku.fi\/oppimisen-tuki\/wp-json\/wp\/v2\/pages\/426"}],"wp:attachment":[{"href":"https:\/\/blog.edu.turku.fi\/oppimisen-tuki\/wp-json\/wp\/v2\/media?parent=460"}],"curies":[{"name":"wp","href":"https:\/\/api.w.org\/{rel}","templated":true}]}}