{"id":455,"date":"2023-01-17T12:30:05","date_gmt":"2023-01-17T10:30:05","guid":{"rendered":"https:\/\/blog.edu.turku.fi\/oppimisen-tuki\/?page_id=455"},"modified":"2023-07-06T09:41:26","modified_gmt":"2023-07-06T06:41:26","slug":"monikulttuurinen-konsultoiva-erityisopettaja","status":"publish","type":"page","link":"https:\/\/blog.edu.turku.fi\/oppimisen-tuki\/koulutusasteet\/perusopetus\/toimijat\/monikulttuurinen-konsultoiva-erityisopettaja\/","title":{"rendered":"Monikulttuurinen konsultoiva erityisopettaja (MERO)"},"content":{"rendered":"<ul>\n<li>konsultoi kouluja monikielisen oppilaan tukeen ja pedagogisiin asiakirjoihin liittyviss\u00e4 kysymyksiss\u00e4<\/li>\n<li>tukee kouluja vieraskielisen kodin ja koulun yhteisty\u00f6ss\u00e4<\/li>\n<li>tiedottaa perusopetuksen henkil\u00f6st\u00f6\u00e4 ja johtoa monikielisen oppilaan tukeen liittyviss\u00e4 asioissa<\/li>\n<li>tarkistaa ja valmistelee valmistavasta opetuksesta tulevat pedagogiset selvitykset p\u00e4\u00e4t\u00f6sten tekoa varten<\/li>\n<li>tukee toiminnallaan kieli- ja kulttuuritietoisen koulun kehitt\u00e4mist\u00e4<\/li>\n<li>osallistuu tarpeen vaatiessa kokouksiin, joissa k\u00e4sitell\u00e4\u00e4n vieraskielisten oppilaiden tukeen liittyvi\u00e4 asioita<\/li>\n<li>laatii ja jakaa materiaalia koulujen ja vieraskielisten perheiden k\u00e4ytt\u00f6\u00f6n<\/li>\n<li>osallistuu perusopetuksen henkil\u00f6st\u00f6lle vieraskielisten oppilaiden kohtaamiseen, tukemiseen ja ohjaamiseen sek\u00e4 vieraskielisen kodin ja koulun yhteisty\u00f6h\u00f6n liittyvien koulutusten suunnitteluun ja toteutukseen<\/li>\n<li>tekee yhteisty\u00f6t\u00e4 kaupungin konsultoivien erityisopettajien sek\u00e4 erityispalvelup\u00e4\u00e4llik\u00f6n, monikulttuurisen opetuksen suunnittelijan kanssa ja oppimisen tuen suunnittelijan kanssa<\/li>\n<\/ul>\n","protected":false},"excerpt":{"rendered":"<ul>\n<li>konsultoi kouluja monikielisen oppilaan tukeen ja pedagogisiin asiakirjoihin liittyviss\u00e4 kysymyksiss\u00e4<\/li>\n<li>tukee kouluja vieraskielisen kodin ja koulun yhteisty\u00f6ss\u00e4<\/li>\n<li>tiedottaa perusopetuksen henkil\u00f6st\u00f6\u00e4 ja johtoa monikie&#8230;<br \/>\n","protected":false},"author":56,"featured_media":0,"parent":426,"menu_order":0,"comment_status":"closed","ping_status":"closed","template":"","meta":{"footnotes":""},"class_list":["post-455","page","type-page","status-publish","hentry"],"_links":{"self":[{"href":"https:\/\/blog.edu.turku.fi\/oppimisen-tuki\/wp-json\/wp\/v2\/pages\/455","targetHints":{"allow":["GET"]}}],"collection":[{"href":"https:\/\/blog.edu.turku.fi\/oppimisen-tuki\/wp-json\/wp\/v2\/pages"}],"about":[{"href":"https:\/\/blog.edu.turku.fi\/oppimisen-tuki\/wp-json\/wp\/v2\/types\/page"}],"author":[{"embeddable":true,"href":"https:\/\/blog.edu.turku.fi\/oppimisen-tuki\/wp-json\/wp\/v2\/users\/56"}],"replies":[{"embeddable":true,"href":"https:\/\/blog.edu.turku.fi\/oppimisen-tuki\/wp-json\/wp\/v2\/comments?post=455"}],"version-history":[{"count":5,"href":"https:\/\/blog.edu.turku.fi\/oppimisen-tuki\/wp-json\/wp\/v2\/pages\/455\/revisions"}],"predecessor-version":[{"id":2429,"href":"https:\/\/blog.edu.turku.fi\/oppimisen-tuki\/wp-json\/wp\/v2\/pages\/455\/revisions\/2429"}],"up":[{"embeddable":true,"href":"https:\/\/blog.edu.turku.fi\/oppimisen-tuki\/wp-json\/wp\/v2\/pages\/426"}],"wp:attachment":[{"href":"https:\/\/blog.edu.turku.fi\/oppimisen-tuki\/wp-json\/wp\/v2\/media?parent=455"}],"curies":[{"name":"wp","href":"https:\/\/api.w.org\/{rel}","templated":true}]}}