{"id":453,"date":"2023-01-17T12:29:40","date_gmt":"2023-01-17T10:29:40","guid":{"rendered":"https:\/\/blog.edu.turku.fi\/oppimisen-tuki\/?page_id=453"},"modified":"2023-07-06T08:54:56","modified_gmt":"2023-07-06T05:54:56","slug":"konsultoiva-erityisopettaja","status":"publish","type":"page","link":"https:\/\/blog.edu.turku.fi\/oppimisen-tuki\/koulutusasteet\/perusopetus\/toimijat\/konsultoiva-erityisopettaja\/","title":{"rendered":"Konsultoiva erityisopettaja (KERO)"},"content":{"rendered":"<ul>\n<li>konsultoi kouluja tukeen ja pedagogisiin asiakirjoihin liittyviss\u00e4 kysymyksiss\u00e4<\/li>\n<li>on erityisopettajien ty\u00f6n tukena ja ohjaa tuen toteutumista sek\u00e4 kaupungin tasolla ett\u00e4 koulukohtaisesti<\/li>\n<li>suunnittelee erityisopetuksen linjauksia ja toimintatapoja yhdess\u00e4 erityispalvelup\u00e4\u00e4llik\u00f6n, oppimisen tuen suunnittelijan ja MEROn (monikulttuurinen konsultoiva erityisopettaja) kanssa<\/li>\n<li>auttaa pedagogisten asiakirjojen laatimisessa<\/li>\n<li>tarkistaa ja valmistelee pedagogiset selvitykset p\u00e4\u00e4t\u00f6sten tekoa varten<\/li>\n<li>tekee kouluvierailuja, antaa konsultoivaa apua kouluille ja osallistuu tukeen liittyvien interventioiden suunnitteluun<\/li>\n<li>kouluttaa koulujen henkil\u00f6kuntaa tuen asioissa sek\u00e4 pedagogisten asiakirjojen laatimisessa<\/li>\n<li>tekee yhteisty\u00f6t\u00e4 eri yhteisty\u00f6tahojen kanssa, esimerkiksi varhaiskasvatuksen, toisen asteen, MEROn ja sairaalakoulun kanssa.<\/li>\n<li>konsultoivia erityisopettajia on Turussa kolme<\/li>\n<\/ul>\n","protected":false},"excerpt":{"rendered":"<ul>\n<li>konsultoi kouluja tukeen ja pedagogisiin asiakirjoihin liittyviss\u00e4 kysymyksiss\u00e4<\/li>\n<li>on erityisopettajien ty\u00f6n tukena ja ohjaa tuen toteutumista sek\u00e4 kaupungin tasolla ett\u00e4 koulukohtaisesti.<\/li>\n<li>suunnittelee erityisopetukse&#8230;<br \/>\n","protected":false},"author":56,"featured_media":0,"parent":426,"menu_order":0,"comment_status":"closed","ping_status":"closed","template":"","meta":{"footnotes":""},"class_list":["post-453","page","type-page","status-publish","hentry"],"_links":{"self":[{"href":"https:\/\/blog.edu.turku.fi\/oppimisen-tuki\/wp-json\/wp\/v2\/pages\/453","targetHints":{"allow":["GET"]}}],"collection":[{"href":"https:\/\/blog.edu.turku.fi\/oppimisen-tuki\/wp-json\/wp\/v2\/pages"}],"about":[{"href":"https:\/\/blog.edu.turku.fi\/oppimisen-tuki\/wp-json\/wp\/v2\/types\/page"}],"author":[{"embeddable":true,"href":"https:\/\/blog.edu.turku.fi\/oppimisen-tuki\/wp-json\/wp\/v2\/users\/56"}],"replies":[{"embeddable":true,"href":"https:\/\/blog.edu.turku.fi\/oppimisen-tuki\/wp-json\/wp\/v2\/comments?post=453"}],"version-history":[{"count":5,"href":"https:\/\/blog.edu.turku.fi\/oppimisen-tuki\/wp-json\/wp\/v2\/pages\/453\/revisions"}],"predecessor-version":[{"id":2405,"href":"https:\/\/blog.edu.turku.fi\/oppimisen-tuki\/wp-json\/wp\/v2\/pages\/453\/revisions\/2405"}],"up":[{"embeddable":true,"href":"https:\/\/blog.edu.turku.fi\/oppimisen-tuki\/wp-json\/wp\/v2\/pages\/426"}],"wp:attachment":[{"href":"https:\/\/blog.edu.turku.fi\/oppimisen-tuki\/wp-json\/wp\/v2\/media?parent=453"}],"curies":[{"name":"wp","href":"https:\/\/api.w.org\/{rel}","templated":true}]}}