{"id":451,"date":"2023-01-17T12:29:20","date_gmt":"2023-01-17T10:29:20","guid":{"rendered":"https:\/\/blog.edu.turku.fi\/oppimisen-tuki\/?page_id=451"},"modified":"2023-10-12T10:26:04","modified_gmt":"2023-10-12T07:26:04","slug":"valmistavan-opetuksen-opettaja","status":"publish","type":"page","link":"https:\/\/blog.edu.turku.fi\/oppimisen-tuki\/koulutusasteet\/perusopetus\/toimijat\/valmistavan-opetuksen-opettaja\/","title":{"rendered":"Valmistavan opetuksen opettaja"},"content":{"rendered":"<ul>\n<li>opettaa esi- ja perusopetusik\u00e4isi\u00e4 (6-16-vuotiaita) maahanmuuttajataustaisia lapsia ja nuoria, joiden suomen tai ruotsin kielitaito ei ole viel\u00e4 perusopetukseen vaadittavalla alkeiskielitaidon tasolla<\/li>\n<li>opetukseen voivat osallistua sek\u00e4 vasta maahan muuttaneet ett\u00e4 Suomessa syntyneet maahanmuuttajataustaiset lapset ja nuoret<\/li>\n<li>selvitt\u00e4\u00e4 oppilaan aiemman koulu\/opiskelutaustan sek\u00e4 l\u00e4ht\u00f6tason suomen tai ruotsin kielen eri kielitaidon osa-alueilla ja suunnittelee opetuksensa niiden mukaisesti<\/li>\n<li>laatii oppilaalle oman opinto-ohjelman<\/li>\n<li>opettaa suomen\/ruotsin kielen eri kielitaidon osa-alueita tavoitteena antaa riitt\u00e4v\u00e4t valmiudet perusopetukseen siirtymist\u00e4 varten<\/li>\n<li>edist\u00e4\u00e4 oppilaiden tasapainoista kehityst\u00e4 ja kotoutumista suomalaiseen yhteiskuntaan erilaisten oppimisymp\u00e4rist\u00f6jen avulla<\/li>\n<li>suunnittelee oppilaan integroimista perusopetuksen opetusryhm\u00e4\u00e4n yhdess\u00e4 vastaanottavan opetusryhm\u00e4n luokan- tai aineenopettajan kanssa<\/li>\n<li>seuraa oppilaidensa poissaoloja<\/li>\n<li>laatii todistuksen perusopetukseen valmistavaan opetukseen osallistumisesta<\/li>\n<li>tekee yhteisty\u00f6t\u00e4 huoltajien ja muiden tahojen kanssa ja hoitaa nivelvaihe-\/siirtoprosessin<\/li>\n<\/ul>\n","protected":false},"excerpt":{"rendered":"<p>opettaa juuri Suomeen muuttaneita vieraskielisi\u00e4 oppilaita ja selvitt\u00e4\u00e4 oppilaiden aikaisemman koulutaustan laatii oppilaan oman opinto-ohjelman vastaa oman luokkansa opetuksesta, suunnittelee ja toteuttaa eriytt\u00e4m&#8230;<\/p>\n","protected":false},"author":56,"featured_media":0,"parent":426,"menu_order":0,"comment_status":"closed","ping_status":"closed","template":"","meta":{"footnotes":""},"class_list":["post-451","page","type-page","status-publish","hentry"],"_links":{"self":[{"href":"https:\/\/blog.edu.turku.fi\/oppimisen-tuki\/wp-json\/wp\/v2\/pages\/451","targetHints":{"allow":["GET"]}}],"collection":[{"href":"https:\/\/blog.edu.turku.fi\/oppimisen-tuki\/wp-json\/wp\/v2\/pages"}],"about":[{"href":"https:\/\/blog.edu.turku.fi\/oppimisen-tuki\/wp-json\/wp\/v2\/types\/page"}],"author":[{"embeddable":true,"href":"https:\/\/blog.edu.turku.fi\/oppimisen-tuki\/wp-json\/wp\/v2\/users\/56"}],"replies":[{"embeddable":true,"href":"https:\/\/blog.edu.turku.fi\/oppimisen-tuki\/wp-json\/wp\/v2\/comments?post=451"}],"version-history":[{"count":8,"href":"https:\/\/blog.edu.turku.fi\/oppimisen-tuki\/wp-json\/wp\/v2\/pages\/451\/revisions"}],"predecessor-version":[{"id":4490,"href":"https:\/\/blog.edu.turku.fi\/oppimisen-tuki\/wp-json\/wp\/v2\/pages\/451\/revisions\/4490"}],"up":[{"embeddable":true,"href":"https:\/\/blog.edu.turku.fi\/oppimisen-tuki\/wp-json\/wp\/v2\/pages\/426"}],"wp:attachment":[{"href":"https:\/\/blog.edu.turku.fi\/oppimisen-tuki\/wp-json\/wp\/v2\/media?parent=451"}],"curies":[{"name":"wp","href":"https:\/\/api.w.org\/{rel}","templated":true}]}}