{"id":449,"date":"2023-01-17T12:29:02","date_gmt":"2023-01-17T10:29:02","guid":{"rendered":"https:\/\/blog.edu.turku.fi\/oppimisen-tuki\/?page_id=449"},"modified":"2023-07-06T09:54:35","modified_gmt":"2023-07-06T06:54:35","slug":"suomi-toisena-kielena-opettaja","status":"publish","type":"page","link":"https:\/\/blog.edu.turku.fi\/oppimisen-tuki\/koulutusasteet\/perusopetus\/toimijat\/suomi-toisena-kielena-opettaja\/","title":{"rendered":"Suomi toisena kielen\u00e4 -opettaja"},"content":{"rendered":"<ul>\n<li>opettaa suomi toisena kielen\u00e4 ja kirjallisuus -oppim\u00e4\u00e4r\u00e4\u00e4 (S2)<\/li>\n<li>opettaa eri tavoin koulukohtaisista resursseista ja oppilaiden tarpeista riippuen: osittain tai kokonaan ryhm\u00e4ss\u00e4 tai yhteisopettajuusparina luokanopettajan tai aineenopettajan kanssa<\/li>\n<li>vastaa oppim\u00e4\u00e4r\u00e4n vuosiviikkotunneista joko osittain tai kokonaan<\/li>\n<li>tekee oppilaan arvioinnin yhteisty\u00f6ss\u00e4 niiden opettajien kanssa, jotka my\u00f6s opettavat oppilaalle kyseess\u00e4 olevaa oppim\u00e4\u00e4r\u00e4\u00e4<\/li>\n<li>toimii yhteisty\u00f6ss\u00e4 muiden oppiaineiden opettajien kanssa<\/li>\n<li>jakaa resurssien niin salliessa kielitietoista tietotaitoaan my\u00f6s muissa oppiaineissa<\/li>\n<li>konsultoi tarvittaessa opettajia kielitietoisesta opettamisesta<\/li>\n<\/ul>\n","protected":false},"excerpt":{"rendered":"<ul>\n<li>opettaa suomi toisena kielen\u00e4 ja kirjallisuus -oppim\u00e4\u00e4r\u00e4\u00e4 (S2)<\/li>\n<li>S2-opetusta voidaan j\u00e4rjest\u00e4\u00e4 eri tavoin koulukohtaisista resursseista ja oppilaiden tarpeista riippuen: osittain tai kokonaan pienryhm\u00e4ss\u00e4 tai inklusiivisesti luo&#8230;<br \/>\n","protected":false},"author":56,"featured_media":0,"parent":426,"menu_order":0,"comment_status":"closed","ping_status":"closed","template":"","meta":{"footnotes":""},"class_list":["post-449","page","type-page","status-publish","hentry"],"_links":{"self":[{"href":"https:\/\/blog.edu.turku.fi\/oppimisen-tuki\/wp-json\/wp\/v2\/pages\/449","targetHints":{"allow":["GET"]}}],"collection":[{"href":"https:\/\/blog.edu.turku.fi\/oppimisen-tuki\/wp-json\/wp\/v2\/pages"}],"about":[{"href":"https:\/\/blog.edu.turku.fi\/oppimisen-tuki\/wp-json\/wp\/v2\/types\/page"}],"author":[{"embeddable":true,"href":"https:\/\/blog.edu.turku.fi\/oppimisen-tuki\/wp-json\/wp\/v2\/users\/56"}],"replies":[{"embeddable":true,"href":"https:\/\/blog.edu.turku.fi\/oppimisen-tuki\/wp-json\/wp\/v2\/comments?post=449"}],"version-history":[{"count":6,"href":"https:\/\/blog.edu.turku.fi\/oppimisen-tuki\/wp-json\/wp\/v2\/pages\/449\/revisions"}],"predecessor-version":[{"id":2437,"href":"https:\/\/blog.edu.turku.fi\/oppimisen-tuki\/wp-json\/wp\/v2\/pages\/449\/revisions\/2437"}],"up":[{"embeddable":true,"href":"https:\/\/blog.edu.turku.fi\/oppimisen-tuki\/wp-json\/wp\/v2\/pages\/426"}],"wp:attachment":[{"href":"https:\/\/blog.edu.turku.fi\/oppimisen-tuki\/wp-json\/wp\/v2\/media?parent=449"}],"curies":[{"name":"wp","href":"https:\/\/api.w.org\/{rel}","templated":true}]}}