{"id":445,"date":"2023-01-17T12:28:21","date_gmt":"2023-01-17T10:28:21","guid":{"rendered":"https:\/\/blog.edu.turku.fi\/oppimisen-tuki\/?page_id=445"},"modified":"2023-07-06T10:16:25","modified_gmt":"2023-07-06T07:16:25","slug":"koulunkaynninohjaaja","status":"publish","type":"page","link":"https:\/\/blog.edu.turku.fi\/oppimisen-tuki\/koulutusasteet\/perusopetus\/toimijat\/koulunkaynninohjaaja\/","title":{"rendered":"Koulunk\u00e4ynninohjaaja"},"content":{"rendered":"<ul>\n<li>ohjaa ja avustaa oppilaita koulun p\u00e4ivitt\u00e4isiss\u00e4 tilanteissa<\/li>\n<li>tukee oppilasta oppimisprosessin eri vaiheissa siten, ett\u00e4 oppijan omatoimisuus ja itsen\u00e4isyys korostuvat<\/li>\n<li>ty\u00f6skentelee opettajan ohjeistamana, p\u00e4\u00e4vastuu opetusty\u00f6st\u00e4 on opettajalla<\/li>\n<li>tekee ty\u00f6t\u00e4 joustavasti koulun, opetusryhmien ja oppilaiden tuen tarpeiden mukaan<\/li>\n<li>osallistuu ty\u00f6ns\u00e4 kannalta tarpeelliseen oppilaan opetusta, kuntoutusta ja kouluty\u00f6t\u00e4 koskevaan suunnitteluun ja koulutukseen<\/li>\n<\/ul>\n","protected":false},"excerpt":{"rendered":"<ul>\n<li>ohjaa ja avustaa oppilaita koulun p\u00e4ivitt\u00e4isiss\u00e4 tilanteissa<\/li>\n<li>tukee oppilasta oppimisprosessin eri vaiheissa siten, ett\u00e4 oppijan omatoimisuus ja itsen\u00e4isyys korostuvat<\/li>\n<li>ty\u00f6skentelee opettajan ohjeistamana, p\u00e4\u00e4vastuu &#8230;<br \/>\n","protected":false},"author":56,"featured_media":0,"parent":426,"menu_order":0,"comment_status":"closed","ping_status":"closed","template":"","meta":{"footnotes":""},"class_list":["post-445","page","type-page","status-publish","hentry"],"_links":{"self":[{"href":"https:\/\/blog.edu.turku.fi\/oppimisen-tuki\/wp-json\/wp\/v2\/pages\/445","targetHints":{"allow":["GET"]}}],"collection":[{"href":"https:\/\/blog.edu.turku.fi\/oppimisen-tuki\/wp-json\/wp\/v2\/pages"}],"about":[{"href":"https:\/\/blog.edu.turku.fi\/oppimisen-tuki\/wp-json\/wp\/v2\/types\/page"}],"author":[{"embeddable":true,"href":"https:\/\/blog.edu.turku.fi\/oppimisen-tuki\/wp-json\/wp\/v2\/users\/56"}],"replies":[{"embeddable":true,"href":"https:\/\/blog.edu.turku.fi\/oppimisen-tuki\/wp-json\/wp\/v2\/comments?post=445"}],"version-history":[{"count":7,"href":"https:\/\/blog.edu.turku.fi\/oppimisen-tuki\/wp-json\/wp\/v2\/pages\/445\/revisions"}],"predecessor-version":[{"id":2448,"href":"https:\/\/blog.edu.turku.fi\/oppimisen-tuki\/wp-json\/wp\/v2\/pages\/445\/revisions\/2448"}],"up":[{"embeddable":true,"href":"https:\/\/blog.edu.turku.fi\/oppimisen-tuki\/wp-json\/wp\/v2\/pages\/426"}],"wp:attachment":[{"href":"https:\/\/blog.edu.turku.fi\/oppimisen-tuki\/wp-json\/wp\/v2\/media?parent=445"}],"curies":[{"name":"wp","href":"https:\/\/api.w.org\/{rel}","templated":true}]}}