{"id":443,"date":"2023-01-17T12:28:03","date_gmt":"2023-01-17T10:28:03","guid":{"rendered":"https:\/\/blog.edu.turku.fi\/oppimisen-tuki\/?page_id=443"},"modified":"2023-10-12T08:51:07","modified_gmt":"2023-10-12T05:51:07","slug":"erityisluokanopettaja","status":"publish","type":"page","link":"https:\/\/blog.edu.turku.fi\/oppimisen-tuki\/koulutusasteet\/perusopetus\/toimijat\/erityisluokanopettaja\/","title":{"rendered":"Erityisluokanopettaja"},"content":{"rendered":"<ul>\n<li>on luokkamuotoisessa erityisopetuksessa opiskelevan oppilaan l\u00e4hiaikuinen koulussa<\/li>\n<li>on oppimisen tuen asiantuntija koulussa yhdess\u00e4 laaja-alaisen erityisopettajan kanssa<\/li>\n<li>tekee yhteisty\u00f6t\u00e4 huoltajien kanssa ja ottaa huolen puheeksi mahdollisimman varhain<\/li>\n<li>huolehtii luokkansa oppilaiden kasvatuksellisista asioista<\/li>\n<li>vastaa oppilaan henkil\u00f6kohtaisen opetuksen j\u00e4rjest\u00e4mist\u00e4 koskevan suunnitelman (HOJKS) ja pedagogisen selvityksen laatimisesta ja toteuttamisesta yhdess\u00e4 oppilaan ja huoltajien kanssa<\/li>\n<li>tekee moniammatillista yhteisty\u00f6t\u00e4 oppilaan tukitoimien j\u00e4rjest\u00e4misess\u00e4<\/li>\n<li>konsultoi ja tekee yhteisty\u00f6t\u00e4 muiden oppilasta opettavien opettajien kanssa<\/li>\n<li>huolehtii yhdess\u00e4 muiden opettajien kanssa oppilaansa opiskelusta yleisopetuksen yhteisty\u00f6luokalla<\/li>\n<li>seuraa oppilaidensa poissaoloja<\/li>\n<li>toteuttaa joustavia ryhmittelyit\u00e4 ja integraatiojaksoja yhteisty\u00f6ss\u00e4 yleis- ja erityisopetuksen luokkien kanssa<\/li>\n<li>vastaa oppilaan opiskelun ja tuen j\u00e4rjest\u00e4misen kannalta v\u00e4ltt\u00e4m\u00e4tt\u00f6m\u00e4n tiedon siirtymisest\u00e4 nivelvaiheissa<\/li>\n<\/ul>\n","protected":false},"excerpt":{"rendered":"<p>on luokkamuotoisessa erityisopetuksessa opiskelevan oppilaan l\u00e4hiaikuinen koulussa on oppimisen tuen asiantuntija koulussa tekee yhteisty\u00f6t\u00e4 huoltajien kanssa ja ottaa huolen puheeksi mahdollisimman varhain &#8230;<\/p>\n","protected":false},"author":56,"featured_media":0,"parent":426,"menu_order":0,"comment_status":"closed","ping_status":"closed","template":"","meta":{"footnotes":""},"class_list":["post-443","page","type-page","status-publish","hentry"],"_links":{"self":[{"href":"https:\/\/blog.edu.turku.fi\/oppimisen-tuki\/wp-json\/wp\/v2\/pages\/443","targetHints":{"allow":["GET"]}}],"collection":[{"href":"https:\/\/blog.edu.turku.fi\/oppimisen-tuki\/wp-json\/wp\/v2\/pages"}],"about":[{"href":"https:\/\/blog.edu.turku.fi\/oppimisen-tuki\/wp-json\/wp\/v2\/types\/page"}],"author":[{"embeddable":true,"href":"https:\/\/blog.edu.turku.fi\/oppimisen-tuki\/wp-json\/wp\/v2\/users\/56"}],"replies":[{"embeddable":true,"href":"https:\/\/blog.edu.turku.fi\/oppimisen-tuki\/wp-json\/wp\/v2\/comments?post=443"}],"version-history":[{"count":7,"href":"https:\/\/blog.edu.turku.fi\/oppimisen-tuki\/wp-json\/wp\/v2\/pages\/443\/revisions"}],"predecessor-version":[{"id":3746,"href":"https:\/\/blog.edu.turku.fi\/oppimisen-tuki\/wp-json\/wp\/v2\/pages\/443\/revisions\/3746"}],"up":[{"embeddable":true,"href":"https:\/\/blog.edu.turku.fi\/oppimisen-tuki\/wp-json\/wp\/v2\/pages\/426"}],"wp:attachment":[{"href":"https:\/\/blog.edu.turku.fi\/oppimisen-tuki\/wp-json\/wp\/v2\/media?parent=443"}],"curies":[{"name":"wp","href":"https:\/\/api.w.org\/{rel}","templated":true}]}}