{"id":440,"date":"2023-01-17T12:27:31","date_gmt":"2023-01-17T10:27:31","guid":{"rendered":"https:\/\/blog.edu.turku.fi\/oppimisen-tuki\/?page_id=440"},"modified":"2023-10-24T10:13:40","modified_gmt":"2023-10-24T07:13:40","slug":"rehtori","status":"publish","type":"page","link":"https:\/\/blog.edu.turku.fi\/oppimisen-tuki\/koulutusasteet\/perusopetus\/toimijat\/rehtori\/","title":{"rendered":"Rehtori"},"content":{"rendered":"<ul>\n<li>on koulunsa pedagoginen johtaja<\/li>\n<li>on henkil\u00f6st\u00f6n pedagogisen osaamisen johtaja<\/li>\n<li>vastaa koulukohtaisen kriisisuunnitelman, turvallisuussuunnitelman, tasa-arvo- ja yhdenvertaisuussuunnitelman, kiusaamisen ehk\u00e4isemist\u00e4 koskevan suunnitelman, lukuvuosisuunnitelman ja toimintakertomuksen tekemisest\u00e4 tai p\u00e4ivitt\u00e4misest\u00e4<\/li>\n<li>vastaa kodin ja koulun v\u00e4list\u00e4 yhteisty\u00f6t\u00e4 koskevan toimintasuunnitelman laatimisesta<\/li>\n<li>huolehtii tukitoimien j\u00e4rjest\u00e4misest\u00e4 ja resursoinnista<\/li>\n<li>vastaa koulun opiskeluhuollon toteutumisesta<\/li>\n<li>osallistuu tarvittaessa oppilaan koulunk\u00e4ynnin j\u00e4rjest\u00e4mist\u00e4 koskeviin palavereihin<\/li>\n<li>huolehtii siit\u00e4, ett\u00e4 erityisluokilla opiskelevien oppilaiden opiskelu yleisopetuksen yhteisty\u00f6luokilla on lukuj\u00e4rjestysteknisesti mahdollista<\/li>\n<li>tekee oppilaan opiskeluun ja kouluty\u00f6h\u00f6n liittyvi\u00e4 hallinnollisia p\u00e4\u00e4t\u00f6ksi\u00e4 kunnan hallintolains\u00e4\u00e4d\u00e4nn\u00f6n mukaisesti<\/li>\n<li>vastaa viime k\u00e4dess\u00e4 koulun pedagogisista asiakirjoista<\/li>\n<li>mahdollistaa henkil\u00f6kunnan yhteisty\u00f6n tuen asioissa<\/li>\n<li>mahdollistaa yhteisopettajuuden<\/li>\n<\/ul>\n","protected":false},"excerpt":{"rendered":"<p>vastaa koulukohtaisen kriisisuunnitelman, turvallisuussuunnitelman, tasa-arvo- ja yhdenvertaisuussuunnitelman sek\u00e4 kiusaamisen ehk\u00e4isemist\u00e4 koskevan suunnitelman p\u00e4ivitt\u00e4misest\u00e4 vastaa kodin ja koulun v\u00e4list\u00e4 yhteisty\u00f6t\u00e4 koske&#8230;<\/p>\n","protected":false},"author":56,"featured_media":0,"parent":426,"menu_order":0,"comment_status":"closed","ping_status":"closed","template":"","meta":{"footnotes":""},"class_list":["post-440","page","type-page","status-publish","hentry"],"_links":{"self":[{"href":"https:\/\/blog.edu.turku.fi\/oppimisen-tuki\/wp-json\/wp\/v2\/pages\/440","targetHints":{"allow":["GET"]}}],"collection":[{"href":"https:\/\/blog.edu.turku.fi\/oppimisen-tuki\/wp-json\/wp\/v2\/pages"}],"about":[{"href":"https:\/\/blog.edu.turku.fi\/oppimisen-tuki\/wp-json\/wp\/v2\/types\/page"}],"author":[{"embeddable":true,"href":"https:\/\/blog.edu.turku.fi\/oppimisen-tuki\/wp-json\/wp\/v2\/users\/56"}],"replies":[{"embeddable":true,"href":"https:\/\/blog.edu.turku.fi\/oppimisen-tuki\/wp-json\/wp\/v2\/comments?post=440"}],"version-history":[{"count":10,"href":"https:\/\/blog.edu.turku.fi\/oppimisen-tuki\/wp-json\/wp\/v2\/pages\/440\/revisions"}],"predecessor-version":[{"id":3955,"href":"https:\/\/blog.edu.turku.fi\/oppimisen-tuki\/wp-json\/wp\/v2\/pages\/440\/revisions\/3955"}],"up":[{"embeddable":true,"href":"https:\/\/blog.edu.turku.fi\/oppimisen-tuki\/wp-json\/wp\/v2\/pages\/426"}],"wp:attachment":[{"href":"https:\/\/blog.edu.turku.fi\/oppimisen-tuki\/wp-json\/wp\/v2\/media?parent=440"}],"curies":[{"name":"wp","href":"https:\/\/api.w.org\/{rel}","templated":true}]}}