{"id":438,"date":"2023-01-17T12:27:14","date_gmt":"2023-01-17T10:27:14","guid":{"rendered":"https:\/\/blog.edu.turku.fi\/oppimisen-tuki\/?page_id=438"},"modified":"2023-07-06T08:57:31","modified_gmt":"2023-07-06T05:57:31","slug":"resurssiopettaja","status":"publish","type":"page","link":"https:\/\/blog.edu.turku.fi\/oppimisen-tuki\/koulutusasteet\/perusopetus\/toimijat\/resurssiopettaja\/","title":{"rendered":"Resurssiopettaja"},"content":{"rendered":"<ul>\n<li>ty\u00f6teht\u00e4v\u00e4t vaihtelevat tilanteen mukaan liittyen oppilaiden tukeen<\/li>\n<li>opetus voi toteutua pienryhm\u00e4ss\u00e4 tai yhteisopettajuutena<\/li>\n<li>osallistuu oppilaan tuen suunnitteluun ja pedagogisten asiakirjojen laadintaan yhteisty\u00f6ss\u00e4 luokan- ja aineenopettajien ja oppilaan huoltajan kanssa<\/li>\n<li>osallistuu tai kutsuu koolle tarvittaessa MAR-palaverin<\/li>\n<\/ul>\n","protected":false},"excerpt":{"rendered":"<ul>\n<li>ty\u00f6teht\u00e4v\u00e4t vaihtelevat tilanteen mukaan liittyen oppilaiden tukeen ja opiskeluun<\/li>\n<li>opetus voi toteutua pienryhm\u00e4ss\u00e4 tai yhteisopettajuutena<\/li>\n<li>osallistuu oppilaan tuen suunnitteluun ja pedagogisten asiakirjojen laadint&#8230;<br \/>\n","protected":false},"author":56,"featured_media":0,"parent":426,"menu_order":0,"comment_status":"closed","ping_status":"closed","template":"","meta":{"footnotes":""},"class_list":["post-438","page","type-page","status-publish","hentry"],"_links":{"self":[{"href":"https:\/\/blog.edu.turku.fi\/oppimisen-tuki\/wp-json\/wp\/v2\/pages\/438","targetHints":{"allow":["GET"]}}],"collection":[{"href":"https:\/\/blog.edu.turku.fi\/oppimisen-tuki\/wp-json\/wp\/v2\/pages"}],"about":[{"href":"https:\/\/blog.edu.turku.fi\/oppimisen-tuki\/wp-json\/wp\/v2\/types\/page"}],"author":[{"embeddable":true,"href":"https:\/\/blog.edu.turku.fi\/oppimisen-tuki\/wp-json\/wp\/v2\/users\/56"}],"replies":[{"embeddable":true,"href":"https:\/\/blog.edu.turku.fi\/oppimisen-tuki\/wp-json\/wp\/v2\/comments?post=438"}],"version-history":[{"count":2,"href":"https:\/\/blog.edu.turku.fi\/oppimisen-tuki\/wp-json\/wp\/v2\/pages\/438\/revisions"}],"predecessor-version":[{"id":1990,"href":"https:\/\/blog.edu.turku.fi\/oppimisen-tuki\/wp-json\/wp\/v2\/pages\/438\/revisions\/1990"}],"up":[{"embeddable":true,"href":"https:\/\/blog.edu.turku.fi\/oppimisen-tuki\/wp-json\/wp\/v2\/pages\/426"}],"wp:attachment":[{"href":"https:\/\/blog.edu.turku.fi\/oppimisen-tuki\/wp-json\/wp\/v2\/media?parent=438"}],"curies":[{"name":"wp","href":"https:\/\/api.w.org\/{rel}","templated":true}]}}