{"id":436,"date":"2023-01-17T12:26:58","date_gmt":"2023-01-17T10:26:58","guid":{"rendered":"https:\/\/blog.edu.turku.fi\/oppimisen-tuki\/?page_id=436"},"modified":"2023-10-12T08:50:12","modified_gmt":"2023-10-12T05:50:12","slug":"luokanopettaja","status":"publish","type":"page","link":"https:\/\/blog.edu.turku.fi\/oppimisen-tuki\/koulutusasteet\/perusopetus\/toimijat\/luokanopettaja\/","title":{"rendered":"Luokanopettaja"},"content":{"rendered":"<ul>\n<li>on oppilaan l\u00e4hiaikuinen koulussa luokilla 1-6<\/li>\n<li>tekee yhteisty\u00f6t\u00e4 huoltajien kanssa ja ottaa huolen puheeksi mahdollisimman varhain<\/li>\n<li>selvitt\u00e4\u00e4 oppilaan tuen tarpeen yhdess\u00e4 muiden oppilasta opettavien opettajien kanssa<\/li>\n<li>ty\u00f6skentelee tarvittaessa oman luokkansa asioissa opiskeluhuoltohenkil\u00f6st\u00f6n kanssa<\/li>\n<li>huolehtii oman luokkansa oppilaiden kasvatuksellisista asioista<\/li>\n<li>osallistuu ja kutsuu koolle tarvittaessa MAR-palaverin<\/li>\n<li>laatii pedagogisen arvion tai selvityksen yhdess\u00e4 muiden oppilasta opettavien opettajien, oppilaan ja huoltajien kanssa<\/li>\n<li>laatii oppimissuunnitelman tai HOJKSn yhdess\u00e4 erityisopettajan, muiden oppilasta opettavien opettajien, oppilaan ja huoltajien kanssa<\/li>\n<li>vastaa omalta osaltaan oppimissuunnitelmaan\/HOJKSaan kirjatusta tuesta<\/li>\n<li>seuraa oppilaidensa poissaoloja<\/li>\n<li>vastaanottaa luokkaansa integraatioon tulevan oppilaan ja suunnittelee ja arvioi opetuksen yhdess\u00e4 erityisluokanopettajan ja laaja-alaisen erityisopettajan kanssa<\/li>\n<\/ul>\n<p>&nbsp;<\/p>\n","protected":false},"excerpt":{"rendered":"<p>on oppilaan l\u00e4hiaikuinen koulussa luokilla 1-6 tekee yhteisty\u00f6t\u00e4 huoltajien kanssa ja ottaa huolen puheeksi mahdollisimman varhain seuraa oppilaidensa poissaoloja selvitt\u00e4\u00e4 oppilaan tuen tarpeen yhdess\u00e4&#8230;<\/p>\n","protected":false},"author":56,"featured_media":0,"parent":426,"menu_order":0,"comment_status":"closed","ping_status":"closed","template":"","meta":{"footnotes":""},"class_list":["post-436","page","type-page","status-publish","hentry"],"_links":{"self":[{"href":"https:\/\/blog.edu.turku.fi\/oppimisen-tuki\/wp-json\/wp\/v2\/pages\/436","targetHints":{"allow":["GET"]}}],"collection":[{"href":"https:\/\/blog.edu.turku.fi\/oppimisen-tuki\/wp-json\/wp\/v2\/pages"}],"about":[{"href":"https:\/\/blog.edu.turku.fi\/oppimisen-tuki\/wp-json\/wp\/v2\/types\/page"}],"author":[{"embeddable":true,"href":"https:\/\/blog.edu.turku.fi\/oppimisen-tuki\/wp-json\/wp\/v2\/users\/56"}],"replies":[{"embeddable":true,"href":"https:\/\/blog.edu.turku.fi\/oppimisen-tuki\/wp-json\/wp\/v2\/comments?post=436"}],"version-history":[{"count":6,"href":"https:\/\/blog.edu.turku.fi\/oppimisen-tuki\/wp-json\/wp\/v2\/pages\/436\/revisions"}],"predecessor-version":[{"id":3744,"href":"https:\/\/blog.edu.turku.fi\/oppimisen-tuki\/wp-json\/wp\/v2\/pages\/436\/revisions\/3744"}],"up":[{"embeddable":true,"href":"https:\/\/blog.edu.turku.fi\/oppimisen-tuki\/wp-json\/wp\/v2\/pages\/426"}],"wp:attachment":[{"href":"https:\/\/blog.edu.turku.fi\/oppimisen-tuki\/wp-json\/wp\/v2\/media?parent=436"}],"curies":[{"name":"wp","href":"https:\/\/api.w.org\/{rel}","templated":true}]}}