{"id":428,"date":"2023-01-16T15:35:29","date_gmt":"2023-01-16T13:35:29","guid":{"rendered":"https:\/\/blog.edu.turku.fi\/oppimisen-tuki\/?page_id=428"},"modified":"2023-10-12T08:43:11","modified_gmt":"2023-10-12T05:43:11","slug":"oppilas","status":"publish","type":"page","link":"https:\/\/blog.edu.turku.fi\/oppimisen-tuki\/koulutusasteet\/perusopetus\/toimijat\/oppilas\/","title":{"rendered":"Oppilas ja huoltaja"},"content":{"rendered":"<ul>\n<li>Perusopetusta suunniteltaessa, j\u00e4rjestett\u00e4ess\u00e4 ja siit\u00e4 p\u00e4\u00e4tett\u00e4ess\u00e4 on ensisijaisesti huomioitava lapsen etu.<\/li>\n<li>Ensisijainen vastuu kasvatuksesta on lapsen huoltajalla.<\/li>\n<li>Koulu tukee kotien kasvatusteht\u00e4v\u00e4\u00e4 ja vastaa oppilaan opetuksesta ja kasvatuksesta kouluyhteis\u00f6n j\u00e4senen\u00e4.<\/li>\n<li>Opetus j\u00e4rjestet\u00e4\u00e4n oppilaan ik\u00e4kauden ja edellytysten mukaisesti ja siten, ett\u00e4 se edist\u00e4\u00e4 oppilaan tervett\u00e4 kasvua ja kehityst\u00e4.<\/li>\n<li>Laki velvoittaa oppilaan osallistumaan perusopetukseen ja suorittamaan teht\u00e4v\u00e4ns\u00e4 tunnollisesti ja k\u00e4ytt\u00e4ytym\u00e4\u00e4n asiallisesti.<\/li>\n<li>Oppilaan vastuulla on osallistuminen kouluty\u00f6h\u00f6n, reilu ja arvostava suhtautuminen koulutovereihin ja koulun aikuisiin sek\u00e4 yhteisten s\u00e4\u00e4nt\u00f6jen noudattaminen.<\/li>\n<li>Oppilaan on k\u00e4ytt\u00e4ydytt\u00e4v\u00e4 muita kiusaamatta ja syrjim\u00e4tt\u00e4 sek\u00e4 toimittava siten, ettei h\u00e4n vaaranna muiden oppilaiden, kouluyhteis\u00f6n tai opiskeluymp\u00e4rist\u00f6n turvallisuutta tai terveytt\u00e4.<\/li>\n<li>Huoltajan on huolehdittava siit\u00e4, ett\u00e4 oppivelvollisuus tulee suoritettua.\n<div>\n<div>\n<div>\n<article>\n<div><\/div>\n<\/article>\n<\/div>\n<\/div>\n<\/div>\n<\/li>\n<\/ul>\n<p>&nbsp;<\/p>\n<p>L\u00e4hteet:<\/p>\n<p>Lastensuojelulaki 2007\/417. Vastuu lapsen hyvinvoinnista. Haettu 2023 osoitteesta\u00a0 https:\/\/www.finlex.fi\/fi\/laki\/ajantasa\/2007\/20070417.<\/p>\n","protected":false},"excerpt":{"rendered":"<p>Opetus j\u00e4rjestet\u00e4\u00e4n oppilaiden ik\u00e4kauden ja edellytysten mukaisesti ja siten, ett\u00e4 se edist\u00e4\u00e4 oppilaiden tervett\u00e4 kasvua ja kehityst\u00e4. Perusopetusta suunniteltaessa, j\u00e4rjestett\u00e4ess\u00e4 ja siit\u00e4 p\u00e4\u00e4tett\u00e4ess\u00e4 on ensisijaisesti huom&#8230;<\/p>\n","protected":false},"author":56,"featured_media":0,"parent":426,"menu_order":0,"comment_status":"closed","ping_status":"closed","template":"","meta":{"footnotes":""},"class_list":["post-428","page","type-page","status-publish","hentry"],"_links":{"self":[{"href":"https:\/\/blog.edu.turku.fi\/oppimisen-tuki\/wp-json\/wp\/v2\/pages\/428","targetHints":{"allow":["GET"]}}],"collection":[{"href":"https:\/\/blog.edu.turku.fi\/oppimisen-tuki\/wp-json\/wp\/v2\/pages"}],"about":[{"href":"https:\/\/blog.edu.turku.fi\/oppimisen-tuki\/wp-json\/wp\/v2\/types\/page"}],"author":[{"embeddable":true,"href":"https:\/\/blog.edu.turku.fi\/oppimisen-tuki\/wp-json\/wp\/v2\/users\/56"}],"replies":[{"embeddable":true,"href":"https:\/\/blog.edu.turku.fi\/oppimisen-tuki\/wp-json\/wp\/v2\/comments?post=428"}],"version-history":[{"count":14,"href":"https:\/\/blog.edu.turku.fi\/oppimisen-tuki\/wp-json\/wp\/v2\/pages\/428\/revisions"}],"predecessor-version":[{"id":3741,"href":"https:\/\/blog.edu.turku.fi\/oppimisen-tuki\/wp-json\/wp\/v2\/pages\/428\/revisions\/3741"}],"up":[{"embeddable":true,"href":"https:\/\/blog.edu.turku.fi\/oppimisen-tuki\/wp-json\/wp\/v2\/pages\/426"}],"wp:attachment":[{"href":"https:\/\/blog.edu.turku.fi\/oppimisen-tuki\/wp-json\/wp\/v2\/media?parent=428"}],"curies":[{"name":"wp","href":"https:\/\/api.w.org\/{rel}","templated":true}]}}