{"id":395,"date":"2022-12-13T14:10:09","date_gmt":"2022-12-13T12:10:09","guid":{"rendered":"https:\/\/blog.edu.turku.fi\/oppimisen-tuki\/?page_id=395"},"modified":"2025-11-13T14:41:35","modified_gmt":"2025-11-13T12:41:35","slug":"sujuvat-siirtymat","status":"publish","type":"page","link":"https:\/\/blog.edu.turku.fi\/oppimisen-tuki\/koulutusasteet\/varhaiskasvatus\/lisatiedot\/sujuvat-siirtymat\/","title":{"rendered":"Nivelvaiheet ja sujuvat siirtym\u00e4t"},"content":{"rendered":"<p>Lapsen varhaiskasvatuspolkuun sis\u00e4ltyy useita erilaisia siirtymi\u00e4. Siirtym\u00e4n k\u00e4sitett\u00e4 k\u00e4ytet\u00e4\u00e4n tilanteissa, joissa p\u00e4iv\u00e4n sis\u00e4ll\u00e4 vaihdetaan toiminnasta toiseen, sek\u00e4 tilanteissa, joissa lapsen ryhm\u00e4ss\u00e4 ja varhaiskasvatuksen ja opetuksen j\u00e4rjest\u00e4misess\u00e4 tapahtuu muutoksia. Siirtymi\u00e4 koulutustasolta toiselle kutsutaan nivelvaiheiksi.<\/p>\n<pre><em>Siirtymiin sis\u00e4ltyy sek\u00e4 haasteita ett\u00e4 mahdollisuuksia.<\/em><em> Jos lapsella on tuen tarve, ennakointiin, tutustumiseen ja tiedonsiirtoon, pit\u00e4\u00e4 panostaa tavanomaista enemm\u00e4n.<\/em><\/pre>\n<p>Lapsen n\u00e4k\u00f6kulmasta siirtymi\u00e4 voivat olla my\u00f6s tilanteet, joita henkil\u00f6st\u00f6 ei v\u00e4ltt\u00e4m\u00e4tt\u00e4 ajattele siirtymiksi. Siirtym\u00e4 voi olla iltap\u00e4iv\u00e4n tilanne, jossa tuttujen aikuisten ty\u00f6aika p\u00e4\u00e4ttyy ja lapsi j\u00e4\u00e4 itselleen vieraiden ihmisten kanssa odottamaan, ett\u00e4 vanhemmat saapuvat hakemaan. Siirtymi\u00e4 ovat my\u00f6s tilanteet, joissa varhaiskasvatusj\u00e4rjestelyt muuttuvat v\u00e4liaikaisesti esimerkiksi p\u00e4ivystysajaksi.<\/p>\n<p>Lapsi on aktiivinen toimija, joka ei koskaan \u201dvain\u201d siirry uuteen ryhm\u00e4\u00e4n. Siirtyess\u00e4\u00e4n lapsi aina muuttaa my\u00f6s ryhm\u00e4\u00e4, jonka j\u00e4sen h\u00e4nest\u00e4 tulee. Lapsen kokemus osallisuudesta, omasta toimijuudesta ja ryhm\u00e4\u00e4n kiinnittymisest\u00e4 edist\u00e4\u00e4 oppimista ja hyvinvointia. N\u00e4ihin ammattilaisten t\u00e4rke\u00e4\u00e4 kiinnitt\u00e4\u00e4 huomiota, kun lapsi arjessaan kohtaa erilaisia pieni\u00e4 ja suuria siirtymi\u00e4.<\/p>\n<table class=\"otsikkolinkit\">\n<tbody>\n<tr>\n<td><a href=\"https:\/\/blog.edu.turku.fi\/oppimisen-tuki\/koulutusasteet\/varhaiskasvatus\/lisatiedot\/sujuvat-siirtymat\/varhaiskasvatuksen-aloitus\/\">Varhaiskasvatuksen aloitus<\/a><\/td>\n<td><a href=\"https:\/\/blog.edu.turku.fi\/oppimisen-tuki\/koulutusasteet\/varhaiskasvatus\/lisatiedot\/sujuvat-siirtymat\/valiaikaiset-siirtymat\/\">V\u00e4liaikaiset siirtym\u00e4t<\/a><\/td>\n<td><a href=\"https:\/\/blog.edu.turku.fi\/oppimisen-tuki\/koulutusasteet\/varhaiskasvatus\/lisatiedot\/sujuvat-siirtymat\/varhaiskasvatusryhman-tai-toimipaikan-vaihtaminen\/\">Ryhm\u00e4n tai toimipaikan vaihtaminen<\/a><\/td>\n<td><a href=\"https:\/\/blog.edu.turku.fi\/oppimisen-tuki\/koulutusasteet\/varhaiskasvatus\/lisatiedot\/sujuvat-siirtymat\/varhaiskasvatuksesta-esiopetukseen-siirtyminen\/\">Varhaiskasvatuksesta esiopetukseen siirtyminen<\/a><\/td>\n<\/tr>\n<\/tbody>\n<\/table>\n\n\n<p><\/p>\n","protected":false},"excerpt":{"rendered":"<p>Kodista varhaiskasvatukseen Lapsen aloittaessa varhaiskasvatuksen on se iso muutos lapsen arkeen. Aloituksen yhteydess\u00e4 on t\u00e4rke\u00e4\u00e4 keskustella lapsen huoltajien kanssa, tutustua perheeseen ja lapseen sek\u00e4 heid\u00e4n kasvatusk\u00e4yt\u00e4nt\u00f6ihins\u00e4. Laps&#8230;<\/p>\n","protected":false},"author":56,"featured_media":0,"parent":177,"menu_order":0,"comment_status":"closed","ping_status":"closed","template":"","meta":{"footnotes":""},"class_list":["post-395","page","type-page","status-publish","hentry"],"_links":{"self":[{"href":"https:\/\/blog.edu.turku.fi\/oppimisen-tuki\/wp-json\/wp\/v2\/pages\/395","targetHints":{"allow":["GET"]}}],"collection":[{"href":"https:\/\/blog.edu.turku.fi\/oppimisen-tuki\/wp-json\/wp\/v2\/pages"}],"about":[{"href":"https:\/\/blog.edu.turku.fi\/oppimisen-tuki\/wp-json\/wp\/v2\/types\/page"}],"author":[{"embeddable":true,"href":"https:\/\/blog.edu.turku.fi\/oppimisen-tuki\/wp-json\/wp\/v2\/users\/56"}],"replies":[{"embeddable":true,"href":"https:\/\/blog.edu.turku.fi\/oppimisen-tuki\/wp-json\/wp\/v2\/comments?post=395"}],"version-history":[{"count":25,"href":"https:\/\/blog.edu.turku.fi\/oppimisen-tuki\/wp-json\/wp\/v2\/pages\/395\/revisions"}],"predecessor-version":[{"id":5492,"href":"https:\/\/blog.edu.turku.fi\/oppimisen-tuki\/wp-json\/wp\/v2\/pages\/395\/revisions\/5492"}],"up":[{"embeddable":true,"href":"https:\/\/blog.edu.turku.fi\/oppimisen-tuki\/wp-json\/wp\/v2\/pages\/177"}],"wp:attachment":[{"href":"https:\/\/blog.edu.turku.fi\/oppimisen-tuki\/wp-json\/wp\/v2\/media?parent=395"}],"curies":[{"name":"wp","href":"https:\/\/api.w.org\/{rel}","templated":true}]}}