{"id":387,"date":"2022-12-13T14:04:19","date_gmt":"2022-12-13T12:04:19","guid":{"rendered":"https:\/\/blog.edu.turku.fi\/oppimisen-tuki\/?page_id=387"},"modified":"2025-11-26T14:31:58","modified_gmt":"2025-11-26T12:31:58","slug":"pedagogisten-asiakirjojen-vuosikello","status":"publish","type":"page","link":"https:\/\/blog.edu.turku.fi\/oppimisen-tuki\/koulutusasteet\/varhaiskasvatus\/lisatiedot\/pedagogisten-asiakirjojen-vuosikello\/","title":{"rendered":"Pedagogisten asiakirjojen vuosikello"},"content":{"rendered":"<p>Lapsen varhaiskasvatussuunnitelma on el\u00e4v\u00e4 asiakirja, joka laaditaan lapselle kerran vuodessa. Lapsen vasu on ty\u00f6v\u00e4line, jonka avulla arvioidaan lapsen tarvitsemaa tukea ja johon kirjataan lapsen tarvitsema ja lapselle annettu tuki. Lue lis\u00e4\u00e4: <a href=\"https:\/\/blog.edu.turku.fi\/oppimisen-tuki\/fi\/koulutusasteet\/varhaiskasvatus\/lisatiedot\/lapsen-varhaiskasvatussuunnitelma\/\">Lapsen varhaiskasvatussuunnitelma<\/a><\/p>\n<p>Vasua arvioidaan, seurataan ja p\u00e4ivitet\u00e4\u00e4n aina lapsen tarpeiden mukaan. Vuosikellon mukainen aikataulu kertoo asiakirjojen tyypillisen p\u00e4ivitysrytmin, joka voi lapsen varhaiskasvatuksen aloitusajankohdan tai tuen tarpeiden muutosten vuoksi poiketa vuosikellossa esitetyst\u00e4.<\/p>\n<p>Voit tarkistaa p\u00e4iv\u00e4m\u00e4\u00e4r\u00e4t Tuen prosessikaaviosta.<\/p>\n<table class=\"otsikkolinkit\">\n<tbody>\n<tr>\n<td><a href=\"#elokuu\">Elokuu<\/a><\/td>\n<td><a href=\"#syyskuu\">Syyskuu<\/a><\/td>\n<td><a href=\"#lokakuu\">Lokakuu<\/a><\/td>\n<td><a href=\"#marraskuu\">Marraskuu<\/a><\/td>\n<td><a href=\"#joulukuu\">Joulukuu<\/a><\/td>\n<td><a href=\"#tammikuu\">Tammikuu<\/a><\/td>\n<td><a href=\"#helmikuu\">Helmikuu<\/a><\/td>\n<td><a href=\"#maaliskuu\">Maaliskuu<\/a><\/td>\n<td><a href=\"#huhtikuu\">Huhtikuu<\/a><\/td>\n<td><a href=\"#toukokuu\">Toukokuu<\/a><\/td>\n<\/tr>\n<\/tbody>\n<\/table>\n<h2 id=\"elokuu\" class=\"palkki\">Elokuu<\/h2>\n<p>Lapsen aiempaan varhaiskasvatussuunnitelmaan (lapsen vasu) tutustuminen.<\/p>\n<p>Lasten vasujen laatimisen aloittaminen.<\/p>\n<p>KieliPeda-ty\u00f6v\u00e4lineen k\u00e4ytt\u00f6\u00f6notto monikielisten lasten kanssa (monikielisen lapsen kielimaailma -osuus).<\/p>\n<h2 id=\"syyskuu\" class=\"palkki\">Syyskuu<\/h2>\n<p>Lapsen vasujen laatiminen.<\/p>\n<p>Lapsen mielipiteiden selvitt\u00e4minen ja vasu-keskustelut huoltajien kanssa.<\/p>\n<p>Mik\u00e4li vasu-prosessissa arvioidaan, ett\u00e4 lapsella on tarvetta tehostettuun tai erityiseen tukeen, toteuta huoltajien kuuleminen hallintolain mukaisesti ja vie lapsen varhaiskasvatussuunnitelma alueellisen LATU-ty\u00f6ryhm\u00e4n kuultavaksi.<\/p>\n<h2 id=\"lokakuu\" class=\"palkki\">Lokakuu<\/h2>\n<p>Lasten vasut laadittuna 31.10.menness\u00e4. Kesken vuotta aloittaneiden lasten kohdalla vasujen tulee olla laadittuna kaksi kuukautta aloittamisen j\u00e4lkeen.<\/p>\n<h2 id=\"marraskuu\" class=\"palkki\">Marraskuu<\/h2>\n<p>Lasten vasuja arvioidaan ja p\u00e4ivitet\u00e4\u00e4n lapsen tarpeiden mukaan koko toimintakauden ajan.<\/p>\n<h2 id=\"joulukuu\" class=\"palkki\">Joulukuu<\/h2>\n<h2 id=\"tammikuu\" class=\"palkki\">Tammikuu<\/h2>\n<h2 id=\"helmikuu\" class=\"palkki\">Helmikuu<\/h2>\n<h2 id=\"maaliskuu\" class=\"palkki\">Maaliskuu<\/h2>\n<h2 id=\"huhtikuu\" class=\"palkki\">Huhtikuu<\/h2>\n<p>Lapsen varhaiskasvatussuunnitelman tulee olla arvioituna 30.4. menness\u00e4 tai aina tuen tarpeen muuttuessa.<\/p>\n<h2 id=\"toukokuu\" class=\"palkki\">Toukokuu<\/h2>\n<p>Mahdolliset ryhm\u00e4\u00e4 vaihtavien lasten tiedonsiirtopalaverit. Huoltajat ovat n\u00e4iss\u00e4 aina mukana.<\/p>\n<p>Lasten varhaiskasvatussuunnitelmien tarkistaminen. Varmista, ett\u00e4 kirjaukset ovat ajan tasalla ja asiakirja lukittu.<\/p>\n","protected":false},"excerpt":{"rendered":"<p>&#8211; Joka kk latu-ryhm\u00e4 -31.10 varhaiskasvatussuunnitelma (viimeist\u00e4\u00e4n 2kk. kuluttua aloituksesta) huoltajien kanssa -30.4 vasun arviointi yhdess\u00e4 huoltajien kanssa -30.4 vakaope p\u00e4ivitt\u00e4\u00e4 vasun p\u00e4ivitys ja ped. arvion eskaria varten tehostettuun tuk&#8230;<\/p>\n","protected":false},"author":56,"featured_media":0,"parent":177,"menu_order":0,"comment_status":"closed","ping_status":"closed","template":"","meta":{"footnotes":""},"class_list":["post-387","page","type-page","status-publish","hentry"],"_links":{"self":[{"href":"https:\/\/blog.edu.turku.fi\/oppimisen-tuki\/wp-json\/wp\/v2\/pages\/387","targetHints":{"allow":["GET"]}}],"collection":[{"href":"https:\/\/blog.edu.turku.fi\/oppimisen-tuki\/wp-json\/wp\/v2\/pages"}],"about":[{"href":"https:\/\/blog.edu.turku.fi\/oppimisen-tuki\/wp-json\/wp\/v2\/types\/page"}],"author":[{"embeddable":true,"href":"https:\/\/blog.edu.turku.fi\/oppimisen-tuki\/wp-json\/wp\/v2\/users\/56"}],"replies":[{"embeddable":true,"href":"https:\/\/blog.edu.turku.fi\/oppimisen-tuki\/wp-json\/wp\/v2\/comments?post=387"}],"version-history":[{"count":46,"href":"https:\/\/blog.edu.turku.fi\/oppimisen-tuki\/wp-json\/wp\/v2\/pages\/387\/revisions"}],"predecessor-version":[{"id":5520,"href":"https:\/\/blog.edu.turku.fi\/oppimisen-tuki\/wp-json\/wp\/v2\/pages\/387\/revisions\/5520"}],"up":[{"embeddable":true,"href":"https:\/\/blog.edu.turku.fi\/oppimisen-tuki\/wp-json\/wp\/v2\/pages\/177"}],"wp:attachment":[{"href":"https:\/\/blog.edu.turku.fi\/oppimisen-tuki\/wp-json\/wp\/v2\/media?parent=387"}],"curies":[{"name":"wp","href":"https:\/\/api.w.org\/{rel}","templated":true}]}}