{"id":3465,"date":"2023-09-18T13:12:21","date_gmt":"2023-09-18T10:12:21","guid":{"rendered":"https:\/\/blog.edu.turku.fi\/oppimisen-tuki\/?page_id=3465"},"modified":"2023-09-21T10:42:37","modified_gmt":"2023-09-21T07:42:37","slug":"lapsen-tuki-perhepaivahoidossa","status":"publish","type":"page","link":"https:\/\/blog.edu.turku.fi\/oppimisen-tuki\/koulutusasteet\/varhaiskasvatus\/lisatiedot\/lapsen-tuki-perhepaivahoidossa\/","title":{"rendered":"Lapsen tuki perhep\u00e4iv\u00e4hoidossa"},"content":{"rendered":"<p>Lapsen tuki perhep\u00e4iv\u00e4hoidossa j\u00e4rjestet\u00e4\u00e4n varhaiskasvatuslain s\u00e4\u00e4nn\u00f6sten mukaan. Tuen toteutuksen l\u00e4ht\u00f6kohtana on lapsen vahvuudet sek\u00e4 oppimiseen, kehitykseen ja hyvinvointiin liittyv\u00e4t tarpeet.\u00a0Lapselle annetaan tarvittavia, yksil\u00f6llisesti kohdennettuja tukitoimia joustavasti ja viipym\u00e4tt\u00e4 perhep\u00e4iv\u00e4hoidon toimintaymp\u00e4rist\u00f6 huomioon ottaen. Tuen saanti ei edellyt\u00e4 l\u00e4\u00e4ketieteellist\u00e4 diagnoosia tai muuta terveydenhuollon tai sosiaalihuollon lausuntoa.<\/p>\n<p>Perhep\u00e4iv\u00e4hoidossa tuen toteutuksesta vastaa perhep\u00e4iv\u00e4hoitaja. Lapsen tarvitsema tuki ja toimenpiteet kirjataan perhep\u00e4iv\u00e4hoidossa olevan lapsen varhaiskasvatussuunnitelmaan. Perhep\u00e4iv\u00e4hoitaja laatii lapsen varhaiskasvatussuunnitelman yhteisty\u00f6ss\u00e4 lapsen huoltajien kanssa, selvitt\u00e4\u00e4 lapsen mielipiteen sek\u00e4 p\u00e4ivitt\u00e4\u00e4 ja arvioi tukitoimien toteutumista toimintakauden ajan.<\/p>\n<p>Perhep\u00e4iv\u00e4hoitaja tekee tarvittaessa monialaista yhteisty\u00f6t\u00e4 lapsen asioissa esimerkiksi kirjaamalla tarvittavat lomakkeet neuvolaan tai muille lapsen hoitaville tai tutkiville tahoille. Perhep\u00e4iv\u00e4hoitaja saa tukea lapsen tuen toteutukseen perhep\u00e4iv\u00e4hoidon l\u00e4hijohtajalta sek\u00e4 tarpeen mukaan alueelliselta varhaiskasvatuksen erityisopettajalta.<\/p>\n<p>Turun varhaiskasvatuksessa perhep\u00e4iv\u00e4hoidossa annettava tuki kuuluu p\u00e4\u00e4s\u00e4\u00e4nt\u00f6isesti varhaiskasvatuksen yleiseen tukeen. Mik\u00e4li arvioidaan, ett\u00e4 lapsen tuen j\u00e4rjest\u00e4minen edellytt\u00e4\u00e4 perhep\u00e4iv\u00e4hoidossa annettavaa tukea vahvempia rakenteellisia j\u00e4rjestelyj\u00e4, kuten avustajaresurssia tai erityisopettajan antamaa opetusta, lapsen varhaiskasvatuksen j\u00e4rjest\u00e4mispaikaksi valikoituu p\u00e4iv\u00e4koti.<\/p>\n","protected":false},"excerpt":{"rendered":"<p>Lapsen tuki perhep\u00e4iv\u00e4hoidossa j\u00e4rjestet\u00e4\u00e4n varhaiskasvatuslain s\u00e4\u00e4nn\u00f6sten mukaan. Tuen toteutuksen l\u00e4ht\u00f6kohtana on lapsen vahvuudet sek\u00e4 oppimiseen, kehitykseen ja hyvinvointiin liittyv\u00e4t tarpeet.\u00a0Lapselle annetaan tarvittavia, yksil\u00f6llisesti kohdennettuja tukitoimia joustavasti ja viipym\u00e4tt\u00e4 perhep\u00e4iv\u00e4hoidon toimintaymp\u00e4rist\u00f6 huomioon ottaen. Tuen saanti ei edellyt\u00e4 l\u00e4\u00e4ketieteellist\u00e4 diagnoosia tai muuta<\/p>\n","protected":false},"author":56,"featured_media":0,"parent":177,"menu_order":0,"comment_status":"closed","ping_status":"closed","template":"","meta":{"footnotes":""},"class_list":["post-3465","page","type-page","status-publish","hentry"],"_links":{"self":[{"href":"https:\/\/blog.edu.turku.fi\/oppimisen-tuki\/wp-json\/wp\/v2\/pages\/3465","targetHints":{"allow":["GET"]}}],"collection":[{"href":"https:\/\/blog.edu.turku.fi\/oppimisen-tuki\/wp-json\/wp\/v2\/pages"}],"about":[{"href":"https:\/\/blog.edu.turku.fi\/oppimisen-tuki\/wp-json\/wp\/v2\/types\/page"}],"author":[{"embeddable":true,"href":"https:\/\/blog.edu.turku.fi\/oppimisen-tuki\/wp-json\/wp\/v2\/users\/56"}],"replies":[{"embeddable":true,"href":"https:\/\/blog.edu.turku.fi\/oppimisen-tuki\/wp-json\/wp\/v2\/comments?post=3465"}],"version-history":[{"count":2,"href":"https:\/\/blog.edu.turku.fi\/oppimisen-tuki\/wp-json\/wp\/v2\/pages\/3465\/revisions"}],"predecessor-version":[{"id":3515,"href":"https:\/\/blog.edu.turku.fi\/oppimisen-tuki\/wp-json\/wp\/v2\/pages\/3465\/revisions\/3515"}],"up":[{"embeddable":true,"href":"https:\/\/blog.edu.turku.fi\/oppimisen-tuki\/wp-json\/wp\/v2\/pages\/177"}],"wp:attachment":[{"href":"https:\/\/blog.edu.turku.fi\/oppimisen-tuki\/wp-json\/wp\/v2\/media?parent=3465"}],"curies":[{"name":"wp","href":"https:\/\/api.w.org\/{rel}","templated":true}]}}