{"id":346,"date":"2022-12-13T12:20:32","date_gmt":"2022-12-13T10:20:32","guid":{"rendered":"https:\/\/blog.edu.turku.fi\/oppimisen-tuki\/?page_id=346"},"modified":"2025-11-11T14:35:39","modified_gmt":"2025-11-11T12:35:39","slug":"lastenneuvola","status":"publish","type":"page","link":"https:\/\/blog.edu.turku.fi\/oppimisen-tuki\/koulutusasteet\/varhaiskasvatus\/toimijat\/lastenneuvola\/","title":{"rendered":"Lastenneuvola"},"content":{"rendered":"<p>Neuvola on lasten ja perheiden ensisijainen palvelu, jonka asiakkaina lapset ovat jo ennen varhaiskasvatuksen aloittamista. Neuvolan asiakkuus kest\u00e4\u00e4 raskausajasta lapsen koulun aloittamiseen saakka. Lapsen neuvola m\u00e4\u00e4rittyy p\u00e4\u00e4s\u00e4\u00e4nt\u00f6isesti perheen asuinpaikan mukaan. Kun kotona ja varhaiskasvatuksessa her\u00e4\u00e4 huoli lapsen kasvusta tai kehityksest\u00e4, tukea haetaan ensimm\u00e4isen\u00e4 neuvolasta. Neuvolal\u00e4\u00e4k\u00e4ri tekee l\u00e4hetteet esimerkiksi puheterapeutin tai toimintaterapeutin arvioon.<\/p>\n<ul>\n<li>Neuvolaterveydenhoitaja ja l\u00e4\u00e4k\u00e4ri antavat terveysneuvontaa sek\u00e4 tukea vanhemmuudessa ja perheen hyvinvoinnissa.<\/li>\n<li>Neuvolapsykologi tukee vaikeissa el\u00e4m\u00e4ntilanteissa, vanhemmuudessa ja lapsen kasvuun ja kehitykseen liittyviss\u00e4 huolenaiheissa.<\/li>\n<li>Neuvolan perheohjaajilta saa tukea perheen jaksamiseen ja arkirutiinien l\u00f6ytymiseen.<\/li>\n<\/ul>\n<p>Neuvolan ja varhaiskasvatuksen yhteisty\u00f6n tavoitteena on asiakasl\u00e4ht\u00f6inen toimintakulttuuri, joka perustuu varhaiskasvatuksen ja neuvolan v\u00e4liseen vuorovaikutukseen ja tiedonkulkuun. Tieto siirtyy neuvolan ja varhaiskasvatuksen v\u00e4lill\u00e4 lapsen huoltajien luvalla.<\/p>\n<p><strong>\u00a0<\/strong><\/p>\n<p><strong>Yhteisty\u00f6 lapsen kehityksen tueksi -lomake lapsen m\u00e4\u00e4r\u00e4aikaistarkastusten tukena<\/strong><\/p>\n<p>Neuvolassa seurataan lasten kasvua ja kehityst\u00e4 raskausajasta kouluik\u00e4\u00e4n saakka. Lapsen m\u00e4\u00e4r\u00e4aikaistarkastuksissa vastaa neuvolan terveydenhoitaja ja neuvolal\u00e4\u00e4k\u00e4ri. Suurimman osan tarkastuksista tekee terveydenhoitaja. Nelj\u00e4vuotiaalle lapselle tehd\u00e4\u00e4n laaja terveystarkastus yhteisty\u00f6ss\u00e4 terveydenhoitajan ja l\u00e4\u00e4k\u00e4rin kanssa.<\/p>\n<p>2 ja 4- vuotis m\u00e4\u00e4r\u00e4aikaistarkastusten yhteydess\u00e4 tietoa lapsen kasvusta ja kehityksest\u00e4 v\u00e4litet\u00e4\u00e4n neuvolaan <em>Yhteisty\u00f6 lapsen kehityksen tueksi <\/em>-lomakkeella. Lomakkeita on lis\u00e4ksi muillekin ik\u00e4vuosille, mik\u00e4li lapsen kasvusta ja kehityksest\u00e4 on huolta.<\/p>\n<pre><em>Huom. Akuutteja huolia ja asioita, jotka edellytt\u00e4v\u00e4t v\u00e4lit\u00f6nt\u00e4 tuen tarpeen arviointia, ei pid\u00e4 j\u00e4tt\u00e4\u00e4 odottamaan neuvolan m\u00e4\u00e4r\u00e4aikaistarkastusta. <\/em>\n\n<em>N\u00e4iss\u00e4 tilanteissa voidaan kutsua koolle neuvolatiimi, tai j\u00e4tt\u00e4\u00e4 huoltajan luvalla soittopyynt\u00f6 neuvolan terveydenhoitajalle. <\/em>\n\n<em>Tarvittaessa varhaiskasvatuksen edustaja on yhteydess\u00e4 sosiaalihuoltoon. Lue lis\u00e4\u00e4: <a href=\"https:\/\/blog.edu.turku.fi\/oppimisen-tuki\/fi\/koulutusasteet\/varhaiskasvatus\/toimijat\/sosiaalipalvelut\/\">sosiaalipalvelut<\/a><\/em><\/pre>\n<p>Jotta lomake ehdit\u00e4\u00e4n k\u00e4ym\u00e4\u00e4n huoltajien kanssa l\u00e4pi ennen tarkastusta, varhaiskasvatuksen henkil\u00f6st\u00f6 voi lapsen syntym\u00e4p\u00e4iv\u00e4n l\u00e4hestyess\u00e4 kysell\u00e4 huoltajilta, joko m\u00e4\u00e4r\u00e4aikaistarkastuksen aika on tiedossa.<\/p>\n<p>Huoltajat t\u00e4ytt\u00e4v\u00e4t lomakkeen ensin omalta osalta. T\u00e4m\u00e4n j\u00e4lkeen varhaiskasvatuksen henkil\u00f6st\u00f6 t\u00e4ytt\u00e4\u00e4 lomakkeeseen varhaiskasvatuksen osuuden. Tarpeen mukaan lomakkeeseen avataan lasta koskevaa huolta my\u00f6s sanallisesti. Ennen neuvolaa lomake k\u00e4yd\u00e4\u00e4n huoltajien kanssa l\u00e4pi keskustellen.<\/p>\n<p>Jos varhaiskasvatuksessa on her\u00e4nnyt lapsen kasvusta ja kehityksest\u00e4 huoli, huoltajan luvalla voidaan olla suoraan yhteydess\u00e4 neuvolaan.<\/p>\n<p><strong>Neuvolatiimi lapsen tuen tarpeen arvioinnissa<\/strong><\/p>\n<p>Neuvolatiimi on varhainen, matalan kynnyksen ty\u00f6v\u00e4line\u00a0monialaiseen tuen tarpeen arviointiin ja tuen aloittamiseen. Yksitt\u00e4isen lapsen asia voidaan tuoda neuvolatiimin k\u00e4sittelyyn, kun halutaan matalan kynnyksen monialaista arviointia asiaan, josta huoli on her\u00e4nnyt.<\/p>\n<ul>\n<li>Lapsen asian neuvolatiimin k\u00e4sittelyyn voi tuoda varhaiskasvatuksen edustaja tai neuvolan edustaja keskusteltuaan sit\u00e4 ennen huoltajien kanssa.<\/li>\n<li>Neuvolatiimiin kokoontuu lapsen huoltajien lis\u00e4ksi varhaiskasvatuksen opettaja, tarvittaessa varhaiskasvatuksen erityisopettaja ja\/ tai alueellinen sosionomi, neuvolan terveydenhoitaja, neuvolal\u00e4\u00e4k\u00e4ri ja neuvolapsykologi.<\/li>\n<li>Huoltajalta kysyt\u00e4\u00e4n erillinen kirjallinen lupa lapsen asioiden viemisest\u00e4 neuvolatiimiin. Mik\u00e4li tarve neuvolatiimille on noussut varhaiskasvatuksesta, varaa varhaiskasvatuksen ty\u00f6ntekij\u00e4 tarvittaessa tulkin ja kutsuu huoltajat mukaan tapaamiseen.<\/li>\n<li><\/li>\n<li>Neuvolatiimit kokoontuvat kaikissa neuvoloissa viisi kertaa vuodessa. Tarvittaessa lis\u00e4\u00e4 neuvolatiimiaikoja voi pyyt\u00e4\u00e4 neuvolan terveydenhoitajalta.<\/li>\n<\/ul>\n<p>Neuvolakohtainen neuvolatiimi voi kokoontua my\u00f6s k\u00e4sittelem\u00e4\u00e4n varhaiskasvatuksen ja neuvolan v\u00e4list\u00e4 yhteisty\u00f6t\u00e4 yleisesti, jos neuvolatiimiss\u00e4 ei ole tarpeen k\u00e4sitell\u00e4 lapsen asioita. T\u00e4ll\u00f6in neuvolatiimi kokoontuu Teams- sovelluksen v\u00e4lityksell\u00e4 ja siihen osallistuu varhaiskasvatuksen alueellinen erityisopettaja. Kutsu Teams- tapaamiseen l\u00e4hetet\u00e4\u00e4n neuvolasta.<\/p>\n","protected":false},"excerpt":{"rendered":"<p>Neuvola on lasten ja perheiden ensisijainen palvelu, jonka asiakkaina lapset ovat jo ennen varhaiskasvatuksen aloittamista. Asiakkuus neuvolassa kest\u00e4\u00e4 koulun aloittamiseen saakka. Kun kotona ja varhaiskasvatuksessa her\u00e4\u00e4 huoli lapsen kasvusta tai ke&#8230;<\/p>\n","protected":false},"author":56,"featured_media":0,"parent":359,"menu_order":0,"comment_status":"closed","ping_status":"closed","template":"","meta":{"footnotes":""},"class_list":["post-346","page","type-page","status-publish","hentry"],"_links":{"self":[{"href":"https:\/\/blog.edu.turku.fi\/oppimisen-tuki\/wp-json\/wp\/v2\/pages\/346","targetHints":{"allow":["GET"]}}],"collection":[{"href":"https:\/\/blog.edu.turku.fi\/oppimisen-tuki\/wp-json\/wp\/v2\/pages"}],"about":[{"href":"https:\/\/blog.edu.turku.fi\/oppimisen-tuki\/wp-json\/wp\/v2\/types\/page"}],"author":[{"embeddable":true,"href":"https:\/\/blog.edu.turku.fi\/oppimisen-tuki\/wp-json\/wp\/v2\/users\/56"}],"replies":[{"embeddable":true,"href":"https:\/\/blog.edu.turku.fi\/oppimisen-tuki\/wp-json\/wp\/v2\/comments?post=346"}],"version-history":[{"count":11,"href":"https:\/\/blog.edu.turku.fi\/oppimisen-tuki\/wp-json\/wp\/v2\/pages\/346\/revisions"}],"predecessor-version":[{"id":5450,"href":"https:\/\/blog.edu.turku.fi\/oppimisen-tuki\/wp-json\/wp\/v2\/pages\/346\/revisions\/5450"}],"up":[{"embeddable":true,"href":"https:\/\/blog.edu.turku.fi\/oppimisen-tuki\/wp-json\/wp\/v2\/pages\/359"}],"wp:attachment":[{"href":"https:\/\/blog.edu.turku.fi\/oppimisen-tuki\/wp-json\/wp\/v2\/media?parent=346"}],"curies":[{"name":"wp","href":"https:\/\/api.w.org\/{rel}","templated":true}]}}