{"id":3449,"date":"2023-09-13T13:09:21","date_gmt":"2023-09-13T10:09:21","guid":{"rendered":"https:\/\/blog.edu.turku.fi\/oppimisen-tuki\/?page_id=3449"},"modified":"2023-10-19T13:20:32","modified_gmt":"2023-10-19T10:20:32","slug":"vuosiluokkiin-sitomaton-opiskelu","status":"publish","type":"page","link":"https:\/\/blog.edu.turku.fi\/oppimisen-tuki\/koulutusasteet\/perusopetus\/lisatiedot\/tuen-eri-muodot\/vuosiluokkiin-sitomaton-opiskelu\/","title":{"rendered":"Vuosiluokkiin sitomaton opiskelu"},"content":{"rendered":"<ul>\n<li>Vuosiluokkiin sitomattomassa opiskelussa edet\u00e4\u00e4n oppilaan omaan tahtiin vuosiluokkiin sidotun opinto-ohjelman sijaan.<\/li>\n<li>Usein VSOP on k\u00e4yt\u00f6ss\u00e4 sellaisilla yksitt\u00e4isill\u00e4 oppilailla, joilla katsotaan olevan v\u00e4liaikainen este tai hidaste oppimisessa ja opiskelussa.<\/li>\n<li>Opiskeltava tuntim\u00e4\u00e4r\u00e4 noudattaa opetuksenj\u00e4rjest\u00e4j\u00e4n m\u00e4\u00e4rittelem\u00e4\u00e4 tuntijakoa, jos erityisten opetusj\u00e4rjestelyjen turvin muuta ei ole p\u00e4\u00e4tetty.<\/li>\n<li>Rehtori tekee yleisen ja tehostetun tuen oppilaille p\u00e4\u00e4t\u00f6ksen vuosiluokkiin sitomattomasta opetuksesta.<\/li>\n<li>Erityispalvelup\u00e4\u00e4llikk\u00f6 tekee oppilaalle erityisen tuen p\u00e4\u00e4t\u00f6ksen ja t\u00e4ss\u00e4 p\u00e4\u00e4t\u00f6ksess\u00e4 m\u00e4\u00e4r\u00e4t\u00e4\u00e4n mahdollinen vuosiluokkiin sitomaton opetus.<\/li>\n<li>Oppilas siirtyy opiskelemaan vuosiluokkiin sitomattomasti, mutta varsinainen VSOP \u2013opiskelu voi koskea vain osaa oppiaineista. Oppiaineet, joita opiskellaan vuosiluokkiin sitomattomasti, m\u00e4\u00e4ritell\u00e4\u00e4n yhteisess\u00e4 suunnittelupalaverissa huoltajia ja oppilasta kuunnellen.<\/li>\n<li>Oppiaineiden tavoitteet perustuvat oppilaalla k\u00e4yt\u00f6ss\u00e4 olevaan opetussuunnitelmaan.<\/li>\n<li>Oppilaalle laaditaan oma opinto-ohjelma, jonka mukaan opetus toteutetaan. Opinto-ohjelmassa m\u00e4\u00e4ritell\u00e4\u00e4n opiskeltavat opintokokonaisuudet eri oppiaineissa, niiden suorittamisj\u00e4rjestys, tavoitteet sek\u00e4 opiskelu- ja arviointitavat. Opinto-ohjelma voidaan sis\u00e4llytt\u00e4\u00e4 pedagogisiin asiakirjoihin tai liitt\u00e4\u00e4 HOJKSin tai oppimissuunnitelman liitteeksi.<\/li>\n<li>Opinnot koostuvat opintokokonaisuuksista ja niit\u00e4 voi yhdistell\u00e4 aineiden v\u00e4lill\u00e4 projekteiksi.<\/li>\n<li>Opettajan, oppilaan ja huoltajien on pystytt\u00e4v\u00e4 seuraamaan opiskelun edistymist\u00e4.<\/li>\n<li>VSOP-opiskelussa toteutetetaan formatiivist\u00e4 ja summatiivista arviointia vuosiluokkiin sidottujen oppiaineiden tapaan. Oppilaalle annetaan ohjaavaa ja kannustavaa arviointia ja palautetta oppimisprosessinsa aikana. Summatiivisessa arvioinnissa tulee huomioida oppimiskokonaisuuksiin liittyv\u00e4t tavoitteet. Eri oppiaineista koostuva oppimiskokonaisuus arvioidaan oppiaineittain samoin periaattein kuin monialaisissa oppimiskokonaisuuksissa.<\/li>\n<li>Vuosiluokkiin sitomattomassa opetuksessa lukuvuositodistukseen merkit\u00e4\u00e4n kyseess\u00e4 olevan lukuvuoden suoritukset ja maininta siit\u00e4, ett\u00e4 oppilas opiskelee perusopetusasetuksen mukaisen oman opinto-ohjelman mukaisesti. Opinto-ohjelma voidaan liitt\u00e4\u00e4 todistukseen.<\/li>\n<li>Oppilas siirtyy vuosittain seuraavalle vuosiluokalle ja opiskelee yhdeks\u00e4nnell\u00e4 luokalla niin kauan, ett\u00e4 saa p\u00e4\u00e4tt\u00f6- tai erotodistuksen.<\/li>\n<\/ul>\n<p>&nbsp;<\/p>\n<h3>L\u00e4hteet:<\/h3>\n<ul>\n<li>Oppimis- ja ohjauskeskus Valteri, haettu 2023\u00a0 https:\/\/www.valteri.fi\/<\/li>\n<li>Opetushallitus, haettu 2023 https:\/\/www.oph.fi\/fi<\/li>\n<\/ul>\n<p>&nbsp;<\/p>\n","protected":false},"excerpt":{"rendered":"<p>Vuosiluokkiin sitomattomassa opiskelussa edet\u00e4\u00e4n oppilaan omaan tahtiin vuosiluokkiin sidotun opinto-ohjelman sijaan. Usein VSOP on k\u00e4yt\u00f6ss\u00e4 sellaisilla yksitt\u00e4isill\u00e4 oppilailla, joilla katsotaan olevan v\u00e4liaikainen este tai hidaste oppimisessa ja opiskelussa. Opiskeltava tuntim\u00e4\u00e4r\u00e4 noudattaa opetuksenj\u00e4rjest\u00e4j\u00e4n m\u00e4\u00e4rittelem\u00e4\u00e4 tuntijakoa, jos erityisten opetusj\u00e4rjestelyjen turvin muuta ei<\/p>\n","protected":false},"author":56,"featured_media":0,"parent":605,"menu_order":0,"comment_status":"closed","ping_status":"closed","template":"","meta":{"footnotes":""},"class_list":["post-3449","page","type-page","status-publish","hentry"],"_links":{"self":[{"href":"https:\/\/blog.edu.turku.fi\/oppimisen-tuki\/wp-json\/wp\/v2\/pages\/3449","targetHints":{"allow":["GET"]}}],"collection":[{"href":"https:\/\/blog.edu.turku.fi\/oppimisen-tuki\/wp-json\/wp\/v2\/pages"}],"about":[{"href":"https:\/\/blog.edu.turku.fi\/oppimisen-tuki\/wp-json\/wp\/v2\/types\/page"}],"author":[{"embeddable":true,"href":"https:\/\/blog.edu.turku.fi\/oppimisen-tuki\/wp-json\/wp\/v2\/users\/56"}],"replies":[{"embeddable":true,"href":"https:\/\/blog.edu.turku.fi\/oppimisen-tuki\/wp-json\/wp\/v2\/comments?post=3449"}],"version-history":[{"count":4,"href":"https:\/\/blog.edu.turku.fi\/oppimisen-tuki\/wp-json\/wp\/v2\/pages\/3449\/revisions"}],"predecessor-version":[{"id":3856,"href":"https:\/\/blog.edu.turku.fi\/oppimisen-tuki\/wp-json\/wp\/v2\/pages\/3449\/revisions\/3856"}],"up":[{"embeddable":true,"href":"https:\/\/blog.edu.turku.fi\/oppimisen-tuki\/wp-json\/wp\/v2\/pages\/605"}],"wp:attachment":[{"href":"https:\/\/blog.edu.turku.fi\/oppimisen-tuki\/wp-json\/wp\/v2\/media?parent=3449"}],"curies":[{"name":"wp","href":"https:\/\/api.w.org\/{rel}","templated":true}]}}