{"id":343,"date":"2022-12-13T12:16:27","date_gmt":"2022-12-13T10:16:27","guid":{"rendered":"https:\/\/blog.edu.turku.fi\/oppimisen-tuki\/?page_id=343"},"modified":"2022-12-13T13:27:56","modified_gmt":"2022-12-13T11:27:56","slug":"paivakodin-johtaja","status":"publish","type":"page","link":"https:\/\/blog.edu.turku.fi\/oppimisen-tuki\/koulutusasteet\/varhaiskasvatus\/toimijat\/paivakodin-johtaja\/","title":{"rendered":"P\u00e4iv\u00e4kodin johtaja"},"content":{"rendered":"<ul>\n<li>johtaa inklusiivista pedagogiikkaa p\u00e4iv\u00e4kodissa<\/li>\n<li>tekee yhteisty\u00f6t\u00e4 lasten, huoltajien, henkil\u00f6st\u00f6n ja eri yhteisty\u00f6tahojen kanssa<\/li>\n<li>j\u00e4rjest\u00e4\u00e4 aikaa henkil\u00f6st\u00f6n s\u00e4\u00e4nn\u00f6lliselle kollegiaaliselle pedagogiselle keskustelulle<\/li>\n<li>tukee p\u00e4iv\u00e4kodin pedagogisten k\u00e4yt\u00e4nt\u00f6jen ja oppimisymp\u00e4rist\u00f6jen yll\u00e4pysymist\u00e4, kehitt\u00e4mist\u00e4 ja rikastamista<\/li>\n<li>edist\u00e4\u00e4 henkil\u00f6st\u00f6n ammatillisen osaamisen kehitt\u00e4mist\u00e4 lasten tuen tarpeet huomioiden<\/li>\n<li>muodostaa kokonaisn\u00e4kemyksen varhaiskasvatuspaikan lasten tuen tarpeista ja niiden edellytt\u00e4mist\u00e4 resursseista, v\u00e4lineist\u00e4 ja menetelm\u00e4osaamisesta<\/li>\n<li>vastaa varhaiskasvatuksen toimipaikassa annettavasta tuesta, sen toteutumisesta ja henkil\u00f6st\u00f6n ajantasaisesta osaamisesta<\/li>\n<li>hankkii lasten varhaiskasvatuksen tuen j\u00e4rjest\u00e4misen edellytt\u00e4m\u00e4t apuv\u00e4lineet<\/li>\n<li>varmistaa tukitoimien toteutumisen my\u00f6s p\u00e4ivystysaikoina tai muissa tavanomaisesta poikkeavissa tilanteissa<\/li>\n<li>varmistaa lapsen tuen suunnittelun osana lapsen varhaiskasvatussuunnitelmaa<\/li>\n<li>vastaa lapsi- ja ryhm\u00e4kohtaisten avustajien avustajasopimusten laatimisesta<\/li>\n<li>varmistaa tarpeellisen tiedonkulun<\/li>\n<\/ul>\n","protected":false},"excerpt":{"rendered":"<ul>\n<li>johtaa inklusiivista pedagogiikkaa p\u00e4iv\u00e4kodissa<\/li>\n<li>tekee yhteisty\u00f6t\u00e4 lasten, huoltajien, henkil\u00f6st\u00f6n ja eri yhteisty\u00f6tahojen kanssa<\/li>\n<li>j\u00e4rjest\u00e4\u00e4 aikaa henkil\u00f6st\u00f6n s\u00e4\u00e4nn\u00f6lliselle kollegiaaliselle pedagogiselle keskustelul&#8230;<br \/>\n","protected":false},"author":56,"featured_media":0,"parent":359,"menu_order":0,"comment_status":"closed","ping_status":"closed","template":"","meta":{"footnotes":""},"class_list":["post-343","page","type-page","status-publish","hentry"],"_links":{"self":[{"href":"https:\/\/blog.edu.turku.fi\/oppimisen-tuki\/wp-json\/wp\/v2\/pages\/343","targetHints":{"allow":["GET"]}}],"collection":[{"href":"https:\/\/blog.edu.turku.fi\/oppimisen-tuki\/wp-json\/wp\/v2\/pages"}],"about":[{"href":"https:\/\/blog.edu.turku.fi\/oppimisen-tuki\/wp-json\/wp\/v2\/types\/page"}],"author":[{"embeddable":true,"href":"https:\/\/blog.edu.turku.fi\/oppimisen-tuki\/wp-json\/wp\/v2\/users\/56"}],"replies":[{"embeddable":true,"href":"https:\/\/blog.edu.turku.fi\/oppimisen-tuki\/wp-json\/wp\/v2\/comments?post=343"}],"version-history":[{"count":2,"href":"https:\/\/blog.edu.turku.fi\/oppimisen-tuki\/wp-json\/wp\/v2\/pages\/343\/revisions"}],"predecessor-version":[{"id":372,"href":"https:\/\/blog.edu.turku.fi\/oppimisen-tuki\/wp-json\/wp\/v2\/pages\/343\/revisions\/372"}],"up":[{"embeddable":true,"href":"https:\/\/blog.edu.turku.fi\/oppimisen-tuki\/wp-json\/wp\/v2\/pages\/359"}],"wp:attachment":[{"href":"https:\/\/blog.edu.turku.fi\/oppimisen-tuki\/wp-json\/wp\/v2\/media?parent=343"}],"curies":[{"name":"wp","href":"https:\/\/api.w.org\/{rel}","templated":true}]}}