{"id":3423,"date":"2023-09-13T13:00:48","date_gmt":"2023-09-13T10:00:48","guid":{"rendered":"https:\/\/blog.edu.turku.fi\/oppimisen-tuki\/?page_id=3423"},"modified":"2025-11-12T09:58:12","modified_gmt":"2025-11-12T07:58:12","slug":"pienryhmatoiminta","status":"publish","type":"page","link":"https:\/\/blog.edu.turku.fi\/oppimisen-tuki\/koulutusasteet\/varhaiskasvatus\/lisatiedot\/pedagoginen-tyokalupakki\/pienryhmatoiminta\/","title":{"rendered":"Pienryhm\u00e4toiminta"},"content":{"rendered":"\n<p>Varhaiskasvatuksessa toimitaan erikokoisissa ryhmiss\u00e4 joustavasti ryhmi\u00e4 ja kasvattajia<br>vaihdellen. Kasvatushenkil\u00f6st\u00f6 muodostaa ryhm\u00e4t pedagogisin perustein, niin ett\u00e4 lapsilla<br>on mahdollista harjoitella toimimista sek\u00e4 pienryhmiss\u00e4 ett\u00e4 suuremmissa ryhmiss\u00e4.<br>Pienryhm\u00e4toiminta mahdollistaa rauhallisen oppimisymp\u00e4rist\u00f6n, aikuisen l\u00e4sn\u00e4olon ja<br>yksil\u00f6llisemm\u00e4n tuen. Pieniss\u00e4 ryhmiss\u00e4 toiminta on lapsil\u00e4ht\u00f6isemp\u00e4\u00e4, lasten aloitteille ja<br>vuorovaikutukselle j\u00e4\u00e4 enemm\u00e4n tilaa ja aikuinen pystyy paremmin tukemaan lapsia t\u00e4rkeiden<br>taitojen harjoittelemisessa.<\/p>\n\n\n\n<p>L\u00e4hde: Turun kaupungin varhaiskasvatussuunnitelma 2024<\/p>\n\n\n\n<p><\/p>\n","protected":false},"excerpt":{"rendered":"<p>Varhaiskasvatuksessa toimitaan erikokoisissa ryhmiss\u00e4 joustavasti ryhmi\u00e4 ja kasvattajiavaihdellen. Kasvatushenkil\u00f6st\u00f6 muodostaa ryhm\u00e4t pedagogisin perustein, niin ett\u00e4 lapsillaon mahdollista harjoitella toimimista sek\u00e4 pienryhmiss\u00e4 ett\u00e4 suuremmissa ryhmiss\u00e4.Pienryhm\u00e4toiminta mahdollistaa rauhallisen oppimisymp\u00e4rist\u00f6n, aikuisen l\u00e4sn\u00e4olon jayksil\u00f6llisemm\u00e4n tuen. Pieniss\u00e4 ryhmiss\u00e4 toiminta on lapsil\u00e4ht\u00f6isemp\u00e4\u00e4, lasten aloitteille javuorovaikutukselle j\u00e4\u00e4<\/p>\n","protected":false},"author":56,"featured_media":0,"parent":405,"menu_order":0,"comment_status":"closed","ping_status":"closed","template":"","meta":{"footnotes":""},"class_list":["post-3423","page","type-page","status-publish","hentry"],"_links":{"self":[{"href":"https:\/\/blog.edu.turku.fi\/oppimisen-tuki\/wp-json\/wp\/v2\/pages\/3423","targetHints":{"allow":["GET"]}}],"collection":[{"href":"https:\/\/blog.edu.turku.fi\/oppimisen-tuki\/wp-json\/wp\/v2\/pages"}],"about":[{"href":"https:\/\/blog.edu.turku.fi\/oppimisen-tuki\/wp-json\/wp\/v2\/types\/page"}],"author":[{"embeddable":true,"href":"https:\/\/blog.edu.turku.fi\/oppimisen-tuki\/wp-json\/wp\/v2\/users\/56"}],"replies":[{"embeddable":true,"href":"https:\/\/blog.edu.turku.fi\/oppimisen-tuki\/wp-json\/wp\/v2\/comments?post=3423"}],"version-history":[{"count":2,"href":"https:\/\/blog.edu.turku.fi\/oppimisen-tuki\/wp-json\/wp\/v2\/pages\/3423\/revisions"}],"predecessor-version":[{"id":5469,"href":"https:\/\/blog.edu.turku.fi\/oppimisen-tuki\/wp-json\/wp\/v2\/pages\/3423\/revisions\/5469"}],"up":[{"embeddable":true,"href":"https:\/\/blog.edu.turku.fi\/oppimisen-tuki\/wp-json\/wp\/v2\/pages\/405"}],"wp:attachment":[{"href":"https:\/\/blog.edu.turku.fi\/oppimisen-tuki\/wp-json\/wp\/v2\/media?parent=3423"}],"curies":[{"name":"wp","href":"https:\/\/api.w.org\/{rel}","templated":true}]}}