{"id":3412,"date":"2023-09-13T12:55:06","date_gmt":"2023-09-13T09:55:06","guid":{"rendered":"https:\/\/blog.edu.turku.fi\/oppimisen-tuki\/?page_id=3412"},"modified":"2024-09-18T10:26:34","modified_gmt":"2024-09-18T07:26:34","slug":"yhteistyo-poliisin-kanssa","status":"publish","type":"page","link":"https:\/\/blog.edu.turku.fi\/oppimisen-tuki\/koulutusasteet\/perusopetus\/lisatiedot\/turvallinen-koulupaiva\/yhteistyo-poliisin-kanssa\/","title":{"rendered":"Yhteisty\u00f6 poliisin kanssa"},"content":{"rendered":"\n<h2 class=\"wp-block-heading\" id=\"poliisi\">Poliisi<\/h2>\n\n\n\n<table class=\"otsikkolinkit\">\n<tbody>\n<tr>\n<td><a href=\"#ilmoitusvelvollisuus-poliisille\">Ilmoitusvelvollisuus poliisille<\/a><\/td>\n<td><a href=\"#toimintaohjeet-koulussa-tapahtuneisiin-lainvastaisiin-tekoihin\">Toimintaohjeet koulussa tapahtuneisiin lainvastaisiin tekoihin<\/a><\/td>\n<td><a href=\"#lapseen-kohdistuva-seksuaali-tai-pahoinpitelyrikos\">Lapseen kohdistuva seksuaali- tai pahoinpitelyrikos<\/a><\/td>\n<td><a href=\"#ankkuritoiminta\">Ankkuritoiminta<\/a><\/td>\n<\/tr>\n<\/tbody>\n<\/table>\n\n\n\n<h2 class=\"wp-block-heading\" id=\"ilmoitusvelvollisuus-poliisille\">Ilmoitusvelvollisuus poliisille<\/h2>\n\n\n\n<p>Jokaisen kasvuun ja kehitykseen kuuluu haasteita. My\u00f6nteisten sosiaalisten suhteiden luomisessa ja yll\u00e4pit\u00e4misess\u00e4 on l\u00e4hes kaikilla ajoittain vaikeuksia. Sosiaaliset taidot ovat koululaisilla viel\u00e4 kehittym\u00e4ss\u00e4. Tunne- ja vuorovaikutustaitojen opettamisella ja koulun my\u00f6nteisell\u00e4 toimintakulttuurilla ennaltaehk\u00e4ist\u00e4\u00e4n kiusaamista sek\u00e4 lainvastaisia tekoja. Sellaisten tekojen selvitt\u00e4minen ja jatkotoimenpiteet, jotka t\u00e4ytt\u00e4v\u00e4t rikoksen tunnusmerkist\u00f6n, kuuluvat kuitenkin poliisille ja sosiaaliviranomaisille.<\/p>\n\n\n\n<pre class=\"wp-block-preformatted levea\">Huom. Kiusaamiseksi miellet\u00e4\u00e4n runsas joukko tekoja, jotka eiv\u00e4t t\u00e4yt\u00e4 rikoksen tunnusmerkist\u00f6\u00e4, eiv\u00e4tk\u00e4 ne sin\u00e4ll\u00e4\u00e4n ole lainvastaisia. Teot ovat kuitenkin vakavia ja julmia, eik\u00e4 niit\u00e4 saa v\u00e4heksy\u00e4. Niihin tulee reagoida heti ja ne tulee keskeytt\u00e4\u00e4 v\u00e4litt\u00f6m\u00e4sti. T\u00e4llaisia tekoja ovat esimerkiksi erist\u00e4minen, v\u00e4h\u00e4ttely, aliarvioiminen, nimittely, yllytt\u00e4minen itsemurhaan sek\u00e4 erilaiset ilmeet, eleet ja merkit, joilla halvennetaan toista. T\u00e4ll\u00f6in puhutaan henkisest\u00e4 v\u00e4kivallasta. Mainitut teot vaarantavat helposti lapsen ja nuoren kasvun ja kehityksen. T\u00e4llaisiin tekoihin puutuaan lastensuojelulain velvoittaman lastensuojeluilmoituksen kautta. Henkinen v\u00e4livalta voi joissain tapauksissa t\u00e4ytt\u00e4\u00e4 RL 21\u00a7 pahoinpitelyn tunnusmerkist\u00f6n.<\/pre>\n\n\n\n<p>Kiusaamiseksi kutsutut lainvastaiset teot ovat tahallisia ja ne t\u00e4ytt\u00e4v\u00e4t l\u00e4hes aina jonkin rikoksen tunnusmerkist\u00f6n. Alle 15-vuotias ei ole rikosoikeudellisessa vastuussa ik\u00e4ns\u00e4 takia, mutta korvausvastuu h\u00e4nell\u00e4 on. Tekojen vakavuutta on kuvattava niiden oikeilla nimill\u00e4 ja tekotavoilla. Lainvastainen teko ei voi lieventy\u00e4 kiusaamiseksi vain siksi, ett\u00e4 se tapahtuu koulun alueella.<\/p>\n\n\n\n<p>Koulujen virkatoimintaan kuuluu harkintavallan k\u00e4ytt\u00e4minen. Tavanomaiset ja v\u00e4h\u00e4iset kahnaukset lasten v\u00e4lill\u00e4, joihin puututaan kasvatuksellisilla ja tai kurinpidollisilla toimilla, eiv\u00e4t aiheuta ilmoitusvelvollisuutta poliisille, mutta <a href=\"https:\/\/www.varha.fi\/fi\/lastensuojeluilmoitus\">lastensuojeluilmoituksen<\/a> (Lastensuojelulain 25 \u00a7) harkinta pit\u00e4\u00e4 tehd\u00e4. Ilmoitusvelvollisuutta pohdittaessa on aina syyt\u00e4 huomioida lapsen ik\u00e4 ja kehitystaso.<\/p>\n\n\n\n<p>Lastensuojeluilmoituksen lis\u00e4ksi on poliisille ilmoitettava (rikosilmoitus tai tutkintapyynt\u00f6), jos tulee tietoa lapseen kohdistuneesta seksuaalirikoksesta tai henkeen ja terveyteen kohdistuneesta rikoksesta, josta voi seurata kaksi vuotta vankeutta tai enemm\u00e4n.<\/p>\n\n\n\n<p>Mik\u00e4li olet ep\u00e4varma, konsultoi viranomaisia (yhteystiedot alla). Lapsiin kohdistuneissa rikosasioissa yhteys Varsinais-Suomen lapsirikostutkintaan joka p\u00e4iv\u00e4 kello 7 \u2013 16, puhelinnumero 02 95\u202f444\u202f760\/ L<\/p>\n\n\n\n<pre class=\"wp-block-preformatted levea\">Huom! Asianomistajarikoksessa teon kohde eli asianomistaja (alaik\u00e4iseen kohdistuneessa rikoksessa my\u00f6s huoltajat ovat asianomistajia) voi itse p\u00e4\u00e4tt\u00e4\u00e4, haluaako h\u00e4n poliisin tutkivan\/selvitt\u00e4v\u00e4n asiaa. Asianomistajarikoksissa vanhemmat itse voivat tehd\u00e4 rikosilmoituksen asiasta. Voidaan my\u00f6s sopia, ett\u00e4 koulu tekee vanhempien luvalla\/toiveesta ilmoituksen. Asianomistajarikoksessa poliisi p\u00e4\u00e4s\u00e4\u00e4nt\u00f6isesti aloittaa tutkinnan ilman asianomistajan ilmoitusta vain, jos asianomistaja ei tied\u00e4 viel\u00e4 rikoksesta, eik\u00e4 tutkintaa voida siirt\u00e4\u00e4 rikoksen selvitt\u00e4mist\u00e4 vaarantamatta.<\/pre>\n\n\n\n<p>Sosiaalip\u00e4ivystyksen ym. puh. (lue lis\u00e4\u00e4 sos. palvelut)<\/p>\n\n\n\n<h2 class=\"wp-block-heading\" id=\"toimintaohjeet-koulussa-tapahtuneisiin-lainvastaisiin-tekoihin\">Toimintaohjeet koulussa tapahtuneisiin lainvastaisiin tekoihin<\/h2>\n\n\n\n<table class=\"otsikkolinkit\">\n<tbody>\n<tr>\n<td><a href=\"#pahoinpitely\">Pahoinpitely<\/a><\/td>\n<td><a href=\"#tappeluun-osallistuminen\">Tappeluun osallistuminen<\/a><\/td>\n<td><a href=\"#laiton-uhkaus\">Laiton uhkaus<\/a><\/td>\n<td><a href=\"#varkaus-ja-napistys\">Varkaus ja n\u00e4pistys<\/a><\/td>\n<td><a href=\"#sukupuolisiveellisyytta-loukkaavan-kuvan-levittaminen\">Sukupuolisiveellisyytt\u00e4 loukkaavan kuvan levitt\u00e4minen<\/a><\/td>\n<td><a href=\"#sukupuolisiveellisyytta-loukkaavan-lasta-esittavan-kuvan-hallussapito\">Sukupuolisiveellisyytt\u00e4 loukkaavan lasta esitt\u00e4v\u00e4n kuvan hallussapito<\/a><\/td>\n<td><a href=\"#yksityiselamaa-loukkaavan-tiedon-levittaminen\">Yksityisel\u00e4m\u00e4\u00e4 loukkaavan tiedon levitt\u00e4minen<\/a><\/td>\n<td><a href=\"#kunnianloukkaus\">Kunnianloukkaus<\/a><\/td>\n<td><a href=\"#viestintasalaisuuden-loukkaaminen\">Viestint\u00e4salaisuuden loukkaaminen<\/a><\/td>\n<td><a href=\"#identiteettivarkaus\">Identiteettivarkaus<\/a><\/td>\n<td><a href=\"#viestintarauhan-rikkominen\">Viestint\u00e4rauhan rikkominen<\/a><\/td>\n<td><a href=\"#salakuuntelu\">Salakuuntelu<\/a><\/td>\n<td><a href=\"#salakatselu\">Salakatselu<\/a><\/td>\n<td><a href=\"#vainoaminen\">Vainoaminen<\/a><\/td>\n<\/tr>\n<\/tbody>\n<\/table>\n\n\n\n<h3 class=\"wp-block-heading\" id=\"pahoinpitely\">Pahoinpitely<\/h3>\n\n\n\n<p>Lainvastainen teko, joka t\u00e4ytt\u00e4\u00e4 pahoinpitelyn tunnusmerkist\u00f6n on kyseess\u00e4 silloin, kun oppilas ly\u00f6 tai potkii toista, kaataa toisen maahan, ty\u00f6nt\u00e4\u00e4 toisen p\u00e4in sein\u00e4\u00e4, puree, raapii, vet\u00e4\u00e4 toista hiuksista tai muuten aiheuttaa toiselle kipua tai vamman, taikka v\u00e4kivaltaa k\u00e4ytt\u00e4m\u00e4tt\u00e4 vahingoittaa toisen terveytt\u00e4. RL 21:5 \u00a7, virallisen syytteen alainen teko.<\/p>\n\n\n\n<p>Toimenpiteet:<\/p>\n\n\n\n<ul class=\"wp-block-list\">\n<li>Teon v\u00e4lit\u00f6n keskeytt\u00e4minen<\/li>\n\n\n\n<li>Akuutissa tilanteessa ilmoitus h\u00e4t\u00e4keskukseen<\/li>\n\n\n\n<li>Ilmoitus poliisille ja lastensuojelulle<\/li>\n\n\n\n<li>Ilmoitus kaikkien osapuolten huoltajille<\/li>\n\n\n\n<li>Rangaistusasteikko 15 vuotta t\u00e4ytt\u00e4neelle on sakkoa tai enint\u00e4\u00e4n kaksi vuotta vankeutta<\/li>\n<\/ul>\n\n\n\n<h3 class=\"wp-block-heading\" id=\"tappeluun-osallistuminen\">Tappeluun osallistuminen<\/h3>\n\n\n\n<p>Lainvastainen teko, joka t\u00e4ytt\u00e4\u00e4 tappeluun osallistumisen tunnusmerkist\u00f6n on kyseess\u00e4 silloin, kun oppilas osallistuu usean ihmisen tappeluun v\u00e4kivaltaa k\u00e4ytt\u00e4en tai muutoin osallistuu siihen, esimerkiksi kuvaamalla ja kannustamalla RL 21:12 \u00a7, virallisen syytteen alainen teko.<\/p>\n\n\n\n<p>Toimenpiteet:<\/p>\n\n\n\n<ul class=\"wp-block-list\">\n<li>Teon v\u00e4lit\u00f6n keskeytt\u00e4minen<\/li>\n\n\n\n<li>Akuutissa tilanteessa ilmoitus h\u00e4t\u00e4keskukseen<\/li>\n\n\n\n<li>Ilmoitus poliisille ja lastensuojelulle<\/li>\n\n\n\n<li>Ilmoitus kaikkien osapuolten huoltajille<\/li>\n\n\n\n<li>Rangaistusasteikko 15 vuotta t\u00e4ytt\u00e4neelle on sakkoa tai enint\u00e4\u00e4n kaksi vuotta vankeutta<\/li>\n<\/ul>\n\n\n\n<h3 class=\"wp-block-heading\" id=\"laiton-uhkaus\">Laiton uhkaus<\/h3>\n\n\n\n<p>Lainvastainen teko, joka t\u00e4ytt\u00e4\u00e4 laittoman uhkauksen tunnusmerkist\u00f6n on kyseess\u00e4 silloin, kun oppilas uhkaa toista rikoksella siten, ett\u00e4 uhatulla on perusteltu syys olettaa joutuvansa rikoksen uhriksi tai omaisuuteensa kohdistuvan vakava vaara. RL 25:7 \u00a7, asianomistajarikos.<\/p>\n\n\n\n<p>Toimenpiteet:<\/p>\n\n\n\n<ul class=\"wp-block-list\">\n<li>Teon v\u00e4lit\u00f6n keskeytt\u00e4minen<\/li>\n\n\n\n<li>Lastensuojeluilmoitus<\/li>\n\n\n\n<li>Uhatun turvallisuuden varmistaminen<\/li>\n\n\n\n<li>Jatkotoimet ja ennaltaehk\u00e4isyn varmistaminen<\/li>\n\n\n\n<li>Tarvittaessa ilmoitus poliisille<\/li>\n\n\n\n<li>Ilmoitus kaikkien osapuolten huoltajille<\/li>\n\n\n\n<li>Rangaistusasteikko 15 vuotta t\u00e4ytt\u00e4neelle on sakkoa tai enint\u00e4\u00e4n kaksi vuotta vankeutta<\/li>\n<\/ul>\n\n\n\n<h3 class=\"wp-block-heading\" id=\"varkaus-ja-napistys\">Varkaus ja n\u00e4pistys<\/h3>\n\n\n\n<p>Lainvastainen teko, joka t\u00e4ytt\u00e4\u00e4 varkauden ja n\u00e4pistyksen tunnusmerkist\u00f6n on kyseess\u00e4 silloin, kun oppilas rikkoo tahallaan toisen omaisuutta tai aiheuttaa niin ik\u00e4\u00e4n tahallaan muutoin omaisuusvahingon. RL 35:1 \u00a7, asianomistajarikos.<\/p>\n\n\n\n<p>Toimenpiteet:<\/p>\n\n\n\n<ul class=\"wp-block-list\">\n<li>Teon v\u00e4lit\u00f6n keskeytt\u00e4minen<\/li>\n\n\n\n<li>Ilmoitus kaikkien osapuolten huoltajille<\/li>\n\n\n\n<li>Ilmoitus poliisille ja lastensuojelulle tarpeen vaatiessa.<\/li>\n\n\n\n<li>Rangaistusasteikko 15 vuotta t\u00e4ytt\u00e4neelle on sakko tai enint\u00e4\u00e4n vuosi vankeutta<\/li>\n<\/ul>\n\n\n\n<h3 class=\"wp-block-heading\" id=\"sukupuolisiveellisyytta-loukkaavan-kuvan-levittaminen\">Sukupuolisiveellisyytt\u00e4 loukkaavan kuvan levitt\u00e4minen<\/h3>\n\n\n\n<p>Lainvastainen teko, joka t\u00e4ytt\u00e4\u00e4 sukupuolisiveellisyytt\u00e4 loukkaavan kuvan levitt\u00e4misen tunnusmerkist\u00f6n on kyseess\u00e4 silloin, kun oppilas valmistaa tai levitt\u00e4\u00e4 toisesta oppilaasta kuvia, joissa n\u00e4kyy esimerkiksi intiimialueita. RL 17:18 \u00a7, yleisen syytt\u00e4j\u00e4n alainen rikos.<\/p>\n\n\n\n<p>Toimenpiteet:<\/p>\n\n\n\n<ul class=\"wp-block-list\">\n<li>Teon v\u00e4lit\u00f6n keskeytt\u00e4minen<\/li>\n\n\n\n<li>Ilmoitus poliisille ja lastensuojelulle<\/li>\n\n\n\n<li>Ilmoitus kaikkien osapuolten huoltajille<\/li>\n\n\n\n<li>Rangaistusasteikko 15 vuotta t\u00e4ytt\u00e4neelle on sakko tai enint\u00e4\u00e4n vuosi vankeutta<\/li>\n<\/ul>\n\n\n\n<h3 class=\"wp-block-heading\" id=\"sukupuolisiveellisyytta-loukkaavan-lasta-esittavan-kuvan-hallussapito\">Sukupuolisiveellisyytt\u00e4 loukkaavan lasta esitt\u00e4v\u00e4n kuvan hallussapito<\/h3>\n\n\n\n<p>Lainvastainen teko, joka t\u00e4ytt\u00e4\u00e4 sukupuolisiveellisyytt\u00e4 loukkaavan lasta esitt\u00e4v\u00e4n kuvan hallussapidon tunnusmerkist\u00f6n on kyseess\u00e4 silloin, kun oppilas pit\u00e4\u00e4 hallussaan toisesta oppilaasta kuvia, joissa n\u00e4kyy esimerkiksi intiimialueita. RL 17:19 \u00a7, yleisen syytt\u00e4j\u00e4n alainen rikos.<\/p>\n\n\n\n<p>Toimenpiteet:<\/p>\n\n\n\n<ul class=\"wp-block-list\">\n<li>Teon v\u00e4lit\u00f6n keskeytt\u00e4minen<\/li>\n\n\n\n<li>Ilmoitus poliisille ja lastensuojelulle<\/li>\n\n\n\n<li>Ilmoitus kaikkien osapuolten huoltajille<\/li>\n\n\n\n<li>Rangaistusasteikko 15 vuotta t\u00e4ytt\u00e4neelle on sakko tai enint\u00e4\u00e4n vuosi vankeutta<\/li>\n<\/ul>\n\n\n\n<h3 class=\"wp-block-heading\" id=\"yksityiselamaa-loukkaavan-tiedon-levittaminen\">Yksityisel\u00e4m\u00e4\u00e4 loukkaavan tiedon levitt\u00e4minen<\/h3>\n\n\n\n<p>Lainvastainen teko, joka t\u00e4ytt\u00e4\u00e4 yksityisel\u00e4m\u00e4\u00e4 loukkaavan tiedon levitt\u00e4misen tunnusmerkist\u00f6n on kyseess\u00e4 silloin, kun oppilas julkaisee toisesta tiedotusv\u00e4lineiss\u00e4 halventavia tai pilkkaavia kuvia tai muita tietoja tai muulla tavoin julkaisee sellaisia suuren joukon tietoon, esimerkiksi internetin keskusteluryhmiss\u00e4. RL 24:8 \u00a7, asianomistajarikos.<\/p>\n\n\n\n<p>Toimenpiteet:<\/p>\n\n\n\n<ul class=\"wp-block-list\">\n<li>Teon v\u00e4lit\u00f6n keskeytt\u00e4minen<\/li>\n\n\n\n<li>Ilmoitus kaikkien osapuolten huoltajille<\/li>\n\n\n\n<li>Koulun toimenpiteet, mik\u00e4li ei rikosilmoitusta. Jos vakavaa ja haitallista, lastensuojeluilmoitus.<\/li>\n\n\n\n<li>Rangaistusasteikko 15 vuotta t\u00e4ytt\u00e4neelle on sakko<\/li>\n<\/ul>\n\n\n\n<h3 class=\"wp-block-heading\" id=\"kunnianloukkaus\">Kunnianloukkaus<\/h3>\n\n\n\n<p>Lainvastainen teko, joka t\u00e4ytt\u00e4\u00e4 kunnianloukkauksen tunnusmerkist\u00f6n, no kyseess\u00e4 silloin, kun oppilas levitt\u00e4\u00e4 julkisesti per\u00e4t\u00f6nt\u00e4 tietoa, joka on omiaan aiheuttamaan toiselle vahinkoa, k\u00e4rsimyst\u00e4 tai muuten halventaa h\u00e4nt\u00e4 taikka muuten julkisesti halventaa toista. RL 24:9 \u00a7, asianomistajarikos.<\/p>\n\n\n\n<p>Toimenpiteet:<\/p>\n\n\n\n<ul class=\"wp-block-list\">\n<li>Teon v\u00e4lit\u00f6n keskeytt\u00e4minen<\/li>\n\n\n\n<li>Ilmoitus kaikkien osapuolten huoltajille<\/li>\n\n\n\n<li>Koulun toimenpiteet, mik\u00e4li ei rikosilmoitusta. Jos vakavaa ja haitallista, lastensuojeluilmoitus<\/li>\n\n\n\n<li>Rangaistusasteikko 15 vuotta t\u00e4ytt\u00e4neelle on sakko.<\/li>\n<\/ul>\n\n\n\n<h3 class=\"wp-block-heading\" id=\"viestintasalaisuuden-loukkaaminen\">Viestint\u00e4salaisuuden loukkaaminen<\/h3>\n\n\n\n<p>Lainvastainen teko, joka t\u00e4ytt\u00e4\u00e4 viestint\u00e4salaisuuden loukkauksen tunnusmerkist\u00f6n on kyseess\u00e4 silloin, kun oppilas avaa luvatta toisen matkapuhelimen tai tietokoneen ja hankkii tietoa niiss\u00e4 olevista viesteist\u00e4, kuvista tai muusta materiaalista. RL 38:3 \u00a7,asianomistajarikos.<\/p>\n\n\n\n<p>Toimenpiteet:<\/p>\n\n\n\n<ul class=\"wp-block-list\">\n<li>Teon v\u00e4lit\u00f6n keskeytt\u00e4minen<\/li>\n\n\n\n<li>Ilmoitus kaikkien osapuolten huoltajille<\/li>\n\n\n\n<li>Koulun toimenpiteet, mik\u00e4li ei rikosilmoitusta. Jos vakavaa ja haitallista, lastensuojeluilmoitus<\/li>\n\n\n\n<li>Rangaistusasteikko 15 vuotta t\u00e4ytt\u00e4neelle on sakko tai enint\u00e4\u00e4n kaksi vuotta vankeutta<\/li>\n<\/ul>\n\n\n\n<h3 class=\"wp-block-heading\" id=\"identiteettivarkaus\">Identiteettivarkaus<\/h3>\n\n\n\n<p>Lainvastainen teko, joka t\u00e4ytt\u00e4\u00e4 identiteettivarkauden tunnusmerkist\u00f6n on kyseess\u00e4 silloin, kun oppilas esiintyy toisen tai nettiosoitteella t\u00e4m\u00e4n tiedoilla keskusteluryhmiss\u00e4 tai muissa vastaavissa foorumeissa. RL 38:9 \u00a7, asianomistajarikos.<\/p>\n\n\n\n<p>Toimenpiteet:<\/p>\n\n\n\n<ul class=\"wp-block-list\">\n<li>Teon v\u00e4lit\u00f6n keskeytt\u00e4minen<\/li>\n\n\n\n<li>Ilmoitus kaikkien osapuolten huoltajille<\/li>\n\n\n\n<li>Koulun toimenpiteet, mik\u00e4li ei rikosilmoitusta. Jos vakavaa ja haitallista, lastensuojeluilmoitus<\/li>\n\n\n\n<li>Rangaistusasteikko 15 vuotta t\u00e4ytt\u00e4neelle on sakko<\/li>\n<\/ul>\n\n\n\n<h3 class=\"wp-block-heading\" id=\"viestintarauhan-rikkominen\">Viestint\u00e4rauhan rikkominen<\/h3>\n\n\n\n<p>Lainvastainen teko, joka t\u00e4ytt\u00e4\u00e4 viestint\u00e4rauhan rikkomisen tunnusmerkist\u00f6n on kyseess\u00e4 silloin, kun oppilas h\u00e4irint\u00e4tarkoituksessa, vastoin toisen tahtoa soittaa tai l\u00e4hett\u00e4\u00e4 lukuisia viestej\u00e4 t\u00e4lle, tilaa pilapuheluita tai muutoin merkitt\u00e4v\u00e4sti h\u00e4iritsee s\u00e4hk\u00f6isten viestinten kautta. RL 24:1a \u00a7, asianomistajarikos.<\/p>\n\n\n\n<p>Toimenpiteet:<\/p>\n\n\n\n<ul class=\"wp-block-list\">\n<li>Teon v\u00e4lit\u00f6n keskeytt\u00e4minen<\/li>\n\n\n\n<li>Ilmoitus kaikkien osapuolten huoltajille<\/li>\n\n\n\n<li>Koulun toimenpiteet, mik\u00e4li ei rikosilmoitusta. Jos vakavaa ja haitallista, lastensuojeluilmoitus<\/li>\n\n\n\n<li>Rangaistusasteikko 15 vuotta t\u00e4ytt\u00e4neelle on sakko tai enint\u00e4\u00e4n 6 kuukautta vankeutta.<\/li>\n<\/ul>\n\n\n\n<h3 class=\"wp-block-heading\" id=\"salakuuntelu\">Salakuuntelu<\/h3>\n\n\n\n<p>Lainvastainen teko, joka t\u00e4ytt\u00e4\u00e4 salakuuntelun tunnusmerkist\u00f6n on kyseess\u00e4 silloin, kun oppilas tallentaa salaa sellaisia toisten keskusteluja, jotka eiv\u00e4t ole tarkoitettu h\u00e4nen tietoonsa, eiv\u00e4tk\u00e4 puhujat ole voineet olettaa ulkopuolisten kuulevan heid\u00e4n puheitaan. RL 24:5 \u00a7, asianomistajarikos.<\/p>\n\n\n\n<p>Toimenpiteet:<\/p>\n\n\n\n<ul class=\"wp-block-list\">\n<li>Teon v\u00e4lit\u00f6n keskeytt\u00e4minen<\/li>\n\n\n\n<li>Ilmoitus kaikkien osapuolten huoltajille<\/li>\n\n\n\n<li>Koulun toimenpiteet, mik\u00e4li ei rikosilmoitusta. Jos vakavaa ja haitallista, lastensuojeluilmoitus<\/li>\n\n\n\n<li>Rangaistusasteikko 15 vuotta t\u00e4ytt\u00e4neelle on sakko tai enint\u00e4\u00e4n vuosi vankeutta.<\/li>\n<\/ul>\n\n\n\n<h3 class=\"wp-block-heading\" id=\"salakatselu\">Salakatselu<\/h3>\n\n\n\n<p>Lainvastainen teko, joka t\u00e4ytt\u00e4\u00e4 salakatselun tunnusmerkist\u00f6n on kyseess\u00e4 silloin, kun oppilas kuvaa salaa henkil\u00f6\u00e4 koulussa, k\u00e4ym\u00e4l\u00e4ss\u00e4, pukuhuoneessa tai muussa vastaavassa paikassa kuvattavan yksityisyytt\u00e4 loukaten. RL 24:6 \u00a7, asianomistajarikos.<\/p>\n\n\n\n<p>Toimenpiteet:<\/p>\n\n\n\n<ul class=\"wp-block-list\">\n<li>Teon v\u00e4lit\u00f6n keskeytt\u00e4minen<\/li>\n\n\n\n<li>Ilmoitus kaikkien osapuolten huoltajille<\/li>\n\n\n\n<li>Koulun toimenpiteet, mik\u00e4li ei rikosilmoitusta. Jos vakavaa ja haitallista, lastensuojeluilmoitus<\/li>\n\n\n\n<li>Rangaistusasteikko 15 vuotta t\u00e4ytt\u00e4neelle on sakko tai enint\u00e4\u00e4n vuosi vankeutta.<\/li>\n<\/ul>\n\n\n\n<h3 class=\"wp-block-heading\" id=\"vainoaminen\">Vainoaminen<\/h3>\n\n\n\n<p>Lainvastainen teko, joka t\u00e4ytt\u00e4\u00e4 vainoamisen tunnusmerkist\u00f6n on kyseess\u00e4 silloin, kun oppilas toistuvasti uhkaa, seuraa, tarkkailee, ottaa yhteytt\u00e4 tai muuten oikeudettomasti vainoaa toista, vastoin t\u00e4m\u00e4n tahtoa siten, ett\u00e4 se on omiaan aiheuttamaan pelkoa tai ahdistusta. RL 25:7a \u00a7, asianomistajarikos.<\/p>\n\n\n\n<p>Toimenpiteet:<\/p>\n\n\n\n<ul class=\"wp-block-list\">\n<li>Teon v\u00e4lit\u00f6n keskeytt\u00e4minen<\/li>\n\n\n\n<li>Ilmoitus kaikkien osapuolten huoltajille<\/li>\n\n\n\n<li>Koulun toimenpiteet, mik\u00e4li ei rikosilmoitusta. Jos vakavaa ja haitallista, lastensuojeluilmoitus<\/li>\n\n\n\n<li>Rangaistusasteikko 15 vuotta t\u00e4ytt\u00e4neelle on sakko tai enint\u00e4\u00e4n kaksi vuotta vankeutta.<\/li>\n<\/ul>\n\n\n\n<h2 class=\"wp-block-heading\" id=\"lapseen-kohdistuva-seksuaali-tai-pahoinpitelyrikos\">Lapseen kohdistuva seksuaali- tai pahoinpitelyrikos<\/h2>\n\n\n\n<p>Lasten ja nuorten kanssa toimivalla henkil\u00f6st\u00f6ll\u00e4 on lakiin perustuva velvollisuus tehd\u00e4 rikosilmoitus alaik\u00e4iseen lapseen kohdistuneesta seksuaali- ja pahoinpitely rikoksesta. J\u00e4tt\u00e4m\u00e4ll\u00e4 tekem\u00e4tt\u00e4 rikosilmoituksen Lastensuojelulain 25\u00a7 tarkoittamista teoista, rikkoo itse omaa virkavelvollisuuttaan. Ilmoitus on teht\u00e4v\u00e4 v\u00e4litt\u00f6m\u00e4sti, kun tieto teosta on saatu.<\/p>\n\n\n\n<p>Kyseisi\u00e4 tekoja esimerkiksi:<\/p>\n\n\n\n<ul class=\"wp-block-list\">\n<li>pahoinpitely<\/li>\n\n\n\n<li>t\u00f6rke\u00e4 pahoinpitely<\/li>\n\n\n\n<li>tappeluun osallistuminen (vakava vamma)<\/li>\n\n\n\n<li>seksuaalirikokset yleisesti<\/li>\n<\/ul>\n\n\n\n<p>Huom. Liev\u00e4n pahoinpitelyn (yksitt\u00e4inen, v\u00e4h\u00e4inen teko, v\u00e4h\u00e4n tai ei ollenkaan vammoja, esimerkiksi naarmu tai punoitus) suhteen ilmoitusvelvollisuutta poliisille ei ole.<\/p>\n\n\n\n<p>Jokainen ilmoitus k\u00e4sitell\u00e4\u00e4n yhteisty\u00f6ss\u00e4 tarvittavien eri viranomaisten kanssa, kuten poliisin, oppilashuollon ja lastensuojeluhenkil\u00f6st\u00f6n kanssa. Koulussa sovitaan, kuka toimii yhteyshenkil\u00f6n\u00e4 kyseess\u00e4 olevassa asiassa muihin viranomaisiin.<\/p>\n\n\n\n<p>Rikosilmoituksen voi tehd\u00e4 paikan p\u00e4\u00e4ll\u00e4 poliisilaitoksella tai s\u00e4hk\u00f6isesti poliisin internet-sivuilla. Rikosilmoitusta teht\u00e4ess\u00e4 tulee kuvailla mahdollisimman tarkasti, mit\u00e4, miss\u00e4 ja milloin on tapahtunut ja keit\u00e4 asia koskee.<\/p>\n\n\n\n<h2 class=\"wp-block-heading\" id=\"ankkuritoiminta\">Ankkuritoiminta<\/h2>\n\n\n\n<p>Turun ankkuritiimi keskittyy alle 18-vuotiaiden rikolliseen k\u00e4ytt\u00e4ytymiseen ja alaik\u00e4isten rikosten uhrien sek\u00e4 heid\u00e4n perheidens\u00e4 tukemiseen. Lis\u00e4ksi ankkuritiimi ty\u00f6skentelee lapsiperheiden kanssa, joissa esiintyy perhe- ja l\u00e4hisuhdev\u00e4kivaltaa.<\/p>\n\n\n\n<p>Ankkuritiimin tavoitteena on ennalta ehk\u00e4ist\u00e4 syrj\u00e4ytymist\u00e4 sek\u00e4 tavoittaa huolta aiheuttavia nuoria ja ohjata heit\u00e4 oikeiden palvelujen pariin. Toimintaa toteutetaan tiiviiss\u00e4 yhteisty\u00f6ss\u00e4 muiden viranomaisten sek\u00e4 kolmannen sektorin toimijoiden kanssa.<\/p>\n\n\n\n<h3 class=\"wp-block-heading\">Yhteystiedot<\/h3>\n\n\n\n<p>Ankkuripoliisit: ankkuri.tukara.lounais-suomi@poliisi.fi<\/p>\n\n\n\n<p>Whatsapp 050\u202f466 5928<\/p>\n\n\n\n<p>Molempiin voi j\u00e4tt\u00e4\u00e4 soittopyynn\u00f6n<\/p>\n\n\n\n<p>Ankkurin sosiaaliohjaajat- ja ty\u00f6ntekij\u00e4t:<\/p>\n\n\n\n<p>Sosiaality\u00f6ntekij\u00e4: 040\u202f634 1569<\/p>\n\n\n\n<p>Sosiaaliohjaaja: 044\u202f907 2803<\/p>\n\n\n\n<p>Sairaanhoitaja: 040\u202f628 0435<\/p>\n","protected":false},"excerpt":{"rendered":"<p>Poliisi Ilmoitusvelvollisuus poliisille Toimin&#8230;<\/p>\n","protected":false},"author":56,"featured_media":0,"parent":2135,"menu_order":0,"comment_status":"closed","ping_status":"closed","template":"","meta":{"footnotes":""},"class_list":["post-3412","page","type-page","status-publish","hentry"],"_links":{"self":[{"href":"https:\/\/blog.edu.turku.fi\/oppimisen-tuki\/wp-json\/wp\/v2\/pages\/3412","targetHints":{"allow":["GET"]}}],"collection":[{"href":"https:\/\/blog.edu.turku.fi\/oppimisen-tuki\/wp-json\/wp\/v2\/pages"}],"about":[{"href":"https:\/\/blog.edu.turku.fi\/oppimisen-tuki\/wp-json\/wp\/v2\/types\/page"}],"author":[{"embeddable":true,"href":"https:\/\/blog.edu.turku.fi\/oppimisen-tuki\/wp-json\/wp\/v2\/users\/56"}],"replies":[{"embeddable":true,"href":"https:\/\/blog.edu.turku.fi\/oppimisen-tuki\/wp-json\/wp\/v2\/comments?post=3412"}],"version-history":[{"count":4,"href":"https:\/\/blog.edu.turku.fi\/oppimisen-tuki\/wp-json\/wp\/v2\/pages\/3412\/revisions"}],"predecessor-version":[{"id":4593,"href":"https:\/\/blog.edu.turku.fi\/oppimisen-tuki\/wp-json\/wp\/v2\/pages\/3412\/revisions\/4593"}],"up":[{"embeddable":true,"href":"https:\/\/blog.edu.turku.fi\/oppimisen-tuki\/wp-json\/wp\/v2\/pages\/2135"}],"wp:attachment":[{"href":"https:\/\/blog.edu.turku.fi\/oppimisen-tuki\/wp-json\/wp\/v2\/media?parent=3412"}],"curies":[{"name":"wp","href":"https:\/\/api.w.org\/{rel}","templated":true}]}}