{"id":341,"date":"2022-12-13T12:15:41","date_gmt":"2022-12-13T10:15:41","guid":{"rendered":"https:\/\/blog.edu.turku.fi\/oppimisen-tuki\/?page_id=341"},"modified":"2025-11-12T09:51:04","modified_gmt":"2025-11-12T07:51:04","slug":"alueelliset-latu-tyoryhmat","status":"publish","type":"page","link":"https:\/\/blog.edu.turku.fi\/oppimisen-tuki\/koulutusasteet\/varhaiskasvatus\/toimijat\/alueelliset-latu-tyoryhmat\/","title":{"rendered":"Alueelliset LATU-ty\u00f6ryhm\u00e4t"},"content":{"rendered":"<p>Jokaisella varhaiskasvatusalueella on oma alueellinen Lapsen tuen -ty\u00f6ryhm\u00e4 eli LATU-ty\u00f6ryhm\u00e4. LATU-ty\u00f6ryhm\u00e4n teht\u00e4v\u00e4n\u00e4 on valmistella tukea koskevat hallintop\u00e4\u00e4t\u00f6kset varhaiskasvatuksen erityispalvelup\u00e4\u00e4llik\u00f6lle.\u00a0 Erityispalvelup\u00e4\u00e4llikk\u00f6 tekee p\u00e4\u00e4t\u00f6kset LATU-ty\u00f6ryhm\u00e4n esitysten pohjalta.<\/p>\n<p>Varhaiskasvatusalueita on viisi: pohjoinen, it\u00e4inen, etel\u00e4inen, l\u00e4ntinen sek\u00e4 ruotsinkielinen varhaiskasvatusalue. Sama ty\u00f6ryhm\u00e4 k\u00e4sittelee sek\u00e4 oman alueensa kunnallisen ett\u00e4 yksityisen varhaiskasvatuksen tuen p\u00e4\u00e4t\u00f6kset.\u00a0 LATU-ty\u00f6ryhm\u00e4t valmistelevat varhaiskasvatuksen ja esiopetuksen tuen p\u00e4\u00e4t\u00f6kset.<\/p>\n<p>LATU-ty\u00f6ryhm\u00e4\u00e4n kuuluvat aluep\u00e4\u00e4llikk\u00f6 (varalla aluep\u00e4\u00e4llik\u00f6n varahenkil\u00f6) sek\u00e4 kaksi alueellista varhaiskasvatuksen erityisopettajaa. Ty\u00f6ryhm\u00e4t kokoontuvat s\u00e4\u00e4nn\u00f6llisesti.<\/p>\n<p>Lapsen vasun laatimisesta vastaava varhaiskasvatuksen opettaja toimittaa oman alueensa LATU-ty\u00f6ryhm\u00e4lle lapsen tukea koskevan hallintop\u00e4\u00e4t\u00f6ksen valmistelun edellytt\u00e4m\u00e4t pedagogiset asiakirjat ja muut liitteet<\/p>\n<p>LATU-ty\u00f6ryhm\u00e4lle toimitetaan:<\/p>\n<ol>\n<li>Lapsen vasu<\/li>\n<li>Hallintop\u00e4\u00e4t\u00f6sesitys<\/li>\n<li>Huoltajien kuuleminen varhaiskasvatuksessa ja\/tai esiopetuksessa, liite 3<\/li>\n<\/ol>\n\n\n<p><\/p>\n","protected":false},"excerpt":{"rendered":"<p>Jokaisella varhaiskasvatusalueella on oma alueellinen Lapsen tuen -ty\u00f6ryhm\u00e4 eli LATU-ty\u00f6ryhm\u00e4. LATU-ty\u00f6ryhm\u00e4n teht\u00e4v\u00e4n\u00e4 on valmistella tukea koskevat hallintop\u00e4\u00e4t\u00f6kset varhaiskasvatuksen erityispalvelup\u00e4\u00e4llik\u00f6lle.\u00a0 Erityispalvelup\u00e4\u00e4llikk\u00f6 tekee p\u00e4\u00e4t\u00f6&#8230;<\/p>\n","protected":false},"author":56,"featured_media":0,"parent":359,"menu_order":0,"comment_status":"closed","ping_status":"closed","template":"","meta":{"footnotes":""},"class_list":["post-341","page","type-page","status-publish","hentry"],"_links":{"self":[{"href":"https:\/\/blog.edu.turku.fi\/oppimisen-tuki\/wp-json\/wp\/v2\/pages\/341","targetHints":{"allow":["GET"]}}],"collection":[{"href":"https:\/\/blog.edu.turku.fi\/oppimisen-tuki\/wp-json\/wp\/v2\/pages"}],"about":[{"href":"https:\/\/blog.edu.turku.fi\/oppimisen-tuki\/wp-json\/wp\/v2\/types\/page"}],"author":[{"embeddable":true,"href":"https:\/\/blog.edu.turku.fi\/oppimisen-tuki\/wp-json\/wp\/v2\/users\/56"}],"replies":[{"embeddable":true,"href":"https:\/\/blog.edu.turku.fi\/oppimisen-tuki\/wp-json\/wp\/v2\/comments?post=341"}],"version-history":[{"count":4,"href":"https:\/\/blog.edu.turku.fi\/oppimisen-tuki\/wp-json\/wp\/v2\/pages\/341\/revisions"}],"predecessor-version":[{"id":5468,"href":"https:\/\/blog.edu.turku.fi\/oppimisen-tuki\/wp-json\/wp\/v2\/pages\/341\/revisions\/5468"}],"up":[{"embeddable":true,"href":"https:\/\/blog.edu.turku.fi\/oppimisen-tuki\/wp-json\/wp\/v2\/pages\/359"}],"wp:attachment":[{"href":"https:\/\/blog.edu.turku.fi\/oppimisen-tuki\/wp-json\/wp\/v2\/media?parent=341"}],"curies":[{"name":"wp","href":"https:\/\/api.w.org\/{rel}","templated":true}]}}