{"id":3394,"date":"2023-09-13T12:48:53","date_gmt":"2023-09-13T09:48:53","guid":{"rendered":"https:\/\/blog.edu.turku.fi\/oppimisen-tuki\/?page_id=3394"},"modified":"2023-09-13T12:48:53","modified_gmt":"2023-09-13T09:48:53","slug":"turvallinen-opiskeluymparisto","status":"publish","type":"page","link":"https:\/\/blog.edu.turku.fi\/oppimisen-tuki\/koulutusasteet\/perusopetus\/lisatiedot\/turvallinen-koulupaiva\/turvallinen-opiskeluymparisto\/","title":{"rendered":"Turvallinen opiskeluymp\u00e4rist\u00f6"},"content":{"rendered":"<ul>\n<li>Perusopetuslain mukaan opetukseen osallistuvalla on oikeus turvalliseen opiskeluymp\u00e4rist\u00f6\u00f6n.<\/li>\n<li>Kouluilla on omat j\u00e4rjestyss\u00e4\u00e4nt\u00f6ns\u00e4, joilla edistet\u00e4\u00e4n koulun sis\u00e4ist\u00e4 j\u00e4rjestyst\u00e4, opiskelun esteet\u00f6nt\u00e4 sujumista sek\u00e4 kouluyhteis\u00f6n turvallisuutta ja viihtyisyytt\u00e4. Ne on laadittu yhdess\u00e4 koulun henkil\u00f6st\u00f6n, oppilaiden ja huoltajien kanssa ja niit\u00e4 noudatetaan kouluaikana, koulualueella sek\u00e4 koulunk\u00e4yntiin liittyviss\u00e4 tilaisuuksissa ja tapahtumissa.<\/li>\n<li>Kouluilla on my\u00f6s omat ohjeensa siit\u00e4, miten toimitaan \u00e4killisiss\u00e4 kriiseiss\u00e4, uhka- ja vaaratilanteissa.<\/li>\n<li>Oppilaan turvallisuusosaaminen on osa perusopetuksen opetussuunnitelmien perusteita.<\/li>\n<li>Yhteis\u00f6llinen opiskeluhuollon teht\u00e4v\u00e4n\u00e4 on edist\u00e4\u00e4 oppilaiden hyvinvointia ja turvallisuutta antaen heille samalla niihin liittyvi\u00e4 toimintamalleja.<\/li>\n<li>Turvallisuuden kokemus on oppimisen edellytys ja sen kuuluu ihmisen perustarpeisiin.<\/li>\n<li>Oppilaan fyysiseen turvallisuuteen sis\u00e4ltyy oikeus fyysiseen koskemattomuuteen, yksityisyyteen sek\u00e4 turvalliseen kasvu- ja elinymp\u00e4rist\u00f6\u00f6n.<\/li>\n<li>Psyykkiseen turvallisuuteen sis\u00e4ltyv\u00e4t luottamuksellinen ja turvallinen ilmapiiri, mahdollisuus tunteiden ilmaisuun, aikuisten toiminnan johdonmukaisuus ja ennustettavuus sek\u00e4 mahdollisuus saada apua luotettavilta ja turvallisilta aikuisilta. Oppilaiden psyykkist\u00e4 turvallisuutta voidaan edist\u00e4\u00e4 muun muassa vahvistamalla tunnetaitoja ja itsetuntoa.<\/li>\n<li>Sosiaalisesti turvallisessa ymp\u00e4rist\u00f6ss\u00e4 oppilas voi toteuttaa perustarvettaan kuulua joukkoon ja yhteis\u00f6\u00f6n. Mahdollisuus osallistua ja toimia vertaisryhm\u00e4ss\u00e4 ilman pelkoa tulla kiusatuksi tai j\u00e4tetyksi ryhm\u00e4n ulkopuolelle ovat sosiaalisen turvallisuuden kannalta keskeisi\u00e4 tekij\u00f6it\u00e4.<\/li>\n<li>Psyykkist\u00e4 ja sosiaalista turvallisuutta edistet\u00e4\u00e4n my\u00f6s tukemalla ryhm\u00e4ytymist\u00e4 sek\u00e4 varmistamalla, ett\u00e4 jokainen oppilas p\u00e4\u00e4see osalliseksi ryhm\u00e4ss\u00e4, eik\u00e4 tule sosiaalisesti torjutuksi. Opettajan teht\u00e4v\u00e4n\u00e4 on luoda turvallinen ja hyv\u00e4ksyv\u00e4 ilmapiiri luokkaan. Kaveritaitoja voidaan tukea esimerkiksi mahdollistamalla erilaisia sosiaalisia tilanteita leikin ja oppimisen kautta. Oppilaiden psyykkiseen turvallisuuteen voidaan vaikuttaa my\u00f6s oppimisymp\u00e4rist\u00f6n muokkaamisella.<\/li>\n<\/ul>\n<h2>L\u00e4hteet<\/h2>\n<ul>\n<li>Finlex. Perusopetuslaki. Haettu 2023 osoitteesta https:\/\/www.finlex.fi\/fi\/laki\/ajantasa\/1998\/19980628#L7P29<\/li>\n<li>Holopainen, P., J\u00e4rvinen, R., Kuusela, J. ja Packalen, P. 2009. Ty\u00f6rauha tavaksi. Kohtaaminen, toimintakulttuuri ja pedagogiikka koulun arjessa. Edita Prima Oy<\/li>\n<li>Mannerheimin lastensuojeluliitto. Jokaisella lapsella on oikeus turvalliseen kasvuymp\u00e4rist\u00f6\u00f6n. Haettu 2023 osoitteesta https:\/\/www.mll.fi\/blogi\/jokaisella-lapsella-on-oikeus-turvalliseen-kasvuymparistoon\/<\/li>\n<li>Opetushallitus. Psyykkinen turvallisuus. Haettu 2023 osoitteesta https:\/\/www.oph.fi\/fi\/koulutus-ja-tutkinnot\/psyykkinen-turvallisuus<\/li>\n<li>Opetushallitus. Turvallisuusosaaminen. Haettu 2023 osoitteesta https:\/\/www.oph.fi\/fi\/koulutus-ja-tutkinnot\/turvallisuusosaaminen<\/li>\n<li>Sandberg, E. 2021. Pedagoginen tuki perusopetuksessa ja toisella asteella.<\/li>\n<li>Vitka, T. 2018. Laaja-alainen erityisopetus yl\u00e4koulussa.<\/li>\n<\/ul>\n","protected":false},"excerpt":{"rendered":"<p>Perusopetuslain mukaan opetukseen osallistuvalla on oikeus turvalliseen opiskeluymp\u00e4rist\u00f6\u00f6n. Kouluilla on omat j\u00e4rjestyss\u00e4\u00e4nt\u00f6ns\u00e4, joilla edistet\u00e4\u00e4n koulun sis\u00e4ist\u00e4 j\u00e4rjestyst\u00e4, opiskelun esteet\u00f6nt\u00e4 sujumista sek\u00e4 kouluyhteis\u00f6n turvallisuutta ja viihtyisyytt\u00e4. Ne on laadittu yhdess\u00e4 koulun henkil\u00f6st\u00f6n, oppilaiden ja huoltajien kanssa ja niit\u00e4 noudatetaan kouluaikana, koulualueella<\/p>\n","protected":false},"author":56,"featured_media":0,"parent":2135,"menu_order":0,"comment_status":"closed","ping_status":"closed","template":"","meta":{"footnotes":""},"class_list":["post-3394","page","type-page","status-publish","hentry"],"_links":{"self":[{"href":"https:\/\/blog.edu.turku.fi\/oppimisen-tuki\/wp-json\/wp\/v2\/pages\/3394","targetHints":{"allow":["GET"]}}],"collection":[{"href":"https:\/\/blog.edu.turku.fi\/oppimisen-tuki\/wp-json\/wp\/v2\/pages"}],"about":[{"href":"https:\/\/blog.edu.turku.fi\/oppimisen-tuki\/wp-json\/wp\/v2\/types\/page"}],"author":[{"embeddable":true,"href":"https:\/\/blog.edu.turku.fi\/oppimisen-tuki\/wp-json\/wp\/v2\/users\/56"}],"replies":[{"embeddable":true,"href":"https:\/\/blog.edu.turku.fi\/oppimisen-tuki\/wp-json\/wp\/v2\/comments?post=3394"}],"version-history":[{"count":1,"href":"https:\/\/blog.edu.turku.fi\/oppimisen-tuki\/wp-json\/wp\/v2\/pages\/3394\/revisions"}],"predecessor-version":[{"id":3395,"href":"https:\/\/blog.edu.turku.fi\/oppimisen-tuki\/wp-json\/wp\/v2\/pages\/3394\/revisions\/3395"}],"up":[{"embeddable":true,"href":"https:\/\/blog.edu.turku.fi\/oppimisen-tuki\/wp-json\/wp\/v2\/pages\/2135"}],"wp:attachment":[{"href":"https:\/\/blog.edu.turku.fi\/oppimisen-tuki\/wp-json\/wp\/v2\/media?parent=3394"}],"curies":[{"name":"wp","href":"https:\/\/api.w.org\/{rel}","templated":true}]}}