{"id":337,"date":"2022-12-13T12:13:25","date_gmt":"2022-12-13T10:13:25","guid":{"rendered":"https:\/\/blog.edu.turku.fi\/oppimisen-tuki\/?page_id=337"},"modified":"2023-08-14T12:28:37","modified_gmt":"2023-08-14T09:28:37","slug":"helppi-tiimi","status":"publish","type":"page","link":"https:\/\/blog.edu.turku.fi\/oppimisen-tuki\/koulutusasteet\/varhaiskasvatus\/toimijat\/helppi-tiimi\/","title":{"rendered":"Helppi-tiimi"},"content":{"rendered":"<p>Helppi-tiimi on kiert\u00e4v\u00e4 moniammatillinen tiimi, joka ty\u00f6skentelee lapsiryhmien henkil\u00f6kunnan tukena haastavissa tilanteissa ja tukee ryhmien henkil\u00f6st\u00f6\u00e4 k\u00e4yt\u00f6ksell\u00e4\u00e4n oireilevien lasten tukitoimien suunnittelussa ja toteuttamisessa. Tiimin toiminta perustuu inklusiiviseen ajatteluun. Tukea vahvistetaan lapsen omassa varhaiskasvatusryhm\u00e4ss\u00e4 yhteisty\u00f6ss\u00e4 eri toimijoiden kanssa.<\/p>\n<p>Helppi-tiimiss\u00e4 ty\u00f6skentelee erityisopettaja, sosionomi, lastenhoitaja ja toimintaterapeutti. Ty\u00f6skentelyalueena on koko Turun kunnallinen varhaiskasvatus. Tiimi\u00e4 ei lasketa ryhm\u00e4n henkil\u00f6st\u00f6mitoitukseen.<\/p>\n<p>Helppi-tiimin ty\u00f6skentelykohteet valitaan tiimille osoitettujen pyynt\u00f6jen ja tarveharkinnan perusteella. Mik\u00e4li ryhm\u00e4n henkil\u00f6st\u00f6 toivoo Helppi-tiimin tukea ryhm\u00e4\u00e4ns\u00e4, asiasta keskustellaan alueelliseen varhaiskasvatuksen erityisopettajan ja p\u00e4iv\u00e4kodin johtajan kanssa, jotka viev\u00e4t asian eteenp\u00e4in.<\/p>\n<p>Kun tiimi aloittaa uudessa ty\u00f6skentely-yksik\u00f6ss\u00e4, alkaa tukijakso. Tukijakso pit\u00e4\u00e4 sis\u00e4ll\u00e4\u00e4n aloituspalaverin, havainnointijakson ja keskim\u00e4\u00e4rin parin viikon ty\u00f6skentelyjakson kyseisess\u00e4 lapsiryhm\u00e4ss\u00e4. Tukijaksolla tiimin j\u00e4senet ty\u00f6skentelev\u00e4t yhteisty\u00f6ss\u00e4 lapsiryhm\u00e4n oman henkil\u00f6st\u00f6n kanssa. Tiimin j\u00e4senet tukevat henkil\u00f6st\u00f6\u00e4 kehitt\u00e4m\u00e4\u00e4n ryhm\u00e4n struktuureja, ty\u00f6tapoja ja k\u00e4yt\u00e4nt\u00f6j\u00e4, sek\u00e4 mallintavat erilaisia menetelmi\u00e4 lapsiryhm\u00e4n arjessa.<\/p>\n<p>Johtaja ja erityisopettaja seuraavat tukijaksoa ja yhteisty\u00f6ss\u00e4 ryhm\u00e4n henkil\u00f6st\u00f6n kanssa varmistavat hyviksi todettujen menetelmien juurtumisen ja yll\u00e4pit\u00e4misen lapsiryhm\u00e4n arjessa my\u00f6s tukijakson j\u00e4lkeen.<\/p>\n<p><em>Huom. Yksityisen varhaiskasvatuksen palvelutuottaja voi tiedustella vastaavissa haastavissa tilanteissa konsultaatio- ja\/tai tukijaksopalveluita esimerkiksi Oppimis- ja osaamiskeskus Valterista.\u00a0<\/em><\/p>\n<p><iframe loading=\"lazy\" title=\"Turun varhaiskasvatuksen Helppi-tiimi\" width=\"750\" height=\"422\" src=\"https:\/\/www.youtube.com\/embed\/LjlC4NHo5yA?feature=oembed\" frameborder=\"0\" allow=\"accelerometer; autoplay; clipboard-write; encrypted-media; gyroscope; picture-in-picture; web-share\" allowfullscreen><\/iframe><\/p>\n<p>&nbsp;<\/p>\n","protected":false},"excerpt":{"rendered":"<p>Helppi-tiimi on varhaiskasvatuksessa toimiva kiert\u00e4v\u00e4 moniammatillinen tiimi, joka ty\u00f6skentelee p\u00e4iv\u00e4kotien henkil\u00f6kunnan tukena haastavissa tilanteissa. Tiimiss\u00e4 ty\u00f6skentelee erityisopettaja, sosionomi, lastenhoitaja sek\u00e4 toimintaterapeutti. Jokaine&#8230;<\/p>\n","protected":false},"author":56,"featured_media":0,"parent":359,"menu_order":0,"comment_status":"closed","ping_status":"closed","template":"","meta":{"footnotes":""},"class_list":["post-337","page","type-page","status-publish","hentry"],"_links":{"self":[{"href":"https:\/\/blog.edu.turku.fi\/oppimisen-tuki\/wp-json\/wp\/v2\/pages\/337","targetHints":{"allow":["GET"]}}],"collection":[{"href":"https:\/\/blog.edu.turku.fi\/oppimisen-tuki\/wp-json\/wp\/v2\/pages"}],"about":[{"href":"https:\/\/blog.edu.turku.fi\/oppimisen-tuki\/wp-json\/wp\/v2\/types\/page"}],"author":[{"embeddable":true,"href":"https:\/\/blog.edu.turku.fi\/oppimisen-tuki\/wp-json\/wp\/v2\/users\/56"}],"replies":[{"embeddable":true,"href":"https:\/\/blog.edu.turku.fi\/oppimisen-tuki\/wp-json\/wp\/v2\/comments?post=337"}],"version-history":[{"count":9,"href":"https:\/\/blog.edu.turku.fi\/oppimisen-tuki\/wp-json\/wp\/v2\/pages\/337\/revisions"}],"predecessor-version":[{"id":3131,"href":"https:\/\/blog.edu.turku.fi\/oppimisen-tuki\/wp-json\/wp\/v2\/pages\/337\/revisions\/3131"}],"up":[{"embeddable":true,"href":"https:\/\/blog.edu.turku.fi\/oppimisen-tuki\/wp-json\/wp\/v2\/pages\/359"}],"wp:attachment":[{"href":"https:\/\/blog.edu.turku.fi\/oppimisen-tuki\/wp-json\/wp\/v2\/media?parent=337"}],"curies":[{"name":"wp","href":"https:\/\/api.w.org\/{rel}","templated":true}]}}