{"id":335,"date":"2022-12-13T12:12:30","date_gmt":"2022-12-13T10:12:30","guid":{"rendered":"https:\/\/blog.edu.turku.fi\/oppimisen-tuki\/?page_id=335"},"modified":"2023-05-24T15:18:44","modified_gmt":"2023-05-24T12:18:44","slug":"alueellinen-varhaiskasvatuksen-erityisopettaja","status":"publish","type":"page","link":"https:\/\/blog.edu.turku.fi\/oppimisen-tuki\/koulutusasteet\/varhaiskasvatus\/toimijat\/alueellinen-varhaiskasvatuksen-erityisopettaja\/","title":{"rendered":"Alueellinen varhaiskasvatuksen erityisopettaja"},"content":{"rendered":"<ul>\n<li>kehitt\u00e4\u00e4 varhaiskasvatuksen kolmitasoisen tuen ja erityisopetuksen j\u00e4rjestelyj\u00e4, pedagogiikkaa, oppimisymp\u00e4rist\u00f6j\u00e4 ja toimintakulttuuria inklusiivisten periaatteiden ja arvojen (yhdenvertaisuus, tasa-arvo, syrjim\u00e4tt\u00f6myys, jokaisen lapsen sosiaalinen osallisuus ja moninaisuuden arvostaminen) mukaan\u00a0omalla varhaiskasvatusalueellaan, sovituissa varhaiskasvatuksen toimipaikoissa<\/li>\n<li>havainnoi lasten ja lapsiryhmien tuen tarpeita ja ryhmien peruspedagogiikan toteutumista<\/li>\n<li>ohjaa ryhmien henkil\u00f6st\u00f6\u00e4 pedagogisten ja erityispedagogisten ty\u00f6skentelymenetelmien, materiaalien ja apuv\u00e4lineiden k\u00e4ytt\u00e4misess\u00e4<\/li>\n<li>konsultoi lapsiryhmien henkil\u00f6st\u00f6\u00e4 sek\u00e4 huoltajia tuen asioissa<\/li>\n<li>osallistuu lapsen tuen suunnitteluun ja arviointiin tarpeen mukaan<\/li>\n<li>osallistuu sovitusti lapsen vasukeskusteluihin yhdess\u00e4 lapsen varhaiskasvatussuunnitelman laativan opettajan kanssa<\/li>\n<li>on mukana lapsi- ja ryhm\u00e4kohtaisten avustajien avustajasopimuksen laatimisessa ja pedagogisessa ohjauksessa<\/li>\n<li>kuuluu Turun varhaiserityiskasvatuksen tiimiin (VEK-tiimi), joka kehitt\u00e4\u00e4 Turun varhaiserityiskasvatusta ja varhaiskasvatuksen tukea koskevia k\u00e4yt\u00e4nt\u00f6j\u00e4 ja toimintatapoja<\/li>\n<li>toimii Turun kaupungin edustajana yksityisess\u00e4 varhaiskasvatuksessa olevien lasten tukea koskevien p\u00e4\u00e4t\u00f6sten kuulemistilaisuuksissa (huoltajien kuuleminen)<\/li>\n<\/ul>\n","protected":false},"excerpt":{"rendered":"<ul>\n<li>toimii kolmitasoisen tuen ja erityisopetuksen asiantuntijana omalla varhaiskasvatusalueellaan, sovituissa varhaiskasvatuksen toimipaikoissa<\/li>\n<li>havainnoi lasten ja lapsiryhmien tuen tarpeita ja ryhmien peruspedagogiikan toteutumis&#8230;<br \/>\n","protected":false},"author":56,"featured_media":0,"parent":359,"menu_order":0,"comment_status":"closed","ping_status":"closed","template":"","meta":{"footnotes":""},"class_list":["post-335","page","type-page","status-publish","hentry"],"_links":{"self":[{"href":"https:\/\/blog.edu.turku.fi\/oppimisen-tuki\/wp-json\/wp\/v2\/pages\/335","targetHints":{"allow":["GET"]}}],"collection":[{"href":"https:\/\/blog.edu.turku.fi\/oppimisen-tuki\/wp-json\/wp\/v2\/pages"}],"about":[{"href":"https:\/\/blog.edu.turku.fi\/oppimisen-tuki\/wp-json\/wp\/v2\/types\/page"}],"author":[{"embeddable":true,"href":"https:\/\/blog.edu.turku.fi\/oppimisen-tuki\/wp-json\/wp\/v2\/users\/56"}],"replies":[{"embeddable":true,"href":"https:\/\/blog.edu.turku.fi\/oppimisen-tuki\/wp-json\/wp\/v2\/comments?post=335"}],"version-history":[{"count":3,"href":"https:\/\/blog.edu.turku.fi\/oppimisen-tuki\/wp-json\/wp\/v2\/pages\/335\/revisions"}],"predecessor-version":[{"id":1779,"href":"https:\/\/blog.edu.turku.fi\/oppimisen-tuki\/wp-json\/wp\/v2\/pages\/335\/revisions\/1779"}],"up":[{"embeddable":true,"href":"https:\/\/blog.edu.turku.fi\/oppimisen-tuki\/wp-json\/wp\/v2\/pages\/359"}],"wp:attachment":[{"href":"https:\/\/blog.edu.turku.fi\/oppimisen-tuki\/wp-json\/wp\/v2\/media?parent=335"}],"curies":[{"name":"wp","href":"https:\/\/api.w.org\/{rel}","templated":true}]}}