{"id":3346,"date":"2023-09-06T13:27:23","date_gmt":"2023-09-06T10:27:23","guid":{"rendered":"https:\/\/blog.edu.turku.fi\/oppimisen-tuki\/?page_id=3346"},"modified":"2023-11-23T12:48:33","modified_gmt":"2023-11-23T10:48:33","slug":"oppimisen-tuen-suunnittelija","status":"publish","type":"page","link":"https:\/\/blog.edu.turku.fi\/oppimisen-tuki\/koulutusasteet\/ylakoulu\/toimijat\/oppimisen-tuen-suunnittelija\/","title":{"rendered":"Tuen suunnittelija"},"content":{"rendered":"<ul>\n<li>kehitt\u00e4\u00e4 perusopetusta ja sen nivelvaiheita l\u00e4hikouluperiaatteen mukaisesti<\/li>\n<li>perehtyy pedagogisiin selvityksiin ja valmistelee erityisen tuen p\u00e4\u00e4t\u00f6kset esitelt\u00e4v\u00e4ksi erityispalvelup\u00e4\u00e4llik\u00f6lle<\/li>\n<li>konsultoi muun muassa poissaoloista ja pienluokkapaikoista<\/li>\n<li>vastaa oppimisen tuen palvelusivuston perusopetuksen osion p\u00e4ivitt\u00e4misest\u00e4<\/li>\n<\/ul>\n","protected":false},"excerpt":{"rendered":"<p>\u2022 perehtyy pedagogisiin selvityksiin ja valmistelee erityisen tuen p\u00e4\u00e4t\u00f6kset esitelt\u00e4v\u00e4ksi erityispalvelup\u00e4\u00e4llik\u00f6lle \u2022 konsultoi muun muassa poissaoloista ja pienluokkapaikoista&#8230;<\/p>\n","protected":false},"author":56,"featured_media":0,"parent":482,"menu_order":0,"comment_status":"closed","ping_status":"closed","template":"","meta":{"footnotes":""},"class_list":["post-3346","page","type-page","status-publish","hentry"],"_links":{"self":[{"href":"https:\/\/blog.edu.turku.fi\/oppimisen-tuki\/wp-json\/wp\/v2\/pages\/3346","targetHints":{"allow":["GET"]}}],"collection":[{"href":"https:\/\/blog.edu.turku.fi\/oppimisen-tuki\/wp-json\/wp\/v2\/pages"}],"about":[{"href":"https:\/\/blog.edu.turku.fi\/oppimisen-tuki\/wp-json\/wp\/v2\/types\/page"}],"author":[{"embeddable":true,"href":"https:\/\/blog.edu.turku.fi\/oppimisen-tuki\/wp-json\/wp\/v2\/users\/56"}],"replies":[{"embeddable":true,"href":"https:\/\/blog.edu.turku.fi\/oppimisen-tuki\/wp-json\/wp\/v2\/comments?post=3346"}],"version-history":[{"count":5,"href":"https:\/\/blog.edu.turku.fi\/oppimisen-tuki\/wp-json\/wp\/v2\/pages\/3346\/revisions"}],"predecessor-version":[{"id":4237,"href":"https:\/\/blog.edu.turku.fi\/oppimisen-tuki\/wp-json\/wp\/v2\/pages\/3346\/revisions\/4237"}],"up":[{"embeddable":true,"href":"https:\/\/blog.edu.turku.fi\/oppimisen-tuki\/wp-json\/wp\/v2\/pages\/482"}],"wp:attachment":[{"href":"https:\/\/blog.edu.turku.fi\/oppimisen-tuki\/wp-json\/wp\/v2\/media?parent=3346"}],"curies":[{"name":"wp","href":"https:\/\/api.w.org\/{rel}","templated":true}]}}