{"id":333,"date":"2022-12-13T12:11:58","date_gmt":"2022-12-13T10:11:58","guid":{"rendered":"https:\/\/blog.edu.turku.fi\/oppimisen-tuki\/?page_id=333"},"modified":"2023-02-02T16:03:21","modified_gmt":"2023-02-02T14:03:21","slug":"alueellinen-sosionomi","status":"publish","type":"page","link":"https:\/\/blog.edu.turku.fi\/oppimisen-tuki\/koulutusasteet\/varhaiskasvatus\/toimijat\/alueellinen-sosionomi\/","title":{"rendered":"Alueellinen sosionomi"},"content":{"rendered":"<ul>\n<li>ty\u00f6skentelee varhaiskasvatuksessa (p\u00e4iv\u00e4kodit, perhep\u00e4iv\u00e4hoito, avoin varhaiskasvatus) olevien 0\u20135-vuotiaiden lasten huoltajien, perheiden ja henkil\u00f6st\u00f6n kanssa<\/li>\n<li>tukee perheit\u00e4 lapsen ja huoltajan hyvinvointiin, vanhemmuuteen, muuttuviin perhetilanteisiin sek\u00e4 erilaisiin lapsiperhearkeen liittyviss\u00e4 asioissa<\/li>\n<li>antaa matalan kynnyksen keskusteluapua ja palveluohjausta<\/li>\n<li>on huoltajien tavoitettavissa tekstiviestill\u00e4, puhelimitse tai s\u00e4hk\u00f6postitse<\/li>\n<li>sovitut tapaamiset toteutuvat puhelimitse, teamsiss\u00e4 tai varhaiskasvatuksen toimipaikassa<\/li>\n<li>tekee monialaista yhteisty\u00f6t\u00e4 eri tahojen kuten sosiaalitoimen, esiopetuksen kuraattorien ja neuvolan perheohjaajien kanssa.<\/li>\n<li>tekee yhteisty\u00f6t\u00e4 muun henkil\u00f6st\u00f6n kanssa ja konsultoi henkil\u00f6st\u00f6\u00e4 erilaisissa perheiden pulmallisissa tai huolta her\u00e4tt\u00e4viss\u00e4 tilanteissa<\/li>\n<li>osallistuu tarvittaessa pyynn\u00f6st\u00e4 moniammatillisiin tapaamisiin (esim. vasukeskustelu, neuvolapalaveri)<\/li>\n<\/ul>\n<p><em>Huom. Lapsen siirtyess\u00e4 esiopetukseen, alueellisen sosionomin teht\u00e4vi\u00e4 vastaavia teht\u00e4vi\u00e4 hoitaa esiopetuksen kuraattori<\/em><\/p>\n","protected":false},"excerpt":{"rendered":"<ul>\n<li>ty\u00f6skentelee varhaiskasvatuksessa (p\u00e4iv\u00e4kodit, perhep\u00e4iv\u00e4hoito, avoin varhaiskasvatus) olevien 0\u20135-vuotiaiden lasten huoltajien, perheiden ja henkil\u00f6st\u00f6n kanssa\u00a0 tukee perheit\u00e4<\/li>\n<li>lapsen ja huoltajan hyvinvointiin, vanhemmuuteen,&#8230;<br \/>\n","protected":false},"author":56,"featured_media":0,"parent":359,"menu_order":0,"comment_status":"closed","ping_status":"closed","template":"","meta":{"footnotes":""},"class_list":["post-333","page","type-page","status-publish","hentry"],"_links":{"self":[{"href":"https:\/\/blog.edu.turku.fi\/oppimisen-tuki\/wp-json\/wp\/v2\/pages\/333","targetHints":{"allow":["GET"]}}],"collection":[{"href":"https:\/\/blog.edu.turku.fi\/oppimisen-tuki\/wp-json\/wp\/v2\/pages"}],"about":[{"href":"https:\/\/blog.edu.turku.fi\/oppimisen-tuki\/wp-json\/wp\/v2\/types\/page"}],"author":[{"embeddable":true,"href":"https:\/\/blog.edu.turku.fi\/oppimisen-tuki\/wp-json\/wp\/v2\/users\/56"}],"replies":[{"embeddable":true,"href":"https:\/\/blog.edu.turku.fi\/oppimisen-tuki\/wp-json\/wp\/v2\/comments?post=333"}],"version-history":[{"count":5,"href":"https:\/\/blog.edu.turku.fi\/oppimisen-tuki\/wp-json\/wp\/v2\/pages\/333\/revisions"}],"predecessor-version":[{"id":662,"href":"https:\/\/blog.edu.turku.fi\/oppimisen-tuki\/wp-json\/wp\/v2\/pages\/333\/revisions\/662"}],"up":[{"embeddable":true,"href":"https:\/\/blog.edu.turku.fi\/oppimisen-tuki\/wp-json\/wp\/v2\/pages\/359"}],"wp:attachment":[{"href":"https:\/\/blog.edu.turku.fi\/oppimisen-tuki\/wp-json\/wp\/v2\/media?parent=333"}],"curies":[{"name":"wp","href":"https:\/\/api.w.org\/{rel}","templated":true}]}}