{"id":327,"date":"2022-12-13T12:08:33","date_gmt":"2022-12-13T10:08:33","guid":{"rendered":"https:\/\/blog.edu.turku.fi\/oppimisen-tuki\/?page_id=327"},"modified":"2023-11-13T10:36:03","modified_gmt":"2023-11-13T08:36:03","slug":"varhaiskasvatuksen-opettaja","status":"publish","type":"page","link":"https:\/\/blog.edu.turku.fi\/oppimisen-tuki\/koulutusasteet\/varhaiskasvatus\/toimijat\/varhaiskasvatuksen-opettaja\/","title":{"rendered":"Varhaiskasvatuksen opettaja"},"content":{"rendered":"<ul>\n<li>johtaa ryhm\u00e4n pedagogiikkaa ja toimintakulttuuria inklusiivisten periaatteiden ja arvojen (yhdenvertaisuus, tasa-arvo, syrjim\u00e4tt\u00f6myys, jokaisen lapsen sosiaalinen osallisuus ja moninaisuuden arvostaminen) mukaan<\/li>\n<li>havainnoi lasten toimintaa ja tuen tarpeita, sek\u00e4 suunnittelee struktuurit ja ty\u00f6tavat, jotka tukevat lapsia varhaiskasvatuksessa<\/li>\n<li>huolehtii, ett\u00e4 lasten tukitoimet aloitetaan lapsiryhm\u00e4ss\u00e4 viivytyksett\u00e4, heti kun tuen tarve on havaittu<\/li>\n<li>arvioi ja kehitt\u00e4\u00e4 ryhm\u00e4n toimintaa lasten yksil\u00f6lliset tuen tarpeet huomioiden<\/li>\n<li>vastaa oman ryhm\u00e4ns\u00e4 lapsille annettavasta S2-opetuksesta yhteisty\u00f6ss\u00e4 kieli- ja kulttuuriopettajan kanssa<\/li>\n<li>edist\u00e4\u00e4 jokaisen tiimin j\u00e4senen osaamisen ja ammattitaidon hy\u00f6dynt\u00e4mist\u00e4 lasten tuen j\u00e4rjestelyiss\u00e4<\/li>\n<li>vastaa lapsen varhaiskasvatussuunnitelman ja muiden pedagogisten asiakirjojen laatimisesta<\/li>\n<li>vastaa monialaisesta yhteisty\u00f6st\u00e4 lapsen tukeen ja hyvinvointiin liittyviss\u00e4 asioissa<\/li>\n<li>ohjaa tarvittaessa huoltajia hakemaan apua, tukea tai tutkimuksia esimerkiksi neuvolasta tai perheneuvolasta<\/li>\n<li>osallistuu sovittuihin palavereihin, kirjoittaa ja t\u00e4ytt\u00e4\u00e4 tarvittavat selvitykset ja lomakkeet hoitavalle tai tutkivalle taholle<\/li>\n<\/ul>\n","protected":false},"excerpt":{"rendered":"<p>johtaa ryhm\u00e4n pedagogiikkaa ja toimintakulttuuria inklusiivisten periaatteiden ja arvojen (yhdenvertaisuus, tasa-arvo, syrjim\u00e4tt\u00f6myys, jokaisen lapsen sosiaalinen osallisuus ja moninaisuuden arvostaminen) mukaan havainnoi last&#8230;<\/p>\n","protected":false},"author":56,"featured_media":0,"parent":359,"menu_order":0,"comment_status":"closed","ping_status":"closed","template":"","meta":{"footnotes":""},"class_list":["post-327","page","type-page","status-publish","hentry"],"_links":{"self":[{"href":"https:\/\/blog.edu.turku.fi\/oppimisen-tuki\/wp-json\/wp\/v2\/pages\/327","targetHints":{"allow":["GET"]}}],"collection":[{"href":"https:\/\/blog.edu.turku.fi\/oppimisen-tuki\/wp-json\/wp\/v2\/pages"}],"about":[{"href":"https:\/\/blog.edu.turku.fi\/oppimisen-tuki\/wp-json\/wp\/v2\/types\/page"}],"author":[{"embeddable":true,"href":"https:\/\/blog.edu.turku.fi\/oppimisen-tuki\/wp-json\/wp\/v2\/users\/56"}],"replies":[{"embeddable":true,"href":"https:\/\/blog.edu.turku.fi\/oppimisen-tuki\/wp-json\/wp\/v2\/comments?post=327"}],"version-history":[{"count":4,"href":"https:\/\/blog.edu.turku.fi\/oppimisen-tuki\/wp-json\/wp\/v2\/pages\/327\/revisions"}],"predecessor-version":[{"id":4191,"href":"https:\/\/blog.edu.turku.fi\/oppimisen-tuki\/wp-json\/wp\/v2\/pages\/327\/revisions\/4191"}],"up":[{"embeddable":true,"href":"https:\/\/blog.edu.turku.fi\/oppimisen-tuki\/wp-json\/wp\/v2\/pages\/359"}],"wp:attachment":[{"href":"https:\/\/blog.edu.turku.fi\/oppimisen-tuki\/wp-json\/wp\/v2\/media?parent=327"}],"curies":[{"name":"wp","href":"https:\/\/api.w.org\/{rel}","templated":true}]}}