{"id":325,"date":"2022-12-13T12:07:34","date_gmt":"2022-12-13T10:07:34","guid":{"rendered":"https:\/\/blog.edu.turku.fi\/oppimisen-tuki\/?page_id=325"},"modified":"2022-12-13T13:30:12","modified_gmt":"2022-12-13T11:30:12","slug":"lastenhoitaja","status":"publish","type":"page","link":"https:\/\/blog.edu.turku.fi\/oppimisen-tuki\/koulutusasteet\/varhaiskasvatus\/toimijat\/lastenhoitaja\/","title":{"rendered":"Varhaiskasvatuksen lastenhoitaja"},"content":{"rendered":"<ul>\n<li>toteuttaa ryhm\u00e4n varhaiskasvatusta inklusiivisten periaatteiden ja arvojen (yhdenvertaisuus, tasa-arvo, syrjim\u00e4tt\u00f6myys, jokaisen lapsen sosiaalinen osallisuus ja moninaisuuden arvostaminen) mukaan<\/li>\n<li>luo fyysisesti, psyykkisesti sek\u00e4 sosiaalisesti turvallista, kannustavaa ja my\u00f6nteist\u00e4 vuorovaikutusilmapiiri\u00e4 lapsiryhm\u00e4\u00e4n<\/li>\n<li>k\u00e4ytt\u00e4\u00e4 ty\u00f6ss\u00e4\u00e4n sensitiivisi\u00e4 ja saavutettavia vuorovaikutus- ja kommunikointitapoja<\/li>\n<li>tukee ja rikastaa leikki\u00e4 sek\u00e4 kehitt\u00e4\u00e4 ja yll\u00e4pit\u00e4\u00e4 varhaiskasvatuksen oppimisymp\u00e4rist\u00f6j\u00e4<\/li>\n<li>osallistuu lapsiryhm\u00e4n toiminnan ja lasten tukitoimien suunnitteluun ja arviointiin<\/li>\n<li>huolehtii lasten tarvitseman tuen toteutumisesta lapsen varhaiskasvatusp\u00e4iv\u00e4n aikana kaikissa eri tilanteissa<\/li>\n<li>tuo oman ammatillisen osaamisensa lasten hoidollisen tuen suunnitteluun ja toteutukseen (esim. pitk\u00e4aikaissairauksien hoito, l\u00e4\u00e4kitys, ruokavalio ja liikkumiseen liittyv\u00e4t avustamisen tarpeet ja apuv\u00e4lineet)<\/li>\n<li>tekee p\u00e4ivitt\u00e4ist\u00e4 yhteisty\u00f6t\u00e4 lasten huoltajien kanssa<\/li>\n<li>tekee sovitusti monialaista ja moniammatillista yhteisty\u00f6t\u00e4 eri asiantuntijatahojen kanssa<\/li>\n<\/ul>\n","protected":false},"excerpt":{"rendered":"<ul>\n<li>toteuttaa ryhm\u00e4n varhaiskasvatusta inklusiivisten periaatteiden ja arvojen (yhdenvertaisuus, tasa-arvo, syrjim\u00e4tt\u00f6myys, jokaisen lapsen sosiaalinen osallisuus ja moninaisuuden arvostaminen) mukaan<\/li>\n<li>luo fyysisesti, psyykkisesti &#8230;<br \/>\n","protected":false},"author":56,"featured_media":0,"parent":359,"menu_order":0,"comment_status":"closed","ping_status":"closed","template":"","meta":{"footnotes":""},"class_list":["post-325","page","type-page","status-publish","hentry"],"_links":{"self":[{"href":"https:\/\/blog.edu.turku.fi\/oppimisen-tuki\/wp-json\/wp\/v2\/pages\/325","targetHints":{"allow":["GET"]}}],"collection":[{"href":"https:\/\/blog.edu.turku.fi\/oppimisen-tuki\/wp-json\/wp\/v2\/pages"}],"about":[{"href":"https:\/\/blog.edu.turku.fi\/oppimisen-tuki\/wp-json\/wp\/v2\/types\/page"}],"author":[{"embeddable":true,"href":"https:\/\/blog.edu.turku.fi\/oppimisen-tuki\/wp-json\/wp\/v2\/users\/56"}],"replies":[{"embeddable":true,"href":"https:\/\/blog.edu.turku.fi\/oppimisen-tuki\/wp-json\/wp\/v2\/comments?post=325"}],"version-history":[{"count":2,"href":"https:\/\/blog.edu.turku.fi\/oppimisen-tuki\/wp-json\/wp\/v2\/pages\/325\/revisions"}],"predecessor-version":[{"id":377,"href":"https:\/\/blog.edu.turku.fi\/oppimisen-tuki\/wp-json\/wp\/v2\/pages\/325\/revisions\/377"}],"up":[{"embeddable":true,"href":"https:\/\/blog.edu.turku.fi\/oppimisen-tuki\/wp-json\/wp\/v2\/pages\/359"}],"wp:attachment":[{"href":"https:\/\/blog.edu.turku.fi\/oppimisen-tuki\/wp-json\/wp\/v2\/media?parent=325"}],"curies":[{"name":"wp","href":"https:\/\/api.w.org\/{rel}","templated":true}]}}