{"id":323,"date":"2022-12-13T09:28:39","date_gmt":"2022-12-13T07:28:39","guid":{"rendered":"https:\/\/blog.edu.turku.fi\/oppimisen-tuki\/?page_id=323"},"modified":"2025-11-11T14:20:19","modified_gmt":"2025-11-11T12:20:19","slug":"erityisopettaja","status":"publish","type":"page","link":"https:\/\/blog.edu.turku.fi\/oppimisen-tuki\/koulutusasteet\/varhaiskasvatus\/toimijat\/erityisopettaja\/","title":{"rendered":"Varhaiskasvatuksen erityisopettaja (ryhm\u00e4ss\u00e4 ty\u00f6skentelev\u00e4)"},"content":{"rendered":"<ul>\n<li>johtaa alueellisen integroidun ryhm\u00e4n pedagogiikkaa ja toimintakulttuuria inklusiivisten periaatteiden ja arvojen (yhdenvertaisuus, tasa-arvo, syrjim\u00e4tt\u00f6myys, jokaisen lapsen sosiaalinen osallisuus ja moninaisuuden arvostaminen) mukaan<\/li>\n<li>antaa kokoaikaista erityisopetusta ryhm\u00e4ss\u00e4 oleville vahvempaa tukea tarvitseville lapsille<\/li>\n<li>toimii tiimiss\u00e4 erityispedagogiikan asiantuntijana ja mallintaa pedagogisia ja erityispedagogisia ty\u00f6tapoja tiimin j\u00e4senille<\/li>\n<li>havainnoi lasten toimintaa ja tuen tarpeita, sek\u00e4 suunnittelee struktuurit ja ty\u00f6tavat, jotka tukevat lapsia<\/li>\n<li>huolehtii, ett\u00e4 lasten tukitoimet aloitetaan lapsiryhm\u00e4ss\u00e4 viivytyksett\u00e4, heti kun tuen tarve on havaittu<\/li>\n<li>arvioi ja kehitt\u00e4\u00e4 ryhm\u00e4n toimintaa lasten yksil\u00f6lliset tuen tarpeet huomioiden<\/li>\n<li>vastaa oman ryhm\u00e4ns\u00e4 4-vuotialle lapsille annettavasta S2-opetuksesta ryhm\u00e4n varhaiskasvatuksen opettajan kanssa sovitun ty\u00f6njaon mukaisesti<\/li>\n<li>edist\u00e4\u00e4 jokaisen tiimin j\u00e4senen osaamisen ja ammattitaidon hy\u00f6dynt\u00e4mist\u00e4 lasten tuen j\u00e4rjestelyiss\u00e4<\/li>\n<li>vastaa lapsen varhaiskasvatussuunnitelman ja muiden pedagogisten asiakirjojen laatimisesta sek\u00e4 huoltajien kuulemisesta tukea koskevien hallintop\u00e4\u00e4t\u00f6sten yhteydess\u00e4<\/li>\n<li>tekee monialaista yhteisty\u00f6t\u00e4 lapsen tukeen ja hyvinvointiin liittyviss\u00e4 asioissa<\/li>\n<li>ohjaa tarvittaessa huoltajia hakemaan apua, tukea tai tutkimuksia esimerkiksi neuvolasta tai perheneuvolasta<\/li>\n<li>osallistuu sovittuihin palavereihin, kirjoittaa tarvittavat selvitykset ja lomakkeet hoitaville tai tutkiville tahoille<\/li>\n<\/ul>\n","protected":false},"excerpt":{"rendered":"<ul>\n<li>johtaa alueellisen integroidun ryhm\u00e4n pedagogiikkaa ja toimintakulttuuria inklusiivisten periaatteiden ja arvojen (yhdenvertaisuus, tasa-arvo, syrjim\u00e4tt\u00f6myys, jokaisen lapsen sosiaalinen<\/li>\n<li>osallisuus ja moninaisuuden arvostamine&#8230;<br \/>\n","protected":false},"author":56,"featured_media":0,"parent":359,"menu_order":0,"comment_status":"closed","ping_status":"closed","template":"","meta":{"footnotes":""},"class_list":["post-323","page","type-page","status-publish","hentry"],"_links":{"self":[{"href":"https:\/\/blog.edu.turku.fi\/oppimisen-tuki\/wp-json\/wp\/v2\/pages\/323","targetHints":{"allow":["GET"]}}],"collection":[{"href":"https:\/\/blog.edu.turku.fi\/oppimisen-tuki\/wp-json\/wp\/v2\/pages"}],"about":[{"href":"https:\/\/blog.edu.turku.fi\/oppimisen-tuki\/wp-json\/wp\/v2\/types\/page"}],"author":[{"embeddable":true,"href":"https:\/\/blog.edu.turku.fi\/oppimisen-tuki\/wp-json\/wp\/v2\/users\/56"}],"replies":[{"embeddable":true,"href":"https:\/\/blog.edu.turku.fi\/oppimisen-tuki\/wp-json\/wp\/v2\/comments?post=323"}],"version-history":[{"count":4,"href":"https:\/\/blog.edu.turku.fi\/oppimisen-tuki\/wp-json\/wp\/v2\/pages\/323\/revisions"}],"predecessor-version":[{"id":5444,"href":"https:\/\/blog.edu.turku.fi\/oppimisen-tuki\/wp-json\/wp\/v2\/pages\/323\/revisions\/5444"}],"up":[{"embeddable":true,"href":"https:\/\/blog.edu.turku.fi\/oppimisen-tuki\/wp-json\/wp\/v2\/pages\/359"}],"wp:attachment":[{"href":"https:\/\/blog.edu.turku.fi\/oppimisen-tuki\/wp-json\/wp\/v2\/media?parent=323"}],"curies":[{"name":"wp","href":"https:\/\/api.w.org\/{rel}","templated":true}]}}