{"id":320,"date":"2022-12-13T09:26:53","date_gmt":"2022-12-13T07:26:53","guid":{"rendered":"https:\/\/blog.edu.turku.fi\/oppimisen-tuki\/?page_id=320"},"modified":"2023-04-25T08:59:29","modified_gmt":"2023-04-25T05:59:29","slug":"avustaja","status":"publish","type":"page","link":"https:\/\/blog.edu.turku.fi\/oppimisen-tuki\/koulutusasteet\/varhaiskasvatus\/toimijat\/avustaja\/","title":{"rendered":"Varhaiskasvatuksen avustaja"},"content":{"rendered":"<ul>\n<li>avustaja tukee lasta tai lapsia ryhm\u00e4ss\u00e4 sek\u00e4 mahdollistaa heid\u00e4n osallistumisensa toimintaan<\/li>\n<li><em>ryhm\u00e4kohtainen avustaja<\/em> osoitetaan lapsiryhm\u00e4\u00e4n useamman lapsen varhaiskasvatuksen tuen j\u00e4rjest\u00e4miseksi<\/li>\n<li><em>lapsikohtainen avustaja<\/em> osoitetaan lapsiryhm\u00e4\u00e4n yksitt\u00e4isen lapsen tuen tarpeiden vuoksi<\/li>\n<li>avustajan vastuut lapsen tuen toteutuksessa sovitaan tiimin yhteisesti tekem\u00e4ss\u00e4 avustajasopimuksessa. Sopimuksen laatimisesta vastaa p\u00e4iv\u00e4kodin johtaja<\/li>\n<li>avustaja osallistuu yhteisty\u00f6h\u00f6n lasten huoltajien, varhaiskasvatuksen erityisopettajan ja muiden asiantuntijatahojen kanssa.<\/li>\n<li>avustajien teht\u00e4vien m\u00e4\u00e4rittely\u00e4 ja sijoittumista ohjaavat lasten ja ryhmien yksil\u00f6lliset ja vaihtelevat tarpeet<\/li>\n<li>avustajaa ei lasketa p\u00e4iv\u00e4kodin henkil\u00f6st\u00f6mitoitukseen<\/li>\n<\/ul>\n<table class=\"kasitekaavio\">\n<tbody>\n<tr>\n<td>Avustaja<\/td>\n<\/tr>\n<tr>\n<td>Mahdollistaa lasten\/lapsen osallistumisen ryhm\u00e4n toimintaan<\/td>\n<\/tr>\n<tr>\n<td>Harkinnanvarainen lis\u00e4resurssi tiimiss\u00e4<\/td>\n<\/tr>\n<tr>\n<td>Tukee lapsia\/lasta ryhm\u00e4ss\u00e4<\/td>\n<\/tr>\n<tr>\n<td>Yhteisty\u00f6 muiden huoltajien ja muiden tahojen kanssa<\/td>\n<\/tr>\n<\/tbody>\n<\/table>\n","protected":false},"excerpt":{"rendered":"<p>Avustajasopimus ja liite<\/p>\n<ul>\n<li>avustajan teht\u00e4v\u00e4n\u00e4 on tukea lasta tai lapsia ryhm\u00e4ss\u00e4 sek\u00e4 mahdollistaa heid\u00e4n osallistumisensa toimintaan<\/li>\n<li>ryhm\u00e4kohtainen avustaja osoitetaan lapsiryhm\u00e4\u00e4n useamman lapsen varhaiskasvatuksen tuen j\u00e4rj&#8230;<br \/>\n","protected":false},"author":56,"featured_media":0,"parent":359,"menu_order":0,"comment_status":"closed","ping_status":"closed","template":"","meta":{"footnotes":""},"class_list":["post-320","page","type-page","status-publish","hentry"],"_links":{"self":[{"href":"https:\/\/blog.edu.turku.fi\/oppimisen-tuki\/wp-json\/wp\/v2\/pages\/320","targetHints":{"allow":["GET"]}}],"collection":[{"href":"https:\/\/blog.edu.turku.fi\/oppimisen-tuki\/wp-json\/wp\/v2\/pages"}],"about":[{"href":"https:\/\/blog.edu.turku.fi\/oppimisen-tuki\/wp-json\/wp\/v2\/types\/page"}],"author":[{"embeddable":true,"href":"https:\/\/blog.edu.turku.fi\/oppimisen-tuki\/wp-json\/wp\/v2\/users\/56"}],"replies":[{"embeddable":true,"href":"https:\/\/blog.edu.turku.fi\/oppimisen-tuki\/wp-json\/wp\/v2\/comments?post=320"}],"version-history":[{"count":7,"href":"https:\/\/blog.edu.turku.fi\/oppimisen-tuki\/wp-json\/wp\/v2\/pages\/320\/revisions"}],"predecessor-version":[{"id":999,"href":"https:\/\/blog.edu.turku.fi\/oppimisen-tuki\/wp-json\/wp\/v2\/pages\/320\/revisions\/999"}],"up":[{"embeddable":true,"href":"https:\/\/blog.edu.turku.fi\/oppimisen-tuki\/wp-json\/wp\/v2\/pages\/359"}],"wp:attachment":[{"href":"https:\/\/blog.edu.turku.fi\/oppimisen-tuki\/wp-json\/wp\/v2\/media?parent=320"}],"curies":[{"name":"wp","href":"https:\/\/api.w.org\/{rel}","templated":true}]}}